{"id":2005,"date":"2024-11-01T11:05:32","date_gmt":"2024-11-01T03:05:32","guid":{"rendered":"https:\/\/bogonglaser.com\/?post_type=product&#038;p=2005"},"modified":"2024-11-29T17:22:00","modified_gmt":"2024-11-29T09:22:00","slug":"bevel-fiber-laser-cutting-machine-groove-cutting-chamfering-by-fiber-laser-cutter","status":"publish","type":"product","link":"https:\/\/www.bogonglazer.com\/cs\/produkt\/bevel-fiber-laser-cutting-machine-groove-cutting-chamfering-by-fiber-laser-cutter\/","title":{"rendered":"Fiber Laser Cutting Machine | \u0158ez\u00e1n\u00ed dr\u00e1\u017eek, zkosen\u00ed vl\u00e1knov\u00fdm laserem"},"content":{"rendered":"<div class=\"wpb-content-wrapper\"><div class=\"vc_row wpb_row vc_row-fluid\"><div class=\"wpb_column vc_column_container vc_col-sm-12\"><div class=\"vc_column-inner\"><div class=\"wpb_wrapper\">\n\t<div class=\"wpb_text_column wpb_content_element\" >\n\t\t<div class=\"wpb_wrapper\">\n\t\t\t<h1>Bevel Laser Cutting Machine<\/h1>\n<p>Bevel cutting demands a precise understanding of both the laser machine and the cutting processes involved. Achieving the required quality of precision necessitates careful attention to corners, lead-ins, and run-outs, which must be executed in a specific sequence. The programming of the cut parts also plays a critical role in maintaining accuracy, requiring special auxiliary functions to configure the software for precision bevel cutting.<\/p>\n<p>BOGONG Cutting Systems offers a range of bevel-cutting units tailored for various cutting applications,The automatic systems are fully controlled and require no manual adjustments, ensuring consistent performance.<\/p>\n\n\t\t<\/div>\n\t<\/div>\n<\/div><\/div><\/div><\/div><div class=\"vc_row wpb_row vc_row-fluid\"><div class=\"wpb_column vc_column_container vc_col-sm-12\"><div class=\"vc_column-inner\"><div class=\"wpb_wrapper\">\n\t<div class=\"wpb_text_column wpb_content_element\" >\n\t\t<div class=\"wpb_wrapper\">\n\t\t\t<div class=\"sub-header-divs\">\n<h3>Performance<\/h3>\n<\/div>\n<ul>\n<li>Laser Medium &#8211; Solid state CW 1070nm Fiber Laser<\/li>\n<li>Laser Power &#8211;\u00a0 6000W -40000W Fiber Source Options<\/li>\n<li>Power &#8211; <strong>\u00a0380V 3 Phase<\/strong><\/li>\n<li>Positioning accuracy &#8211; \u2264\u00b10.03mm<\/li>\n<li>Repeatability accuracy &#8211; \u2264\u00b10.02mm<\/li>\n<\/ul>\n<div class=\"sub-header-divs\">\n<h3>System<\/h3>\n<\/div>\n<ul>\n<li>Driving System &#8211; Closed Loop Servo<\/li>\n<li>Cooling Mode &#8211; Refrigerated Water<\/li>\n<\/ul>\n\n\t\t<\/div>\n\t<\/div>\n<\/div><\/div><\/div><\/div><div class=\"vc_row wpb_row vc_row-fluid\"><div class=\"wpb_column vc_column_container vc_col-sm-12\"><div class=\"vc_column-inner\"><div class=\"wpb_wrapper\">\n\t<div class=\"wpb_text_column wpb_content_element\" >\n\t\t<div class=\"wpb_wrapper\">\n\t\t\t<p>Our metal plate bevel laser cutting machine breaks away from the traditional 0\u00b0 straight cutting, allowing for precise bevel cuts up to 45\u00b0 on flat surfaces. This machine efficiently handles various bevel designs, including V, X, and Y shapes, completing cutting and milling processes in a single operation. As a result, you get parts with exceptional dimensional accuracy and surface quality, which significantly boosts efficiency, ensures high quality, and conserves resources.<\/p>\n<p>If you&#8217;d like more information or want to inquire about the price of our bevel fiber laser cutting machine, feel free to reach out via email!<\/p>\n\n\t\t<\/div>\n\t<\/div>\n<\/div><\/div><\/div><\/div><div class=\"vc_row wpb_row vc_row-fluid\"><div class=\"wpb_column vc_column_container vc_col-sm-12\"><div class=\"vc_column-inner\"><div class=\"wpb_wrapper\">\n\t<div class=\"wpb_video_widget wpb_content_element vc_clearfix   vc_video-aspect-ratio-169 vc_video-el-width-80 vc_video-align-left\" >\n\t\t<div class=\"wpb_wrapper\">\n\t\t\t<h2 class=\"wpb_heading wpb_video_heading\">Bevel laser cutting show<\/h2>\n\t\t\t<div class=\"wpb_video_wrapper\"><iframe loading=\"lazy\" title=\"BEVEL CUTTING by Fiber Laser Cutting Machine | Groove Cutting, Chamfering by fiber laser cutter\" width=\"500\" height=\"281\" src=\"https:\/\/www.youtube.com\/embed\/2ejtVyjr7UY?feature=oembed\" frameborder=\"0\" allow=\"accelerometer; autoplay; clipboard-write; encrypted-media; gyroscope; picture-in-picture; web-share\" referrerpolicy=\"strict-origin-when-cross-origin\" allowfullscreen><\/iframe><\/div>\n\t\t<\/div>\n\t<\/div>\n<\/div><\/div><\/div><\/div><div class=\"vc_row wpb_row vc_row-fluid\"><div class=\"wpb_column vc_column_container vc_col-sm-12\"><div class=\"vc_column-inner\"><div class=\"wpb_wrapper\">\n\t<div class=\"wpb_text_column wpb_content_element\" >\n\t\t<div class=\"wpb_wrapper\">\n\t\t\t<p>Achieve perfect bevels in a single pass with our advanced cutting technology! Our machine can perform \u00b145\u00b0 bevel cutting, providing an exceptional fit for welding. The cut-offs produced are ideal for zero gap welding, eliminating the need for extra cutting or grinding. This results in a remarkable 75% increase in efficiency compared to traditional metal cutters.<\/p>\n<p>Our powerful bevel cutting head features a sophisticated three-dimensional five-axis control system, allowing for precise angle control and delivering high-quality bevel cuts every time.<\/p>\n<p>You&#8217;ll also appreciate the benefits of oblique perforation, which leads to precise positioning after perforation and enhances overall cutting efficiency.<\/p>\n\n\t\t<\/div>\n\t<\/div>\n<\/div><\/div><\/div><\/div><div class=\"vc_row wpb_row vc_row-fluid\"><div class=\"wpb_column vc_column_container vc_col-sm-12\"><div class=\"vc_column-inner\"><div class=\"wpb_wrapper\">\n\t<div class=\"wpb_text_column wpb_content_element\" >\n\t\t<div class=\"wpb_wrapper\">\n\t\t\t<p>**Pro\u010d si vybrat BOGONG LASER**<\/p>\n<p>Spole\u010dnost BOGONG je zn\u00e1m\u00e1 kvalitou laserov\u00fdch za\u0159\u00edzen\u00ed a poprodejn\u00edm servisem.Na\u0161e stroje jsou v\u0161estrann\u00e9 a u\u017eivatelsky p\u0159\u00edv\u011btiv\u00e9, navr\u017een\u00e9 s ohledem na v\u0161echny \u00farovn\u011b dovednost\u00ed. Na\u0161\u00ed prioritou je p\u0159edev\u0161\u00edm spokojenost z\u00e1kazn\u00edk\u016f. A\u0165 u\u017e jste zku\u0161en\u00fd odborn\u00edk, nebo za\u010d\u00e1te\u010dn\u00edk, spole\u010dnost BOGONG LASER je zde, aby v\u00e1s podpo\u0159ila na ka\u017ed\u00e9m kroku. D\u016fv\u011b\u0159ujte n\u00e1m a na\u0161im slu\u017eb\u00e1m, kde se spojuje dokonalost a inovace pro v\u00e1\u0161 \u00fasp\u011bch.<\/p>\n\n\t\t<\/div>\n\t<\/div>\n<\/div><\/div><\/div><\/div>\n<\/div>","protected":false},"excerpt":{"rendered":"<p>The bevel fiber laser cutting machine simplifies the metal bevel cutting &#8230; <\/p>","protected":false},"featured_media":2007,"template":"","meta":[],"product_brand":[],"product_cat":[117,92,118],"product_tag":[105,106],"class_list":{"0":"post-2005","1":"product","2":"type-product","3":"status-publish","4":"has-post-thumbnail","6":"product_cat-fiber-laser-cutting-machine","7":"product_cat-laser-cutting-machine","8":"product_cat-laser-metal-cutting-machine","9":"product_tag-fiber-laser-cutting-machine","10":"product_tag-laser-cutting-machine","12":"first","13":"instock","14":"shipping-taxable","15":"product-type-simple"},"yoast_head":"<!-- This site is optimized with the Yoast SEO plugin v26.7 - https:\/\/yoast.com\/wordpress\/plugins\/seo\/ -->\n<title>Bevel Fiber Laser Cutting Machine | Groove Cutting, Chamfering by fiber laser cutter - BOGONG LASER\u00ae<\/title>\n<meta name=\"robots\" content=\"index, follow, max-snippet:-1, max-image-preview:large, max-video-preview:-1\" \/>\n<link rel=\"canonical\" href=\"https:\/\/www.bogonglazer.com\/cs\/produkt\/bevel-fiber-laser-cutting-machine-groove-cutting-chamfering-by-fiber-laser-cutter\/\" \/>\n<meta property=\"og:locale\" content=\"cs_CZ\" \/>\n<meta property=\"og:type\" content=\"article\" \/>\n<meta property=\"og:title\" content=\"Bevel Fiber Laser Cutting Machine | Groove Cutting, Chamfering by fiber laser cutter - BOGONG LASER\u00ae\" \/>\n<meta property=\"og:description\" content=\"The bevel fiber laser cutting machine simplifies the metal bevel cutting ...\" \/>\n<meta property=\"og:url\" content=\"https:\/\/www.bogonglazer.com\/cs\/produkt\/bevel-fiber-laser-cutting-machine-groove-cutting-chamfering-by-fiber-laser-cutter\/\" \/>\n<meta property=\"og:site_name\" content=\"BOGONG LASER\u00ae\" \/>\n<meta property=\"article:modified_time\" content=\"2024-11-29T09:22:00+00:00\" \/>\n<meta property=\"og:image\" content=\"https:\/\/www.bogonglazer.com\/wp-content\/uploads\/2024\/11\/bevel-laser-cutting-machine.jpg\" \/>\n\t<meta property=\"og:image:width\" content=\"600\" \/>\n\t<meta property=\"og:image:height\" content=\"600\" \/>\n\t<meta property=\"og:image:type\" content=\"image\/jpeg\" \/>\n<meta name=\"twitter:card\" content=\"summary_large_image\" \/>\n<meta name=\"twitter:label1\" content=\"Odhadovan\u00e1 doba \u010dten\u00ed\" \/>\n\t<meta name=\"twitter:data1\" content=\"3 minuty\" \/>\n<script type=\"application\/ld+json\" class=\"yoast-schema-graph\">{\"@context\":\"https:\/\/schema.org\",\"@graph\":[{\"@type\":\"WebPage\",\"@id\":\"https:\/\/www.bogonglazer.com\/product\/bevel-fiber-laser-cutting-machine-groove-cutting-chamfering-by-fiber-laser-cutter\/\",\"url\":\"https:\/\/www.bogonglazer.com\/product\/bevel-fiber-laser-cutting-machine-groove-cutting-chamfering-by-fiber-laser-cutter\/\",\"name\":\"Bevel Fiber Laser Cutting Machine | Groove Cutting, Chamfering by fiber laser cutter - BOGONG LASER\u00ae\",\"isPartOf\":{\"@id\":\"https:\/\/www.bogonglazer.com\/#website\"},\"primaryImageOfPage\":{\"@id\":\"https:\/\/www.bogonglazer.com\/product\/bevel-fiber-laser-cutting-machine-groove-cutting-chamfering-by-fiber-laser-cutter\/#primaryimage\"},\"image\":{\"@id\":\"https:\/\/www.bogonglazer.com\/product\/bevel-fiber-laser-cutting-machine-groove-cutting-chamfering-by-fiber-laser-cutter\/#primaryimage\"},\"thumbnailUrl\":\"https:\/\/www.bogonglazer.com\/wp-content\/uploads\/2024\/11\/bevel-laser-cutting-machine.jpg\",\"datePublished\":\"2024-11-01T03:05:32+00:00\",\"dateModified\":\"2024-11-29T09:22:00+00:00\",\"breadcrumb\":{\"@id\":\"https:\/\/www.bogonglazer.com\/product\/bevel-fiber-laser-cutting-machine-groove-cutting-chamfering-by-fiber-laser-cutter\/#breadcrumb\"},\"inLanguage\":\"cs\",\"potentialAction\":[{\"@type\":\"ReadAction\",\"target\":[\"https:\/\/www.bogonglazer.com\/product\/bevel-fiber-laser-cutting-machine-groove-cutting-chamfering-by-fiber-laser-cutter\/\"]}]},{\"@type\":\"ImageObject\",\"inLanguage\":\"cs\",\"@id\":\"https:\/\/www.bogonglazer.com\/product\/bevel-fiber-laser-cutting-machine-groove-cutting-chamfering-by-fiber-laser-cutter\/#primaryimage\",\"url\":\"https:\/\/www.bogonglazer.com\/wp-content\/uploads\/2024\/11\/bevel-laser-cutting-machine.jpg\",\"contentUrl\":\"https:\/\/www.bogonglazer.com\/wp-content\/uploads\/2024\/11\/bevel-laser-cutting-machine.jpg\",\"width\":600,\"height\":600},{\"@type\":\"BreadcrumbList\",\"@id\":\"https:\/\/www.bogonglazer.com\/product\/bevel-fiber-laser-cutting-machine-groove-cutting-chamfering-by-fiber-laser-cutter\/#breadcrumb\",\"itemListElement\":[{\"@type\":\"ListItem\",\"position\":1,\"name\":\"\u9996\u9875\",\"item\":\"https:\/\/www.bogonglazer.com\/\"},{\"@type\":\"ListItem\",\"position\":2,\"name\":\"Products\",\"item\":\"https:\/\/www.bogonglazer.com\/products\/\"},{\"@type\":\"ListItem\",\"position\":3,\"name\":\"Bevel Fiber Laser Cutting Machine | Groove Cutting, Chamfering by fiber laser cutter\"}]},{\"@type\":\"WebSite\",\"@id\":\"https:\/\/www.bogonglazer.com\/#website\",\"url\":\"https:\/\/www.bogonglazer.com\/\",\"name\":\"BOGONG LASER\u00ae\",\"description\":\"BOGONG\u00ae is a Professional China CNC laser machine manufacturer for fiber Laser cutting Machine, Laser Engraving Machine, Laser Cleaner, Laser Welder, CO2 laser Cutter and other CNC laser machines.\",\"potentialAction\":[{\"@type\":\"SearchAction\",\"target\":{\"@type\":\"EntryPoint\",\"urlTemplate\":\"https:\/\/www.bogonglazer.com\/?s={search_term_string}\"},\"query-input\":{\"@type\":\"PropertyValueSpecification\",\"valueRequired\":true,\"valueName\":\"search_term_string\"}}],\"inLanguage\":\"cs\"}]}<\/script>\n<!-- \/ Yoast SEO plugin. -->","yoast_head_json":{"title":"Bevel Fiber Laser Cutting Machine | Groove Cutting, Chamfering by fiber laser cutter - BOGONG LASER\u00ae","robots":{"index":"index","follow":"follow","max-snippet":"max-snippet:-1","max-image-preview":"max-image-preview:large","max-video-preview":"max-video-preview:-1"},"canonical":"https:\/\/www.bogonglazer.com\/cs\/produkt\/bevel-fiber-laser-cutting-machine-groove-cutting-chamfering-by-fiber-laser-cutter\/","og_locale":"cs_CZ","og_type":"article","og_title":"Bevel Fiber Laser Cutting Machine | Groove Cutting, Chamfering by fiber laser cutter - BOGONG LASER\u00ae","og_description":"The bevel fiber laser cutting machine simplifies the metal bevel cutting ...","og_url":"https:\/\/www.bogonglazer.com\/cs\/produkt\/bevel-fiber-laser-cutting-machine-groove-cutting-chamfering-by-fiber-laser-cutter\/","og_site_name":"BOGONG LASER\u00ae","article_modified_time":"2024-11-29T09:22:00+00:00","og_image":[{"width":600,"height":600,"url":"https:\/\/www.bogonglazer.com\/wp-content\/uploads\/2024\/11\/bevel-laser-cutting-machine.jpg","type":"image\/jpeg"}],"twitter_card":"summary_large_image","twitter_misc":{"Odhadovan\u00e1 doba \u010dten\u00ed":"3 minuty"},"schema":{"@context":"https:\/\/schema.org","@graph":[{"@type":"WebPage","@id":"https:\/\/www.bogonglazer.com\/product\/bevel-fiber-laser-cutting-machine-groove-cutting-chamfering-by-fiber-laser-cutter\/","url":"https:\/\/www.bogonglazer.com\/product\/bevel-fiber-laser-cutting-machine-groove-cutting-chamfering-by-fiber-laser-cutter\/","name":"Bevel Fiber Laser Cutting Machine | Groove Cutting, Chamfering by fiber laser cutter - BOGONG LASER\u00ae","isPartOf":{"@id":"https:\/\/www.bogonglazer.com\/#website"},"primaryImageOfPage":{"@id":"https:\/\/www.bogonglazer.com\/product\/bevel-fiber-laser-cutting-machine-groove-cutting-chamfering-by-fiber-laser-cutter\/#primaryimage"},"image":{"@id":"https:\/\/www.bogonglazer.com\/product\/bevel-fiber-laser-cutting-machine-groove-cutting-chamfering-by-fiber-laser-cutter\/#primaryimage"},"thumbnailUrl":"https:\/\/www.bogonglazer.com\/wp-content\/uploads\/2024\/11\/bevel-laser-cutting-machine.jpg","datePublished":"2024-11-01T03:05:32+00:00","dateModified":"2024-11-29T09:22:00+00:00","breadcrumb":{"@id":"https:\/\/www.bogonglazer.com\/product\/bevel-fiber-laser-cutting-machine-groove-cutting-chamfering-by-fiber-laser-cutter\/#breadcrumb"},"inLanguage":"cs","potentialAction":[{"@type":"ReadAction","target":["https:\/\/www.bogonglazer.com\/product\/bevel-fiber-laser-cutting-machine-groove-cutting-chamfering-by-fiber-laser-cutter\/"]}]},{"@type":"ImageObject","inLanguage":"cs","@id":"https:\/\/www.bogonglazer.com\/product\/bevel-fiber-laser-cutting-machine-groove-cutting-chamfering-by-fiber-laser-cutter\/#primaryimage","url":"https:\/\/www.bogonglazer.com\/wp-content\/uploads\/2024\/11\/bevel-laser-cutting-machine.jpg","contentUrl":"https:\/\/www.bogonglazer.com\/wp-content\/uploads\/2024\/11\/bevel-laser-cutting-machine.jpg","width":600,"height":600},{"@type":"BreadcrumbList","@id":"https:\/\/www.bogonglazer.com\/product\/bevel-fiber-laser-cutting-machine-groove-cutting-chamfering-by-fiber-laser-cutter\/#breadcrumb","itemListElement":[{"@type":"ListItem","position":1,"name":"\u9996\u9875","item":"https:\/\/www.bogonglazer.com\/"},{"@type":"ListItem","position":2,"name":"Products","item":"https:\/\/www.bogonglazer.com\/products\/"},{"@type":"ListItem","position":3,"name":"Bevel Fiber Laser Cutting Machine | Groove Cutting, Chamfering by fiber laser cutter"}]},{"@type":"WebSite","@id":"https:\/\/www.bogonglazer.com\/#website","url":"https:\/\/www.bogonglazer.com\/","name":"BOGONG LASER\u00ae","description":"BOGONG\u00ae je profesion\u00e1ln\u00ed \u010d\u00ednsk\u00fd v\u00fdrobce CNC laserov\u00fdch stroj\u016f pro laserov\u00e9 \u0159ezac\u00ed stroje, laserov\u00e9 grav\u00edrovac\u00ed stroje, laserov\u00e9 \u010disti\u010de, laserov\u00e9 sv\u00e1\u0159e\u010dky, CO2 laserov\u00e9 \u0159eza\u010dky a dal\u0161\u00ed CNC laserov\u00e9 stroje.","potentialAction":[{"@type":"SearchAction","target":{"@type":"EntryPoint","urlTemplate":"https:\/\/www.bogonglazer.com\/?s={search_term_string}"},"query-input":{"@type":"PropertyValueSpecification","valueRequired":true,"valueName":"search_term_string"}}],"inLanguage":"cs"}]}},"_links":{"self":[{"href":"https:\/\/www.bogonglazer.com\/cs\/wp-json\/wp\/v2\/product\/2005","targetHints":{"allow":["GET"]}}],"collection":[{"href":"https:\/\/www.bogonglazer.com\/cs\/wp-json\/wp\/v2\/product"}],"about":[{"href":"https:\/\/www.bogonglazer.com\/cs\/wp-json\/wp\/v2\/types\/product"}],"wp:featuredmedia":[{"embeddable":true,"href":"https:\/\/www.bogonglazer.com\/cs\/wp-json\/wp\/v2\/media\/2007"}],"wp:attachment":[{"href":"https:\/\/www.bogonglazer.com\/cs\/wp-json\/wp\/v2\/media?parent=2005"}],"wp:term":[{"taxonomy":"product_brand","embeddable":true,"href":"https:\/\/www.bogonglazer.com\/cs\/wp-json\/wp\/v2\/product_brand?post=2005"},{"taxonomy":"product_cat","embeddable":true,"href":"https:\/\/www.bogonglazer.com\/cs\/wp-json\/wp\/v2\/product_cat?post=2005"},{"taxonomy":"product_tag","embeddable":true,"href":"https:\/\/www.bogonglazer.com\/cs\/wp-json\/wp\/v2\/product_tag?post=2005"}],"curies":[{"name":"wp","href":"https:\/\/api.w.org\/{rel}","templated":true}]}}