{"id":2127,"date":"2024-12-06T11:23:53","date_gmt":"2024-12-06T03:23:53","guid":{"rendered":"https:\/\/bogonglaser.com\/?post_type=product&#038;p=2127"},"modified":"2024-12-09T13:37:23","modified_gmt":"2024-12-09T05:37:23","slug":"mini-cabinet-laser-marking-machine","status":"publish","type":"product","link":"https:\/\/www.bogonglazer.com\/de\/produkt\/mini-cabinet-laser-marking-machine\/","title":{"rendered":"Mini-Schrank-Laserbeschriftungsmaschine"},"content":{"rendered":"<div class=\"wpb-content-wrapper\"><div class=\"vc_row wpb_row vc_row-fluid\"><div class=\"wpb_column vc_column_container vc_col-sm-12\"><div class=\"vc_column-inner\"><div class=\"wpb_wrapper\">\n\t<div class=\"wpb_text_column wpb_content_element\" >\n\t\t<div class=\"wpb_wrapper\">\n\t\t\t<p>The cover fiber laser marking machine has a fully enclosed cabinet for worker safety and features a compact, attractive design. This high-tech device combines a laser, computer, automatic controller, and precision machinery, making it ideal for marking metal materials.<\/p>\n<p>Manually door open and close.<\/p>\n<p>Electric Lifting Pillar<\/p>\n\n\t\t<\/div>\n\t<\/div>\n<\/div><\/div><\/div><\/div><div class=\"vc_row wpb_row vc_row-fluid\"><div class=\"wpb_column vc_column_container vc_col-sm-12\"><div class=\"vc_column-inner\"><div class=\"wpb_wrapper\">\n\t<div class=\"wpb_video_widget wpb_content_element vc_clearfix   vc_video-aspect-ratio-169 vc_video-el-width-80 vc_video-align-left\" >\n\t\t<div class=\"wpb_wrapper\">\n\t\t\t<h2 class=\"wpb_heading wpb_video_heading\">BOGONG Mini Cabinet Laser Marking Machine show<\/h2>\n\t\t\t<div class=\"wpb_video_wrapper\"><iframe loading=\"lazy\" title=\"Mini Fiber Laser Engraving Machine with Protective Cover | Operation\" width=\"500\" height=\"281\" src=\"https:\/\/www.youtube.com\/embed\/buVofWd5OIw?feature=oembed\" frameborder=\"0\" allow=\"accelerometer; autoplay; clipboard-write; encrypted-media; gyroscope; picture-in-picture; web-share\" referrerpolicy=\"strict-origin-when-cross-origin\" allowfullscreen><\/iframe><\/div>\n\t\t<\/div>\n\t<\/div>\n<\/div><\/div><\/div><\/div><div class=\"vc_row wpb_row vc_row-fluid\"><div class=\"wpb_column vc_column_container vc_col-sm-12\"><div class=\"vc_column-inner\"><div class=\"wpb_wrapper\">\n\t<div class=\"wpb_text_column wpb_content_element\" >\n\t\t<div class=\"wpb_wrapper\">\n\t\t\t<p>1. Long lifetime, over 100,000 hours.<\/p>\n<p>2. Compact laser source with air cooling<\/p>\n<p>3. full cover cabinet which for safty work<\/p>\n<p>4. Super quality galvanometer scanning system.<\/p>\n<p>5. High accuracy and repeatability for correct marks each time with galvanometer scanners and electronic controls<\/p>\n<p>6. More stable performance<\/p>\n<p>7. Professional control board and marking sofiware. The software controlling system has the interface of windows and comprises files output by software such as Coreldraw. AutoCAD.Photoshop etc. It can support various file formats such as PLT,DXF,PCX.BMP etc<\/p>\n<p>8. Output power is stable. optical mode is good. bcam quality is excellent<\/p>\n<p>9. Marking speed is fast, efficient, and high accuracy.<\/p>\n<p>10. Appearance is professional, operation is easy<\/p>\n\n\t\t<\/div>\n\t<\/div>\n<\/div><\/div><\/div><\/div><div class=\"vc_row wpb_row vc_row-fluid\"><div class=\"wpb_column vc_column_container vc_col-sm-12\"><div class=\"vc_column-inner\"><div class=\"wpb_wrapper\">\n\t<div class=\"wpb_text_column wpb_content_element\" >\n\t\t<div class=\"wpb_wrapper\">\n\t\t\t<h2>Application Small Full cover Laser Marking Machine:<\/h2>\n<p>The can engrave metal and some non-metal materials, making it especially useful in fields where precision and a smooth finish are essential.<\/p>\n<p>The Fiber Laser Marking Machine works well with various metals, including steel, titanium, copper, gold, silver, and even rare metals, as well as industrial plastic, coated metals, ceramics, and more.<\/p>\n<p>It&#8217;s commonly used for marking items like mobile buttons, electronic components, communication products, eyewear, watches, jewelry, decorative buttons for boxes and bags, and stainless steel products.<\/p>\n\n\t\t<\/div>\n\t<\/div>\n<\/div><\/div><\/div><\/div><div class=\"vc_row wpb_row vc_row-fluid\"><div class=\"wpb_column vc_column_container vc_col-sm-12\"><div class=\"vc_column-inner\"><div class=\"wpb_wrapper\">\n\t<div class=\"wpb_video_widget wpb_content_element vc_clearfix   vc_video-aspect-ratio-169 vc_video-el-width-80 vc_video-align-left\" >\n\t\t<div class=\"wpb_wrapper\">\n\t\t\t<h2 class=\"wpb_heading wpb_video_heading\">Mini Cabinet Laser Marking Machine with EZCAD3<\/h2>\n\t\t\t<div class=\"wpb_video_wrapper\"><iframe loading=\"lazy\" title=\"Mini Cabinet Laser Engraving Machine Show | EZCAD3 2.5D Laser Marker with protective cover\" width=\"500\" height=\"281\" src=\"https:\/\/www.youtube.com\/embed\/tbPKDw-UqR0?feature=oembed\" frameborder=\"0\" allow=\"accelerometer; autoplay; clipboard-write; encrypted-media; gyroscope; picture-in-picture; web-share\" referrerpolicy=\"strict-origin-when-cross-origin\" allowfullscreen><\/iframe><\/div>\n\t\t<\/div>\n\t<\/div>\n<\/div><\/div><\/div><\/div><div class=\"vc_row wpb_row vc_row-fluid\"><div class=\"wpb_column vc_column_container vc_col-sm-12\"><div class=\"vc_column-inner\"><div class=\"wpb_wrapper\">\n\t<div class=\"wpb_text_column wpb_content_element\" >\n\t\t<div class=\"wpb_wrapper\">\n\t\t\t<p>Sie k\u00f6nnen mehr Kunden-Feedback von BOGONG youtube-Kanal zu finden.<\/p>\n\n\t\t<\/div>\n\t<\/div>\n<\/div><\/div><\/div><\/div><div class=\"vc_row wpb_row vc_row-fluid\"><div class=\"wpb_column vc_column_container vc_col-sm-12\"><div class=\"vc_column-inner\"><div class=\"wpb_wrapper\">\n\t<div class=\"wpb_text_column wpb_content_element\" >\n\t\t<div class=\"wpb_wrapper\">\n\t\t\t<p>Zahlungsbedingungen<\/p>\n<p>1. Ablagerung und Balance: Eine 30% T\/T Anzahlung ist im Voraus erforderlich, mit dem Restbetrag vor dem Versand f\u00e4llig.<\/p>\n<p>2. Alibaba Trade Assurance: Zahlungen k\u00f6nnen \u00fcber Alibaba Trade Assurance abgewickelt werden.<\/p>\n<p>FAQs for the 3D UV Laser Marking Machine<\/p>\n<p>What Is the Packaging for the Mni cabinet Laser Marking Machine?<br \/>\nUnsere Maschinen werden in einem dreilagigen Aufbau verpackt. Die \u00e4u\u00dfere Schicht besteht aus einer Holzkiste, die mittlere Schicht ist mit Schaumstoff gepolstert, um sie vor Ersch\u00fctterungen zu sch\u00fctzen, und die innere Schicht besteht aus einer dicken Plastikt\u00fcte zur Abdichtung.<\/p>\n<p>Wird das Paket w\u00e4hrend des Transports besch\u00e4digt werden?<br \/>\nWir gestalten unsere Verpackungen sorgf\u00e4ltig, um alle potenziellen Schadensfaktoren zu ber\u00fccksichtigen, und unsere Spediteure sind erfahren im sicheren Transport. Wir haben erfolgreich in 180 L\u00e4nder exportiert. Sie k\u00f6nnen also sicher sein, dass Ihr Paket in einem ausgezeichneten Zustand ankommt.<\/p>\n\n\t\t<\/div>\n\t<\/div>\n<\/div><\/div><\/div><\/div><div class=\"vc_row wpb_row vc_row-fluid\"><div class=\"wpb_column vc_column_container vc_col-sm-12\"><div class=\"vc_column-inner\"><div class=\"wpb_wrapper\">\n\t<div  class=\"wpb_single_image wpb_content_element vc_align_left wpb_content_element\">\n\t\t\n\t\t<figure class=\"wpb_wrapper vc_figure\">\n\t\t\t<div class=\"vc_single_image-wrapper   vc_box_border_grey\"><img loading=\"lazy\" decoding=\"async\" width=\"1000\" height=\"1000\" src=\"https:\/\/www.bogonglazer.com\/wp-content\/uploads\/2024\/12\/\u673a\u5668\u5c3a\u5bf8\u5c0f\u5305\u56f4\u6253\u6807\u673a-1.jpg\" class=\"vc_single_image-img attachment-full\" alt=\"\" title=\"\u673a\u5668\u5c3a\u5bf8\u5c0f\u5305\u56f4\u6253\u6807\u673a\" srcset=\"https:\/\/www.bogonglazer.com\/wp-content\/uploads\/2024\/12\/\u673a\u5668\u5c3a\u5bf8\u5c0f\u5305\u56f4\u6253\u6807\u673a-1.jpg 1000w, https:\/\/www.bogonglazer.com\/wp-content\/uploads\/2024\/12\/\u673a\u5668\u5c3a\u5bf8\u5c0f\u5305\u56f4\u6253\u6807\u673a-1-300x300.jpg 300w, https:\/\/www.bogonglazer.com\/wp-content\/uploads\/2024\/12\/\u673a\u5668\u5c3a\u5bf8\u5c0f\u5305\u56f4\u6253\u6807\u673a-1-150x150.jpg 150w, https:\/\/www.bogonglazer.com\/wp-content\/uploads\/2024\/12\/\u673a\u5668\u5c3a\u5bf8\u5c0f\u5305\u56f4\u6253\u6807\u673a-1-768x768.jpg 768w, https:\/\/www.bogonglazer.com\/wp-content\/uploads\/2024\/12\/\u673a\u5668\u5c3a\u5bf8\u5c0f\u5305\u56f4\u6253\u6807\u673a-1-600x600.jpg 600w, https:\/\/www.bogonglazer.com\/wp-content\/uploads\/2024\/12\/\u673a\u5668\u5c3a\u5bf8\u5c0f\u5305\u56f4\u6253\u6807\u673a-1-100x100.jpg 100w\" sizes=\"auto, (max-width: 1000px) 100vw, 1000px\" \/><\/div>\n\t\t<\/figure>\n\t<\/div>\n<\/div><\/div><\/div><\/div><div class=\"vc_row wpb_row vc_row-fluid\"><div class=\"wpb_column vc_column_container vc_col-sm-12\"><div class=\"vc_column-inner\"><div class=\"wpb_wrapper\">\n\t<div class=\"wpb_text_column wpb_content_element\" >\n\t\t<div class=\"wpb_wrapper\">\n\t\t\t<p>Die meisten Kunden w\u00e4hlen den Transport per UPS\/DHL-Express, es kann am Zielort etwa 5-7 Tage ankommen, kontaktieren Sie mit BOGONG, um mehr Details \u00fcber UV-Laser-Markierungsmaschine zu erhalten.<\/p>\n\n\t\t<\/div>\n\t<\/div>\n<\/div><\/div><\/div><\/div>\n<\/div>","protected":false},"excerpt":{"rendered":"<h2>Laser Engraving Machine with full cover<\/h2>\n<p>The machine has a fully enclosed &#8230; <\/p>","protected":false},"featured_media":2148,"template":"","meta":[],"product_brand":[],"product_cat":[97,93],"product_tag":[102],"class_list":{"0":"post-2127","1":"product","2":"type-product","3":"status-publish","4":"has-post-thumbnail","6":"product_cat-fiber-laser-marker","7":"product_cat-laser-engraving-machine","8":"product_tag-laser-marking-machine","10":"first","11":"instock","12":"shipping-taxable","13":"product-type-simple"},"yoast_head":"<!-- This site is optimized with the Yoast SEO plugin v26.7 - https:\/\/yoast.com\/wordpress\/plugins\/seo\/ -->\n<title>Mini Cabinet Laser Marking Machine - BOGONG LASER\u00ae<\/title>\n<meta name=\"robots\" content=\"index, follow, max-snippet:-1, max-image-preview:large, max-video-preview:-1\" \/>\n<link rel=\"canonical\" href=\"https:\/\/www.bogonglazer.com\/de\/produkt\/mini-cabinet-laser-marking-machine\/\" \/>\n<meta property=\"og:locale\" content=\"de_DE\" \/>\n<meta property=\"og:type\" content=\"article\" \/>\n<meta property=\"og:title\" content=\"Mini Cabinet Laser Marking Machine - BOGONG LASER\u00ae\" \/>\n<meta property=\"og:description\" content=\"Laser Engraving Machine with full cover The machine has a fully enclosed ...\" \/>\n<meta property=\"og:url\" content=\"https:\/\/www.bogonglazer.com\/de\/produkt\/mini-cabinet-laser-marking-machine\/\" \/>\n<meta property=\"og:site_name\" content=\"BOGONG LASER\u00ae\" \/>\n<meta property=\"article:modified_time\" content=\"2024-12-09T05:37:23+00:00\" \/>\n<meta property=\"og:image\" content=\"https:\/\/www.bogonglazer.com\/wp-content\/uploads\/2024\/12\/2d\u5c0f\u5305\u56f4\u6253\u6807\u673a3-1.png\" \/>\n\t<meta property=\"og:image:width\" content=\"600\" \/>\n\t<meta property=\"og:image:height\" content=\"600\" \/>\n\t<meta property=\"og:image:type\" content=\"image\/png\" \/>\n<meta name=\"twitter:card\" content=\"summary_large_image\" \/>\n<meta name=\"twitter:label1\" content=\"Gesch\u00e4tzte Lesezeit\" \/>\n\t<meta name=\"twitter:data1\" content=\"3\u00a0Minuten\" \/>\n<script type=\"application\/ld+json\" class=\"yoast-schema-graph\">{\"@context\":\"https:\/\/schema.org\",\"@graph\":[{\"@type\":\"WebPage\",\"@id\":\"https:\/\/www.bogonglazer.com\/product\/mini-cabinet-laser-marking-machine\/\",\"url\":\"https:\/\/www.bogonglazer.com\/product\/mini-cabinet-laser-marking-machine\/\",\"name\":\"Mini Cabinet Laser Marking Machine - BOGONG LASER\u00ae\",\"isPartOf\":{\"@id\":\"https:\/\/www.bogonglazer.com\/#website\"},\"primaryImageOfPage\":{\"@id\":\"https:\/\/www.bogonglazer.com\/product\/mini-cabinet-laser-marking-machine\/#primaryimage\"},\"image\":{\"@id\":\"https:\/\/www.bogonglazer.com\/product\/mini-cabinet-laser-marking-machine\/#primaryimage\"},\"thumbnailUrl\":\"https:\/\/www.bogonglazer.com\/wp-content\/uploads\/2024\/12\/2d\u5c0f\u5305\u56f4\u6253\u6807\u673a3-1.png\",\"datePublished\":\"2024-12-06T03:23:53+00:00\",\"dateModified\":\"2024-12-09T05:37:23+00:00\",\"breadcrumb\":{\"@id\":\"https:\/\/www.bogonglazer.com\/product\/mini-cabinet-laser-marking-machine\/#breadcrumb\"},\"inLanguage\":\"de\",\"potentialAction\":[{\"@type\":\"ReadAction\",\"target\":[\"https:\/\/www.bogonglazer.com\/product\/mini-cabinet-laser-marking-machine\/\"]}]},{\"@type\":\"ImageObject\",\"inLanguage\":\"de\",\"@id\":\"https:\/\/www.bogonglazer.com\/product\/mini-cabinet-laser-marking-machine\/#primaryimage\",\"url\":\"https:\/\/www.bogonglazer.com\/wp-content\/uploads\/2024\/12\/2d\u5c0f\u5305\u56f4\u6253\u6807\u673a3-1.png\",\"contentUrl\":\"https:\/\/www.bogonglazer.com\/wp-content\/uploads\/2024\/12\/2d\u5c0f\u5305\u56f4\u6253\u6807\u673a3-1.png\",\"width\":600,\"height\":600,\"caption\":\"full cover laser marking machine\"},{\"@type\":\"BreadcrumbList\",\"@id\":\"https:\/\/www.bogonglazer.com\/product\/mini-cabinet-laser-marking-machine\/#breadcrumb\",\"itemListElement\":[{\"@type\":\"ListItem\",\"position\":1,\"name\":\"\u9996\u9875\",\"item\":\"https:\/\/www.bogonglazer.com\/\"},{\"@type\":\"ListItem\",\"position\":2,\"name\":\"Products\",\"item\":\"https:\/\/www.bogonglazer.com\/products\/\"},{\"@type\":\"ListItem\",\"position\":3,\"name\":\"Mini Cabinet Laser Marking Machine\"}]},{\"@type\":\"WebSite\",\"@id\":\"https:\/\/www.bogonglazer.com\/#website\",\"url\":\"https:\/\/www.bogonglazer.com\/\",\"name\":\"BOGONG LASER\u00ae\",\"description\":\"BOGONG\u00ae is a Professional China CNC laser machine manufacturer for fiber Laser cutting Machine, Laser Engraving Machine, Laser Cleaner, Laser Welder, CO2 laser Cutter and other CNC laser machines.\",\"potentialAction\":[{\"@type\":\"SearchAction\",\"target\":{\"@type\":\"EntryPoint\",\"urlTemplate\":\"https:\/\/www.bogonglazer.com\/?s={search_term_string}\"},\"query-input\":{\"@type\":\"PropertyValueSpecification\",\"valueRequired\":true,\"valueName\":\"search_term_string\"}}],\"inLanguage\":\"de\"}]}<\/script>\n<!-- \/ Yoast SEO plugin. -->","yoast_head_json":{"title":"Mini Cabinet Laser Marking Machine - BOGONG LASER\u00ae","robots":{"index":"index","follow":"follow","max-snippet":"max-snippet:-1","max-image-preview":"max-image-preview:large","max-video-preview":"max-video-preview:-1"},"canonical":"https:\/\/www.bogonglazer.com\/de\/produkt\/mini-cabinet-laser-marking-machine\/","og_locale":"de_DE","og_type":"article","og_title":"Mini Cabinet Laser Marking Machine - BOGONG LASER\u00ae","og_description":"Laser Engraving Machine with full cover The machine has a fully enclosed ...","og_url":"https:\/\/www.bogonglazer.com\/de\/produkt\/mini-cabinet-laser-marking-machine\/","og_site_name":"BOGONG LASER\u00ae","article_modified_time":"2024-12-09T05:37:23+00:00","og_image":[{"width":600,"height":600,"url":"https:\/\/www.bogonglazer.com\/wp-content\/uploads\/2024\/12\/2d\u5c0f\u5305\u56f4\u6253\u6807\u673a3-1.png","type":"image\/png"}],"twitter_card":"summary_large_image","twitter_misc":{"Gesch\u00e4tzte Lesezeit":"3\u00a0Minuten"},"schema":{"@context":"https:\/\/schema.org","@graph":[{"@type":"WebPage","@id":"https:\/\/www.bogonglazer.com\/product\/mini-cabinet-laser-marking-machine\/","url":"https:\/\/www.bogonglazer.com\/product\/mini-cabinet-laser-marking-machine\/","name":"Mini Cabinet Laser Marking Machine - BOGONG LASER\u00ae","isPartOf":{"@id":"https:\/\/www.bogonglazer.com\/#website"},"primaryImageOfPage":{"@id":"https:\/\/www.bogonglazer.com\/product\/mini-cabinet-laser-marking-machine\/#primaryimage"},"image":{"@id":"https:\/\/www.bogonglazer.com\/product\/mini-cabinet-laser-marking-machine\/#primaryimage"},"thumbnailUrl":"https:\/\/www.bogonglazer.com\/wp-content\/uploads\/2024\/12\/2d\u5c0f\u5305\u56f4\u6253\u6807\u673a3-1.png","datePublished":"2024-12-06T03:23:53+00:00","dateModified":"2024-12-09T05:37:23+00:00","breadcrumb":{"@id":"https:\/\/www.bogonglazer.com\/product\/mini-cabinet-laser-marking-machine\/#breadcrumb"},"inLanguage":"de","potentialAction":[{"@type":"ReadAction","target":["https:\/\/www.bogonglazer.com\/product\/mini-cabinet-laser-marking-machine\/"]}]},{"@type":"ImageObject","inLanguage":"de","@id":"https:\/\/www.bogonglazer.com\/product\/mini-cabinet-laser-marking-machine\/#primaryimage","url":"https:\/\/www.bogonglazer.com\/wp-content\/uploads\/2024\/12\/2d\u5c0f\u5305\u56f4\u6253\u6807\u673a3-1.png","contentUrl":"https:\/\/www.bogonglazer.com\/wp-content\/uploads\/2024\/12\/2d\u5c0f\u5305\u56f4\u6253\u6807\u673a3-1.png","width":600,"height":600,"caption":"full cover laser marking machine"},{"@type":"BreadcrumbList","@id":"https:\/\/www.bogonglazer.com\/product\/mini-cabinet-laser-marking-machine\/#breadcrumb","itemListElement":[{"@type":"ListItem","position":1,"name":"\u9996\u9875","item":"https:\/\/www.bogonglazer.com\/"},{"@type":"ListItem","position":2,"name":"Products","item":"https:\/\/www.bogonglazer.com\/products\/"},{"@type":"ListItem","position":3,"name":"Mini Cabinet Laser Marking Machine"}]},{"@type":"WebSite","@id":"https:\/\/www.bogonglazer.com\/#website","url":"https:\/\/www.bogonglazer.com\/","name":"BOGONG LASER\u00ae","description":"BOGONG\u00ae ist ein professioneller chinesischer Hersteller von CNC-Lasermaschinen f\u00fcr Faser-Laserschneidmaschinen, Lasergraviermaschinen, Laserreiniger, Laserschwei\u00dfger\u00e4te, CO2-Laserschneider und andere CNC-Lasermaschinen.","potentialAction":[{"@type":"SearchAction","target":{"@type":"EntryPoint","urlTemplate":"https:\/\/www.bogonglazer.com\/?s={search_term_string}"},"query-input":{"@type":"PropertyValueSpecification","valueRequired":true,"valueName":"search_term_string"}}],"inLanguage":"de"}]}},"_links":{"self":[{"href":"https:\/\/www.bogonglazer.com\/de\/wp-json\/wp\/v2\/product\/2127","targetHints":{"allow":["GET"]}}],"collection":[{"href":"https:\/\/www.bogonglazer.com\/de\/wp-json\/wp\/v2\/product"}],"about":[{"href":"https:\/\/www.bogonglazer.com\/de\/wp-json\/wp\/v2\/types\/product"}],"wp:featuredmedia":[{"embeddable":true,"href":"https:\/\/www.bogonglazer.com\/de\/wp-json\/wp\/v2\/media\/2148"}],"wp:attachment":[{"href":"https:\/\/www.bogonglazer.com\/de\/wp-json\/wp\/v2\/media?parent=2127"}],"wp:term":[{"taxonomy":"product_brand","embeddable":true,"href":"https:\/\/www.bogonglazer.com\/de\/wp-json\/wp\/v2\/product_brand?post=2127"},{"taxonomy":"product_cat","embeddable":true,"href":"https:\/\/www.bogonglazer.com\/de\/wp-json\/wp\/v2\/product_cat?post=2127"},{"taxonomy":"product_tag","embeddable":true,"href":"https:\/\/www.bogonglazer.com\/de\/wp-json\/wp\/v2\/product_tag?post=2127"}],"curies":[{"name":"wp","href":"https:\/\/api.w.org\/{rel}","templated":true}]}}