{"id":1828,"date":"2024-11-14T15:48:52","date_gmt":"2024-11-14T07:48:52","guid":{"rendered":"https:\/\/bogonglaser.com\/?post_type=product&#038;p=1828"},"modified":"2025-01-20T20:48:15","modified_gmt":"2025-01-20T12:48:15","slug":"best-handheld-laser-welder","status":"publish","type":"product","link":"https:\/\/www.bogonglazer.com\/es\/producto\/best-handheld-laser-welder\/","title":{"rendered":"Mejor soldador l\u00e1ser de mano M\u00e1quina de soldadura"},"content":{"rendered":"<div class=\"wpb-content-wrapper\"><div class=\"vc_row wpb_row vc_row-fluid\"><div class=\"wpb_column vc_column_container vc_col-sm-12\"><div class=\"vc_column-inner\"><div class=\"wpb_wrapper\">\n\t<div class=\"wpb_text_column wpb_content_element\" >\n\t\t<div class=\"wpb_wrapper\">\n\t\t\t<p>BOGONG proporcionar mejores m\u00e1quinas de soldadura l\u00e1ser port\u00e1til de mano<\/p>\n<p>Dise\u00f1ados para facilitar su uso, estos soldadores l\u00e1ser port\u00e1tiles son maniobrables y se manejan con una pistola de soldadura manual, por lo que son ideales para uniones de juntas met\u00e1licas tanto en interiores como en exteriores.<\/p>\n<p>Estas m\u00e1quinas ofrecen la ventaja de soldar sin contacto componentes complejos. La soldadora manual de rayo l\u00e1ser puede separar eficazmente el espectro por tiempo y energ\u00eda, lo que permite realizar varias soldaduras simult\u00e1neas. En comparaci\u00f3n con los m\u00e9todos tradicionales de soldadura MIG, TIG y el\u00e9ctrica, esta tecnolog\u00eda ofrece una mayor precisi\u00f3n en el proceso de soldadura.<\/p>\n\n\t\t<\/div>\n\t<\/div>\n<\/div><\/div><\/div><\/div><div class=\"vc_row wpb_row vc_row-fluid\"><div class=\"wpb_column vc_column_container vc_col-sm-12\"><div class=\"vc_column-inner\"><div class=\"wpb_wrapper\">\n\t<div  class=\"wpb_single_image wpb_content_element vc_align_left wpb_content_element\">\n\t\t\n\t\t<figure class=\"wpb_wrapper vc_figure\">\n\t\t\t<div class=\"vc_single_image-wrapper   vc_box_border_grey\"><img loading=\"lazy\" decoding=\"async\" width=\"600\" height=\"600\" src=\"https:\/\/www.bogonglazer.com\/wp-content\/uploads\/2024\/11\/laser-welder-handheld-1.jpg\" class=\"vc_single_image-img attachment-full\" alt=\"\" title=\"soldador l\u00e1ser manual\" srcset=\"https:\/\/www.bogonglazer.com\/wp-content\/uploads\/2024\/11\/laser-welder-handheld-1.jpg 600w, https:\/\/www.bogonglazer.com\/wp-content\/uploads\/2024\/11\/laser-welder-handheld-1-300x300.jpg 300w, https:\/\/www.bogonglazer.com\/wp-content\/uploads\/2024\/11\/laser-welder-handheld-1-150x150.jpg 150w, https:\/\/www.bogonglazer.com\/wp-content\/uploads\/2024\/11\/laser-welder-handheld-1-100x100.jpg 100w\" sizes=\"auto, (max-width: 600px) 100vw, 600px\" \/><\/div>\n\t\t<\/figure>\n\t<\/div>\n<\/div><\/div><\/div><\/div><div class=\"vc_row wpb_row vc_row-fluid\"><div class=\"wpb_column vc_column_container vc_col-sm-12\"><div class=\"vc_column-inner\"><div class=\"wpb_wrapper\">\n\t<div class=\"wpb_text_column wpb_content_element\" >\n\t\t<div class=\"wpb_wrapper\">\n\t\t\t<h2>Ventajas del soldador l\u00e1ser de mano:<\/h2>\n<p>\u2714 Ofrece varias opciones de potencia l\u00e1ser ( 1500W, 2000W, 3000W) para diferentes profundidades de penetraci\u00f3n.<\/p>\n<p>\u2714 Port\u00e1til y f\u00e1cil de manejar, lo que la hace ideal para proyectos de soldadura tanto en interiores como en exteriores.<\/p>\n<p>\u2714 Velocidades de soldadura de 2 a 10 veces m\u00e1s r\u00e1pidas que las soldadoras MMA, TIG y MIG tradicionales.<\/p>\n<p>\u2714 Produce cordones de soldadura rectos y uniformes, lisos y limpios, con penetraci\u00f3n profunda y conicidad m\u00ednima, eliminando la necesidad de pulir y ahorrando tiempo y costes.<\/p>\n<p>\u2714 Crea uniones met\u00e1licas fuertes sin deformaci\u00f3n y reduce las cicatrices.<\/p>\n<p>\u2714 Menor consumo de materiales y energ\u00eda, lo que contribuye a una mayor vida \u00fatil.<\/p>\n<p>\u2714 F\u00e1cil de usar y segura, con un funcionamiento respetuoso con el medio ambiente.<\/p>\n\n\t\t<\/div>\n\t<\/div>\n<\/div><\/div><\/div><\/div><div class=\"vc_row wpb_row vc_row-fluid\"><div class=\"wpb_column vc_column_container vc_col-sm-12\"><div class=\"vc_column-inner\"><div class=\"wpb_wrapper\">\n\t<div  class=\"wpb_single_image wpb_content_element vc_align_left wpb_content_element\">\n\t\t\n\t\t<figure class=\"wpb_wrapper vc_figure\">\n\t\t\t<div class=\"vc_single_image-wrapper   vc_box_border_grey\"><img loading=\"lazy\" decoding=\"async\" width=\"600\" height=\"600\" src=\"https:\/\/www.bogonglazer.com\/wp-content\/uploads\/2024\/11\/fiber-laser-welder-1.jpg\" class=\"vc_single_image-img attachment-full\" alt=\"\" title=\"soldador l\u00e1ser de fibra\" srcset=\"https:\/\/www.bogonglazer.com\/wp-content\/uploads\/2024\/11\/fiber-laser-welder-1.jpg 600w, https:\/\/www.bogonglazer.com\/wp-content\/uploads\/2024\/11\/fiber-laser-welder-1-300x300.jpg 300w, https:\/\/www.bogonglazer.com\/wp-content\/uploads\/2024\/11\/fiber-laser-welder-1-150x150.jpg 150w, https:\/\/www.bogonglazer.com\/wp-content\/uploads\/2024\/11\/fiber-laser-welder-1-100x100.jpg 100w\" sizes=\"auto, (max-width: 600px) 100vw, 600px\" \/><\/div>\n\t\t<\/figure>\n\t<\/div>\n<\/div><\/div><\/div><\/div><div class=\"vc_row wpb_row vc_row-fluid\"><div class=\"wpb_column vc_column_container vc_col-sm-12\"><div class=\"vc_column-inner\"><div class=\"wpb_wrapper\">\n\t<div class=\"wpb_text_column wpb_content_element\" >\n\t\t<div class=\"wpb_wrapper\">\n\t\t\t<h2>Caracter\u00edsticas de la m\u00e1quina de soldadura l\u00e1ser de fibra port\u00e1til<\/h2>\n<p>\u21f2 Proporciona una alta densidad de energ\u00eda l\u00e1ser con un \u00e1rea de efecto t\u00e9rmico m\u00ednima, lo que reduce el riesgo de deformaci\u00f3n y elimina la necesidad de un extenso procesamiento posterior.<\/p>\n<p>\u21f2 Armario de control compacto todo en uno que incluye el generador l\u00e1ser, el grupo electr\u00f3geno, el enfriador de agua industrial y el controlador: potente pero f\u00e1cil de mover.<\/p>\n<p>\u21f2 Admite diversas t\u00e9cnicas de soldadura, incluidas la soldadura por puntos, por puntadas, por clavos, a tope, a solapa, por empalme, de bordes, por apilamiento, por engarce y en T.<\/p>\n<p>\u21f2 Las avanzadas funciones de detecci\u00f3n y protecci\u00f3n garantizan un funcionamiento estable a largo plazo, minimizando las posibles p\u00e9rdidas y los riesgos para la seguridad.<\/p>\n<p>\u21f2 El funcionamiento sin contacto no produce estr\u00e9s ni ruido y es respetuoso con el medio ambiente, por lo que se ajusta a las normas de procesamiento ecol\u00f3gico.<\/p>\n<p>\u21f2 Produce soldaduras de alta calidad con un acabado liso y limpio.<\/p>\n<p>\u21f2 Las capacidades de comunicaci\u00f3n permiten supervisar en tiempo real todos los datos del l\u00e1ser.<\/p>\n<p>\u21f2 Equipada con una fibra especializada para soldar peque\u00f1os puntos de soldadura.<\/p>\n<p>\u21f2 El rayo l\u00e1ser de fibra de alta calidad garantiza una alta eficiencia de conversi\u00f3n, lo que resulta en una r\u00e1pida velocidad de procesamiento, alta relaci\u00f3n de aspecto y soldaduras fuertes.<\/p>\n<p>\u21f2 Un avanzado sistema espectral reduce la p\u00e9rdida de energ\u00eda, garantizando una energ\u00eda l\u00e1ser uniforme en todas las fibras.<\/p>\n<p>\u21f2 Utilizan la transmisi\u00f3n por fibra \u00f3ptica para la soldadura a distancia y pueden integrarse f\u00e1cilmente con bancos de trabajo autom\u00e1ticos, manipuladores y l\u00edneas de montaje, lo que da como resultado puntos de luz m\u00e1s uniformes y uniones de soldadura est\u00e9ticamente agradables.<\/p>\n<p>\u21f2 Las m\u00faltiples se\u00f1ales de entrada y salida facilitan la producci\u00f3n automatizada y la integraci\u00f3n en la cadena de montaje.<\/p>\n<p>\u21f2 Las uniones soldadas ecol\u00f3gicas presentan una resistencia y una tenacidad comparables o superiores a las del metal base.<\/p>\n<p>\u21f2 Interfaz de pantalla t\u00e1ctil f\u00e1cil de usar para una configuraci\u00f3n y un funcionamiento sencillos, con un sistema operativo intuitivo y f\u00e1cil de aprender.<\/p>\n<p>\u21f2 Existe una gran variedad de boquillas en \u00e1ngulo y especificaciones para las boquillas de alimentaci\u00f3n de alambre para adaptarse a los diferentes requisitos de los proyectos de soldadura.<\/p>\n\n\t\t<\/div>\n\t<\/div>\n<\/div><\/div><\/div><\/div><div class=\"vc_row wpb_row vc_row-fluid\"><div class=\"wpb_column vc_column_container vc_col-sm-12\"><div class=\"vc_column-inner\"><div class=\"wpb_wrapper\">\n\t<div  class=\"wpb_single_image wpb_content_element vc_align_left wpb_content_element\">\n\t\t\n\t\t<figure class=\"wpb_wrapper vc_figure\">\n\t\t\t<div class=\"vc_single_image-wrapper   vc_box_border_grey\"><img loading=\"lazy\" decoding=\"async\" width=\"600\" height=\"600\" src=\"https:\/\/www.bogonglazer.com\/wp-content\/uploads\/2024\/11\/laser-welder-machines.jpg\" class=\"vc_single_image-img attachment-full\" alt=\"\" title=\"m\u00e1quinas de soldadura l\u00e1ser\" srcset=\"https:\/\/www.bogonglazer.com\/wp-content\/uploads\/2024\/11\/laser-welder-machines.jpg 600w, https:\/\/www.bogonglazer.com\/wp-content\/uploads\/2024\/11\/laser-welder-machines-300x300.jpg 300w, https:\/\/www.bogonglazer.com\/wp-content\/uploads\/2024\/11\/laser-welder-machines-150x150.jpg 150w, https:\/\/www.bogonglazer.com\/wp-content\/uploads\/2024\/11\/laser-welder-machines-100x100.jpg 100w\" sizes=\"auto, (max-width: 600px) 100vw, 600px\" \/><\/div>\n\t\t<\/figure>\n\t<\/div>\n<\/div><\/div><\/div><\/div><div class=\"vc_row wpb_row vc_row-fluid\"><div class=\"wpb_column vc_column_container vc_col-sm-12\"><div class=\"vc_column-inner\"><div class=\"wpb_wrapper\">\n\t<div class=\"wpb_text_column wpb_content_element\" >\n\t\t<div class=\"wpb_wrapper\">\n\t\t\t<h3>\u00bfQu\u00e9 es un soldador l\u00e1ser manual?<\/h3>\n<p>Una pistola de soldadura l\u00e1ser manual es una soluci\u00f3n de soldadura port\u00e1til que combina un generador l\u00e1ser, un controlador, un sistema de refrigeraci\u00f3n y un alimentador de alambre autom\u00e1tico, todo en un solo dispositivo. Esta vers\u00e1til herramienta es capaz de realizar diversas t\u00e9cnicas de soldadura, como soldadura por puntos, por clavos, a tope, solapada, de bordes, engarzada y en T, lo que la hace perfecta para diferentes tipos de uniones met\u00e1licas. Su flexibilidad y dise\u00f1o de f\u00e1cil manejo permiten soldar a larga distancia y en exteriores, permitiendo a los operarios trabajar f\u00e1cilmente en piezas soldables desde cualquier \u00e1ngulo o posici\u00f3n, lo que resulta ideal para abordar uniones met\u00e1licas complejas.<\/p>\n<p>La pistola de soldadura est\u00e1 construida con un cuerpo de pistola, una c\u00e1mara de refrigeraci\u00f3n y una c\u00e1mara de gas protector. Su dise\u00f1o compacto y sencillo facilita su manejo y transporte. Puede conectarla f\u00e1cilmente a un medio de refrigeraci\u00f3n y a una fuente de gas protector, lo que ayuda a refrigerar la pistola l\u00e1ser y crea una atm\u00f3sfera de gas protector alrededor de la zona de trabajo, garantizando una calidad de soldadura uniforme.<\/p>\n<p>BOGONG ofrece varias marcas de cabezales l\u00e1ser para que usted elija; echa un vistazo al v\u00eddeo a continuaci\u00f3n para obtener m\u00e1s informaci\u00f3n.<\/p>\n\n\t\t<\/div>\n\t<\/div>\n<\/div><\/div><\/div><\/div><div class=\"vc_row wpb_row vc_row-fluid\"><div class=\"wpb_column vc_column_container vc_col-sm-12\"><div class=\"vc_column-inner\"><div class=\"wpb_wrapper\">\n\t<div class=\"wpb_video_widget wpb_content_element vc_clearfix   vc_video-aspect-ratio-169 vc_video-el-width-100 vc_video-align-left\" >\n\t\t<div class=\"wpb_wrapper\">\n\t\t\t\n\t\t\t<div class=\"wpb_video_wrapper\"><iframe loading=\"lazy\" title=\"Varias Marcas de Cabezales de Soldadura L\u00e1ser de Fibra \u00d3ptica de Mano Muestran | \u00bfQu\u00e9 Cabezal de Soldadura L\u00e1ser es Bueno?\" width=\"500\" height=\"281\" src=\"https:\/\/www.youtube.com\/embed\/NSdcJZEIYs8?feature=oembed\" frameborder=\"0\" allow=\"accelerometer; autoplay; clipboard-write; encrypted-media; gyroscope; picture-in-picture; web-share\" referrerpolicy=\"strict-origin-when-cross-origin\" allowfullscreen><\/iframe><\/div>\n\t\t<\/div>\n\t<\/div>\n<\/div><\/div><\/div><\/div><div class=\"vc_row wpb_row vc_row-fluid\"><div class=\"wpb_column vc_column_container vc_col-sm-12\"><div class=\"vc_column-inner\"><div class=\"wpb_wrapper\">\n\t<div class=\"wpb_text_column wpb_content_element\" >\n\t\t<div class=\"wpb_wrapper\">\n\t\t\t<p><strong>Paquete de soldador l\u00e1ser<\/strong><\/p>\n\n\t\t<\/div>\n\t<\/div>\n\n\t<div  class=\"wpb_single_image wpb_content_element vc_align_left wpb_content_element\">\n\t\t\n\t\t<figure class=\"wpb_wrapper vc_figure\">\n\t\t\t<div class=\"vc_single_image-wrapper   vc_box_border_grey\"><img loading=\"lazy\" decoding=\"async\" width=\"600\" height=\"308\" src=\"https:\/\/www.bogonglazer.com\/wp-content\/uploads\/2024\/11\/handheld-laser-welder-machine.jpg\" class=\"vc_single_image-img attachment-full\" alt=\"\" title=\"soldadora l\u00e1ser manual\" srcset=\"https:\/\/www.bogonglazer.com\/wp-content\/uploads\/2024\/11\/handheld-laser-welder-machine.jpg 600w, https:\/\/www.bogonglazer.com\/wp-content\/uploads\/2024\/11\/handheld-laser-welder-machine-300x154.jpg 300w\" sizes=\"auto, (max-width: 600px) 100vw, 600px\" \/><\/div>\n\t\t<\/figure>\n\t<\/div>\n<\/div><\/div><\/div><\/div><div class=\"vc_row wpb_row vc_row-fluid\"><div class=\"wpb_column vc_column_container vc_col-sm-12\"><div class=\"vc_column-inner\"><div class=\"wpb_wrapper\">\n\t<div class=\"wpb_text_column wpb_content_element\" >\n\t\t<div class=\"wpb_wrapper\">\n\t\t\t<p>**\u00bfPor qu\u00e9 elegir el l\u00e1ser BOGONG?<\/p>\n<p>BOGONG famoso por su calidad de los equipos l\u00e1ser y el servicio de servicio post-venta, Nuestras m\u00e1quinas son vers\u00e1tiles y f\u00e1ciles de usar, dise\u00f1ado con todos los niveles de habilidad en mente. Por encima de todo, damos prioridad a la satisfacci\u00f3n del cliente. Si usted es un experto o un principiante, BOGONG LASER est\u00e1 aqu\u00ed para apoyarle en cada paso del camino. Conf\u00ede en nosotros y en nuestro servicio, donde la excelencia y la innovaci\u00f3n se unen para su \u00e9xito.<\/p>\n\n\t\t<\/div>\n\t<\/div>\n<\/div><\/div><\/div><\/div>\n<\/div>","protected":false},"excerpt":{"rendered":"<p>Descubra la soldadora l\u00e1ser port\u00e1til 2024 en venta<\/p>\n<p>Introducing the &#8230; <\/p>","protected":false},"featured_media":1855,"template":"","meta":[],"product_brand":[],"product_cat":[115],"product_tag":[109,108,107],"class_list":{"0":"post-1828","1":"product","2":"type-product","3":"status-publish","4":"has-post-thumbnail","6":"product_cat-handheld-laser-welder","7":"product_tag-fiber-laser-welder","8":"product_tag-handheld-laser-welder","9":"product_tag-laser-welding-machine","11":"first","12":"instock","13":"shipping-taxable","14":"product-type-simple"},"yoast_head":"<!-- This site is optimized with the Yoast SEO plugin v26.7 - https:\/\/yoast.com\/wordpress\/plugins\/seo\/ -->\n<title>Best Handheld Laser Welder Welding Machine - BOGONG LASER\u00ae<\/title>\n<meta name=\"robots\" content=\"index, follow, max-snippet:-1, max-image-preview:large, max-video-preview:-1\" \/>\n<link rel=\"canonical\" href=\"https:\/\/www.bogonglazer.com\/es\/producto\/best-handheld-laser-welder\/\" \/>\n<meta property=\"og:locale\" content=\"es_ES\" \/>\n<meta property=\"og:type\" content=\"article\" \/>\n<meta property=\"og:title\" content=\"Best Handheld Laser Welder Welding Machine - BOGONG LASER\u00ae\" \/>\n<meta property=\"og:description\" content=\"Discover the 2024 Portable Handheld Laser Welding Machine for Sale  Introducing the ...\" \/>\n<meta property=\"og:url\" content=\"https:\/\/www.bogonglazer.com\/es\/producto\/best-handheld-laser-welder\/\" \/>\n<meta property=\"og:site_name\" content=\"BOGONG LASER\u00ae\" \/>\n<meta property=\"article:modified_time\" content=\"2025-01-20T12:48:15+00:00\" \/>\n<meta property=\"og:image\" content=\"https:\/\/www.bogonglazer.com\/wp-content\/uploads\/2024\/11\/fiber-laser-welder.jpg\" \/>\n\t<meta property=\"og:image:width\" content=\"600\" \/>\n\t<meta property=\"og:image:height\" content=\"600\" \/>\n\t<meta property=\"og:image:type\" content=\"image\/jpeg\" \/>\n<meta name=\"twitter:card\" content=\"summary_large_image\" \/>\n<meta name=\"twitter:label1\" content=\"Tiempo de lectura\" \/>\n\t<meta name=\"twitter:data1\" content=\"4 minutos\" \/>\n<script type=\"application\/ld+json\" class=\"yoast-schema-graph\">{\"@context\":\"https:\/\/schema.org\",\"@graph\":[{\"@type\":\"WebPage\",\"@id\":\"https:\/\/www.bogonglazer.com\/product\/best-handheld-laser-welder\/\",\"url\":\"https:\/\/www.bogonglazer.com\/product\/best-handheld-laser-welder\/\",\"name\":\"Best Handheld Laser Welder Welding Machine - BOGONG LASER\u00ae\",\"isPartOf\":{\"@id\":\"https:\/\/www.bogonglazer.com\/#website\"},\"primaryImageOfPage\":{\"@id\":\"https:\/\/www.bogonglazer.com\/product\/best-handheld-laser-welder\/#primaryimage\"},\"image\":{\"@id\":\"https:\/\/www.bogonglazer.com\/product\/best-handheld-laser-welder\/#primaryimage\"},\"thumbnailUrl\":\"https:\/\/www.bogonglazer.com\/wp-content\/uploads\/2024\/11\/fiber-laser-welder.jpg\",\"datePublished\":\"2024-11-14T07:48:52+00:00\",\"dateModified\":\"2025-01-20T12:48:15+00:00\",\"breadcrumb\":{\"@id\":\"https:\/\/www.bogonglazer.com\/product\/best-handheld-laser-welder\/#breadcrumb\"},\"inLanguage\":\"es\",\"potentialAction\":[{\"@type\":\"ReadAction\",\"target\":[\"https:\/\/www.bogonglazer.com\/product\/best-handheld-laser-welder\/\"]}]},{\"@type\":\"ImageObject\",\"inLanguage\":\"es\",\"@id\":\"https:\/\/www.bogonglazer.com\/product\/best-handheld-laser-welder\/#primaryimage\",\"url\":\"https:\/\/www.bogonglazer.com\/wp-content\/uploads\/2024\/11\/fiber-laser-welder.jpg\",\"contentUrl\":\"https:\/\/www.bogonglazer.com\/wp-content\/uploads\/2024\/11\/fiber-laser-welder.jpg\",\"width\":600,\"height\":600},{\"@type\":\"BreadcrumbList\",\"@id\":\"https:\/\/www.bogonglazer.com\/product\/best-handheld-laser-welder\/#breadcrumb\",\"itemListElement\":[{\"@type\":\"ListItem\",\"position\":1,\"name\":\"\u9996\u9875\",\"item\":\"https:\/\/www.bogonglazer.com\/\"},{\"@type\":\"ListItem\",\"position\":2,\"name\":\"Products\",\"item\":\"https:\/\/www.bogonglazer.com\/products\/\"},{\"@type\":\"ListItem\",\"position\":3,\"name\":\"Best Handheld Laser Welder Welding Machine\"}]},{\"@type\":\"WebSite\",\"@id\":\"https:\/\/www.bogonglazer.com\/#website\",\"url\":\"https:\/\/www.bogonglazer.com\/\",\"name\":\"BOGONG LASER\u00ae\",\"description\":\"BOGONG\u00ae is a Professional China CNC laser machine manufacturer for fiber Laser cutting Machine, Laser Engraving Machine, Laser Cleaner, Laser Welder, CO2 laser Cutter and other CNC laser machines.\",\"potentialAction\":[{\"@type\":\"SearchAction\",\"target\":{\"@type\":\"EntryPoint\",\"urlTemplate\":\"https:\/\/www.bogonglazer.com\/?s={search_term_string}\"},\"query-input\":{\"@type\":\"PropertyValueSpecification\",\"valueRequired\":true,\"valueName\":\"search_term_string\"}}],\"inLanguage\":\"es\"}]}<\/script>\n<!-- \/ Yoast SEO plugin. -->","yoast_head_json":{"title":"Best Handheld Laser Welder Welding Machine - BOGONG LASER\u00ae","robots":{"index":"index","follow":"follow","max-snippet":"max-snippet:-1","max-image-preview":"max-image-preview:large","max-video-preview":"max-video-preview:-1"},"canonical":"https:\/\/www.bogonglazer.com\/es\/producto\/best-handheld-laser-welder\/","og_locale":"es_ES","og_type":"article","og_title":"Best Handheld Laser Welder Welding Machine - BOGONG LASER\u00ae","og_description":"Discover the 2024 Portable Handheld Laser Welding Machine for Sale  Introducing the ...","og_url":"https:\/\/www.bogonglazer.com\/es\/producto\/best-handheld-laser-welder\/","og_site_name":"BOGONG LASER\u00ae","article_modified_time":"2025-01-20T12:48:15+00:00","og_image":[{"width":600,"height":600,"url":"https:\/\/www.bogonglazer.com\/wp-content\/uploads\/2024\/11\/fiber-laser-welder.jpg","type":"image\/jpeg"}],"twitter_card":"summary_large_image","twitter_misc":{"Tiempo de lectura":"4 minutos"},"schema":{"@context":"https:\/\/schema.org","@graph":[{"@type":"WebPage","@id":"https:\/\/www.bogonglazer.com\/product\/best-handheld-laser-welder\/","url":"https:\/\/www.bogonglazer.com\/product\/best-handheld-laser-welder\/","name":"Best Handheld Laser Welder Welding Machine - BOGONG LASER\u00ae","isPartOf":{"@id":"https:\/\/www.bogonglazer.com\/#website"},"primaryImageOfPage":{"@id":"https:\/\/www.bogonglazer.com\/product\/best-handheld-laser-welder\/#primaryimage"},"image":{"@id":"https:\/\/www.bogonglazer.com\/product\/best-handheld-laser-welder\/#primaryimage"},"thumbnailUrl":"https:\/\/www.bogonglazer.com\/wp-content\/uploads\/2024\/11\/fiber-laser-welder.jpg","datePublished":"2024-11-14T07:48:52+00:00","dateModified":"2025-01-20T12:48:15+00:00","breadcrumb":{"@id":"https:\/\/www.bogonglazer.com\/product\/best-handheld-laser-welder\/#breadcrumb"},"inLanguage":"es","potentialAction":[{"@type":"ReadAction","target":["https:\/\/www.bogonglazer.com\/product\/best-handheld-laser-welder\/"]}]},{"@type":"ImageObject","inLanguage":"es","@id":"https:\/\/www.bogonglazer.com\/product\/best-handheld-laser-welder\/#primaryimage","url":"https:\/\/www.bogonglazer.com\/wp-content\/uploads\/2024\/11\/fiber-laser-welder.jpg","contentUrl":"https:\/\/www.bogonglazer.com\/wp-content\/uploads\/2024\/11\/fiber-laser-welder.jpg","width":600,"height":600},{"@type":"BreadcrumbList","@id":"https:\/\/www.bogonglazer.com\/product\/best-handheld-laser-welder\/#breadcrumb","itemListElement":[{"@type":"ListItem","position":1,"name":"\u9996\u9875","item":"https:\/\/www.bogonglazer.com\/"},{"@type":"ListItem","position":2,"name":"Products","item":"https:\/\/www.bogonglazer.com\/products\/"},{"@type":"ListItem","position":3,"name":"Best Handheld Laser Welder Welding Machine"}]},{"@type":"WebSite","@id":"https:\/\/www.bogonglazer.com\/#website","url":"https:\/\/www.bogonglazer.com\/","name":"BOGONG LASER\u00ae","description":"BOGONG\u00ae es un fabricante profesional de m\u00e1quinas l\u00e1ser CNC de China para M\u00e1quina de corte l\u00e1ser de fibra, M\u00e1quina de grabado l\u00e1ser, Limpiador l\u00e1ser, Soldador l\u00e1ser, Cortadora l\u00e1ser de CO2 y otras m\u00e1quinas l\u00e1ser CNC.","potentialAction":[{"@type":"SearchAction","target":{"@type":"EntryPoint","urlTemplate":"https:\/\/www.bogonglazer.com\/?s={search_term_string}"},"query-input":{"@type":"PropertyValueSpecification","valueRequired":true,"valueName":"search_term_string"}}],"inLanguage":"es"}]}},"_links":{"self":[{"href":"https:\/\/www.bogonglazer.com\/es\/wp-json\/wp\/v2\/product\/1828","targetHints":{"allow":["GET"]}}],"collection":[{"href":"https:\/\/www.bogonglazer.com\/es\/wp-json\/wp\/v2\/product"}],"about":[{"href":"https:\/\/www.bogonglazer.com\/es\/wp-json\/wp\/v2\/types\/product"}],"wp:featuredmedia":[{"embeddable":true,"href":"https:\/\/www.bogonglazer.com\/es\/wp-json\/wp\/v2\/media\/1855"}],"wp:attachment":[{"href":"https:\/\/www.bogonglazer.com\/es\/wp-json\/wp\/v2\/media?parent=1828"}],"wp:term":[{"taxonomy":"product_brand","embeddable":true,"href":"https:\/\/www.bogonglazer.com\/es\/wp-json\/wp\/v2\/product_brand?post=1828"},{"taxonomy":"product_cat","embeddable":true,"href":"https:\/\/www.bogonglazer.com\/es\/wp-json\/wp\/v2\/product_cat?post=1828"},{"taxonomy":"product_tag","embeddable":true,"href":"https:\/\/www.bogonglazer.com\/es\/wp-json\/wp\/v2\/product_tag?post=1828"}],"curies":[{"name":"wp","href":"https:\/\/api.w.org\/{rel}","templated":true}]}}