{"id":2118,"date":"2024-12-04T15:48:23","date_gmt":"2024-12-04T07:48:23","guid":{"rendered":"https:\/\/bogonglaser.com\/?post_type=product&#038;p=2118"},"modified":"2024-12-09T13:07:44","modified_gmt":"2024-12-09T05:07:44","slug":"50w-split-fiber-laser-engraving-machine","status":"publish","type":"product","link":"https:\/\/www.bogonglazer.com\/es\/producto\/50w-split-fiber-laser-engraving-machine\/","title":{"rendered":"M\u00e1quina de grabado l\u00e1ser de fibra dividida 50W"},"content":{"rendered":"<div class=\"wpb-content-wrapper\"><div class=\"vc_row wpb_row vc_row-fluid\"><div class=\"wpb_column vc_column_container vc_col-sm-12\"><div class=\"vc_column-inner\"><div class=\"wpb_wrapper\">\n\t<div class=\"wpb_text_column wpb_content_element\" >\n\t\t<div class=\"wpb_wrapper\">\n\t\t\t<p>Custom Solutions: Whether you&#8217;re looking for gifts or professional engravings, the BOGONG 50W split laser engraver enables you to easily realize your creative visions, offering a platform for limitless possibilities.<\/p>\n<p>Engraving Area: With a generous 7.9&#215;7.9 inch (200&#215;200 mm) work surface, 50W of power, and an impressive engraving speed of 10,000 mm\/s, this machine is ideal for a wide range of projects. (100*100mm and 300*300mm lens for optional)<\/p>\n\n\t\t<\/div>\n\t<\/div>\n<\/div><\/div><\/div><\/div><div class=\"vc_row wpb_row vc_row-fluid\"><div class=\"wpb_column vc_column_container vc_col-sm-12\"><div class=\"vc_column-inner\"><div class=\"wpb_wrapper\">\n\t<div  class=\"wpb_single_image wpb_content_element vc_align_left wpb_content_element\">\n\t\t\n\t\t<figure class=\"wpb_wrapper vc_figure\">\n\t\t\t<div class=\"vc_single_image-wrapper   vc_box_border_grey\"><img loading=\"lazy\" decoding=\"async\" width=\"800\" height=\"600\" src=\"https:\/\/www.bogonglazer.com\/wp-content\/uploads\/2024\/10\/gun-laser-engraving-machine.jpg\" class=\"vc_single_image-img attachment-full\" alt=\"\" title=\"m\u00e1quina de grabado l\u00e1ser de pistolas\" srcset=\"https:\/\/www.bogonglazer.com\/wp-content\/uploads\/2024\/10\/gun-laser-engraving-machine.jpg 800w, https:\/\/www.bogonglazer.com\/wp-content\/uploads\/2024\/10\/gun-laser-engraving-machine-300x225.jpg 300w, https:\/\/www.bogonglazer.com\/wp-content\/uploads\/2024\/10\/gun-laser-engraving-machine-768x576.jpg 768w, https:\/\/www.bogonglazer.com\/wp-content\/uploads\/2024\/10\/gun-laser-engraving-machine-600x450.jpg 600w\" sizes=\"auto, (max-width: 800px) 100vw, 800px\" \/><\/div>\n\t\t<\/figure>\n\t<\/div>\n<\/div><\/div><\/div><\/div><div class=\"vc_row wpb_row vc_row-fluid\"><div class=\"wpb_column vc_column_container vc_col-sm-12\"><div class=\"vc_column-inner\"><div class=\"wpb_wrapper\">\n\t<div class=\"wpb_video_widget wpb_content_element vc_clearfix   vc_video-aspect-ratio-169 vc_video-el-width-80 vc_video-align-left\" >\n\t\t<div class=\"wpb_wrapper\">\n\t\t\t<h2 class=\"wpb_heading wpb_video_heading\">BOGONG 50w Split Laser Marking Machine Show<\/h2>\n\t\t\t<div class=\"wpb_video_wrapper\"><iframe loading=\"lazy\" title=\"Introducing BOOGNG Mini Laser Engraving Machine - Your Ultimate Fiber Laser Engraver Experience!\" width=\"500\" height=\"281\" src=\"https:\/\/www.youtube.com\/embed\/DqvsGNxiQBc?feature=oembed\" frameborder=\"0\" allow=\"accelerometer; autoplay; clipboard-write; encrypted-media; gyroscope; picture-in-picture; web-share\" referrerpolicy=\"strict-origin-when-cross-origin\" allowfullscreen><\/iframe><\/div>\n\t\t<\/div>\n\t<\/div>\n<\/div><\/div><\/div><\/div><div class=\"vc_row wpb_row vc_row-fluid\"><div class=\"wpb_column vc_column_container vc_col-sm-12\"><div class=\"vc_column-inner\"><div class=\"wpb_wrapper\">\n\t<div class=\"wpb_text_column wpb_content_element\" >\n\t\t<div class=\"wpb_wrapper\">\n\t\t\t<p>User-Friendly Control Interface: This laser machine features a straightforward control panel EZCAD2 and is compatible with LightBurn software, making it accessible for both beginners and seasoned users. You can dive right in and enhance your workflow efficiency.<\/p>\n<p>Versatile Material Options: Easily engrave on a wide range of materials, such as brass, carbide, granite, stainless steel, metal, and plastic. This flexibility allows you to bring your unique DIY projects and handmade creations to life.<\/p>\n<p>Space-Efficient Design: Weighing in at 37kg, this machine features a split design with tall columns and a spacious processing area, making it ideal for various work environments, even those with limited space.<\/p>\n<p>Protective Packaging: Your machine comes securely cushioned in foam to ensure it arrives undamaged. If any issues occur during shipping, you may be eligible for compensation.<\/p>\n<p>Comprehensive Pre-Sales Support: Whether you prefer to email, call, chat online, or visit our customer representative, our dedicated team provides thorough support to help you understand every aspect of the machine. We&#8217;re here to answer your questions and give you the confidence you need.<\/p>\n<p>Post-Sales Support: We offer virtual installation sessions and expert technical assistance, along with a warranty of up to 2 years (for the machine only) to give you peace of mind.<\/p>\n\n\t\t<\/div>\n\t<\/div>\n<\/div><\/div><\/div><\/div><div class=\"vc_row wpb_row vc_row-fluid\"><div class=\"wpb_column vc_column_container vc_col-sm-12\"><div class=\"vc_column-inner\"><div class=\"wpb_wrapper\">\n\t<div  class=\"wpb_single_image wpb_content_element vc_align_left wpb_content_element\">\n\t\t\n\t\t<figure class=\"wpb_wrapper vc_figure\">\n\t\t\t<div class=\"vc_single_image-wrapper   vc_box_border_grey\"><img loading=\"lazy\" decoding=\"async\" width=\"700\" height=\"360\" src=\"https:\/\/www.bogonglazer.com\/wp-content\/uploads\/2024\/10\/laser-machine.png\" class=\"vc_single_image-img attachment-full\" alt=\"firearms laser engraver\" title=\"m\u00e1quina l\u00e1ser\" srcset=\"https:\/\/www.bogonglazer.com\/wp-content\/uploads\/2024\/10\/laser-machine.png 700w, https:\/\/www.bogonglazer.com\/wp-content\/uploads\/2024\/10\/laser-machine-300x154.png 300w, https:\/\/www.bogonglazer.com\/wp-content\/uploads\/2024\/10\/laser-machine-600x309.png 600w\" sizes=\"auto, (max-width: 700px) 100vw, 700px\" \/><\/div>\n\t\t<\/figure>\n\t<\/div>\n<\/div><\/div><\/div><\/div><div class=\"vc_row wpb_row vc_row-fluid\"><div class=\"wpb_column vc_column_container vc_col-sm-12\"><div class=\"vc_column-inner\"><div class=\"wpb_wrapper\">\n\t<div class=\"wpb_text_column wpb_content_element\" >\n\t\t<div class=\"wpb_wrapper\">\n\t\t\t<h3>50W Split Mini Laser Engraving Marking Machine<\/h3>\n<p>Increase efficiency and convenience while maximizing space, making it the ideal choice for all your engraving requirements.<\/p>\n\n\t\t<\/div>\n\t<\/div>\n<\/div><\/div><\/div><\/div><div class=\"vc_row wpb_row vc_row-fluid\"><div class=\"wpb_column vc_column_container vc_col-sm-12\"><div class=\"vc_column-inner\"><div class=\"wpb_wrapper\">\n\t<div  class=\"wpb_single_image wpb_content_element vc_align_left wpb_content_element\">\n\t\t\n\t\t<figure class=\"wpb_wrapper vc_figure\">\n\t\t\t<div class=\"vc_single_image-wrapper   vc_box_border_grey\"><img loading=\"lazy\" decoding=\"async\" width=\"1247\" height=\"510\" src=\"https:\/\/www.bogonglazer.com\/wp-content\/uploads\/2024\/12\/8099368FDA9E46B0E54E09A3AD53B032.jpg\" class=\"vc_single_image-img attachment-full\" alt=\"\" title=\"8099368FDA9E46B0E54E09A3AD53B032\" srcset=\"https:\/\/www.bogonglazer.com\/wp-content\/uploads\/2024\/12\/8099368FDA9E46B0E54E09A3AD53B032.jpg 1247w, https:\/\/www.bogonglazer.com\/wp-content\/uploads\/2024\/12\/8099368FDA9E46B0E54E09A3AD53B032-300x123.jpg 300w, https:\/\/www.bogonglazer.com\/wp-content\/uploads\/2024\/12\/8099368FDA9E46B0E54E09A3AD53B032-1024x419.jpg 1024w, https:\/\/www.bogonglazer.com\/wp-content\/uploads\/2024\/12\/8099368FDA9E46B0E54E09A3AD53B032-768x314.jpg 768w, https:\/\/www.bogonglazer.com\/wp-content\/uploads\/2024\/12\/8099368FDA9E46B0E54E09A3AD53B032-600x245.jpg 600w, https:\/\/www.bogonglazer.com\/wp-content\/uploads\/2024\/12\/8099368FDA9E46B0E54E09A3AD53B032-1000x409.jpg 1000w\" sizes=\"auto, (max-width: 1247px) 100vw, 1247px\" \/><\/div>\n\t\t<\/figure>\n\t<\/div>\n<\/div><\/div><\/div><\/div><div class=\"vc_row wpb_row vc_row-fluid\"><div class=\"wpb_column vc_column_container vc_col-sm-12\"><div class=\"vc_column-inner\"><div class=\"wpb_wrapper\">\n\t<div class=\"wpb_text_column wpb_content_element\" >\n\t\t<div class=\"wpb_wrapper\">\n\t\t\t<h3>Material\u00a0Capability<\/h3>\n<div class=\"collapsible-tab__text\">\n<p><strong>Metals:<\/strong>\u00a0Stainless Steel, Aluminum, Common Alloys, anodized aluminum, Brass, Chromium, Gold&amp;Silver, Titanium<\/p>\n<p><strong>Non-Metals:<\/strong>\u00a0Slate, Hard Plastics, Artificial Leather, Colored Acrylic<\/p>\n<\/div>\n\n\t\t<\/div>\n\t<\/div>\n<\/div><\/div><\/div><\/div><div class=\"vc_row wpb_row vc_row-fluid\"><div class=\"wpb_column vc_column_container vc_col-sm-12\"><div class=\"vc_column-inner\"><div class=\"wpb_wrapper\">\n\t<div class=\"wpb_video_widget wpb_content_element vc_clearfix   vc_video-aspect-ratio-169 vc_video-el-width-80 vc_video-align-left\" >\n\t\t<div class=\"wpb_wrapper\">\n\t\t\t<h2 class=\"wpb_heading wpb_video_heading\">What can a 50W split laser engraving machine do?<\/h2>\n\t\t\t<div class=\"wpb_video_wrapper\"><iframe loading=\"lazy\" title=\"\u00bfQu\u00e9 puede hacer una cortadora grabadora l\u00e1ser de 50W? | Mejor m\u00e1quina de marcado l\u00e1ser de fibra Raycus de 50 vatios en venta\" width=\"413\" height=\"310\" src=\"https:\/\/www.youtube.com\/embed\/1DLnYH3dJXQ?feature=oembed\" frameborder=\"0\" allow=\"accelerometer; autoplay; clipboard-write; encrypted-media; gyroscope; picture-in-picture; web-share\" referrerpolicy=\"strict-origin-when-cross-origin\" allowfullscreen><\/iframe><\/div>\n\t\t<\/div>\n\t<\/div>\n<\/div><\/div><\/div><\/div><div class=\"vc_row wpb_row vc_row-fluid\"><div class=\"wpb_column vc_column_container vc_col-sm-12\"><div class=\"vc_column-inner\"><div class=\"wpb_wrapper\">\n\t<div class=\"wpb_text_column wpb_content_element\" >\n\t\t<div class=\"wpb_wrapper\">\n\t\t\t<p class=\"section-header__title\">Advanced Laser Technology<br \/>\nThe stable and famous laser source in this fiber marking machine ensures consistent and reliable performance, boasting a mean time to failure of over 100,000 hours.<\/p>\n\n\t\t<\/div>\n\t<\/div>\n<\/div><\/div><\/div><\/div><div class=\"vc_row wpb_row vc_row-fluid\"><div class=\"wpb_column vc_column_container vc_col-sm-12\"><div class=\"vc_column-inner\"><div class=\"wpb_wrapper\">\n\t<div class=\"wpb_video_widget wpb_content_element vc_clearfix   vc_video-aspect-ratio-169 vc_video-el-width-80 vc_video-align-left\" >\n\t\t<div class=\"wpb_wrapper\">\n\t\t\t<h2 class=\"wpb_heading wpb_video_heading\">How to use BOGONG 50w Split laser marking machine<\/h2>\n\t\t\t<div class=\"wpb_video_wrapper\"><iframe loading=\"lazy\" title=\"How to USE a Fiber Laser Marking Machine step by step for engraving work | China Laser Engraver\" width=\"500\" height=\"281\" src=\"https:\/\/www.youtube.com\/embed\/WoOi7mteSzM?feature=oembed\" frameborder=\"0\" allow=\"accelerometer; autoplay; clipboard-write; encrypted-media; gyroscope; picture-in-picture; web-share\" referrerpolicy=\"strict-origin-when-cross-origin\" allowfullscreen><\/iframe><\/div>\n\t\t<\/div>\n\t<\/div>\n<\/div><\/div><\/div><\/div><div class=\"vc_row wpb_row vc_row-fluid\"><div class=\"wpb_column vc_column_container vc_col-sm-12\"><div class=\"vc_column-inner\"><div class=\"wpb_wrapper\">\n\t<div class=\"wpb_text_column wpb_content_element\" >\n\t\t<div class=\"wpb_wrapper\">\n\t\t\t<p>Package Includes<br \/>\n&#8211; 1 x 50 Watt Fiber Laser Marker Machine<br \/>\n&#8211; 1 x Power Cable<br \/>\n&#8211; 1 x Foot Pedal<br \/>\n&#8211; 1 x Pair of Laser Safety Glasses<br \/>\n&#8211; 1 x USB Flash Drive<br \/>\n&#8211; 1 x Ruler<br \/>\n&#8211; 1 x Instruction Manual<\/p>\n<p>&#8211; 1 x Test Aluminium Card<\/p>\n<p>&#8211; 1 x Tools<\/p>\n\n\t\t<\/div>\n\t<\/div>\n<\/div><\/div><\/div><\/div><div class=\"vc_row wpb_row vc_row-fluid\"><div class=\"wpb_column vc_column_container vc_col-sm-12\"><div class=\"vc_column-inner\"><div class=\"wpb_wrapper\">\n\t<div class=\"wpb_video_widget wpb_content_element vc_clearfix   vc_video-aspect-ratio-169 vc_video-el-width-100 vc_video-align-left\" >\n\t\t<div class=\"wpb_wrapper\">\n\t\t\t\n\t\t\t<div class=\"wpb_video_wrapper\"><iframe loading=\"lazy\" title=\"Unpacking BOGONG MINI Fiber Laser Engraving Machine | Best BOGONG LASER ENGRAVER\" width=\"500\" height=\"281\" src=\"https:\/\/www.youtube.com\/embed\/_96ZvRvowGE?feature=oembed\" frameborder=\"0\" allow=\"accelerometer; autoplay; clipboard-write; encrypted-media; gyroscope; picture-in-picture; web-share\" referrerpolicy=\"strict-origin-when-cross-origin\" allowfullscreen><\/iframe><\/div>\n\t\t<\/div>\n\t<\/div>\n<\/div><\/div><\/div><\/div><div class=\"vc_row wpb_row vc_row-fluid\"><div class=\"wpb_column vc_column_container vc_col-sm-12\"><div class=\"vc_column-inner\"><div class=\"wpb_wrapper\">\n\t<div class=\"wpb_text_column wpb_content_element\" >\n\t\t<div class=\"wpb_wrapper\">\n\t\t\t<h2>C\u00f3mo elegir la marca adecuada<\/h2>\n<p>Invertir en una m\u00e1quina de grabado con pistola l\u00e1ser de fibra es una decisi\u00f3n importante, por lo que es esencial elegir una marca que ofrezca valor y fiabilidad. Estos son algunos factores importantes a tener en cuenta a la hora de seleccionar la marca adecuada para sus necesidades:<\/p>\n<p>Reputaci\u00f3n de la marca: Investigue la reputaci\u00f3n y fiabilidad de la marca dentro del sector. Busque empresas conocidas por sus productos de calidad.<\/p>\n<p>Experiencia en el sector: Eval\u00fae la experiencia y los conocimientos de la marca en el campo del grabado por l\u00e1ser.<\/p>\n<p>Calidad e innovaci\u00f3n de los productos: Tenga en cuenta la calidad de los productos y las innovaciones tecnol\u00f3gicas que ofrecen.<\/p>\n<p>Variedad de modelos: Busque una marca que ofrezca una gama diversa de modelos con distintas especificaciones para satisfacer sus necesidades espec\u00edficas.<\/p>\n<p>Asistencia posventa: Compruebe el nivel de asistencia posventa ofrecido. Un servicio de atenci\u00f3n al cliente fiable es crucial para resolver cualquier problema que pueda surgir.<\/p>\n<p>Garant\u00eda: Examina las pol\u00edticas de garant\u00eda asociadas a sus productos para asegurarte de que est\u00e1s protegido en caso de defectos o problemas.<\/p>\n<p>Por \u00faltimo, el precio y el valor global son consideraciones clave. Aseg\u00farate de leer las opiniones y recomendaciones de los usuarios para tomar una decisi\u00f3n informada.<\/p>\n\n\t\t<\/div>\n\t<\/div>\n<\/div><\/div><\/div><\/div><div class=\"vc_row wpb_row vc_row-fluid\"><div class=\"wpb_column vc_column_container vc_col-sm-12\"><div class=\"vc_column-inner\"><div class=\"wpb_wrapper\">\n\t<div class=\"wpb_text_column wpb_content_element\" >\n\t\t<div class=\"wpb_wrapper\">\n\t\t\t<p>**\u00bfPor qu\u00e9 elegir el l\u00e1ser BOGONG?<\/p>\n<p>BOGONG famoso por su calidad de los equipos l\u00e1ser y el servicio de servicio post-venta, Nuestras m\u00e1quinas son vers\u00e1tiles y f\u00e1ciles de usar, dise\u00f1ado con todos los niveles de habilidad en mente. Por encima de todo, damos prioridad a la satisfacci\u00f3n del cliente. Si usted es un experto o un principiante, BOGONG LASER est\u00e1 aqu\u00ed para apoyarle en cada paso del camino. Conf\u00ede en nosotros y en nuestro servicio, donde la excelencia y la innovaci\u00f3n se unen para su \u00e9xito.<\/p>\n\n\t\t<\/div>\n\t<\/div>\n<\/div><\/div><\/div><\/div>\n<\/div>","protected":false},"excerpt":{"rendered":"<h2>50W Split Mini Fiber Laser Engraving Machine<\/h2>\n<p>BOGONG 50w fiber laser engraving &#8230; <\/p>","protected":false},"featured_media":1639,"template":"","meta":[],"product_brand":[],"product_cat":[97,93],"product_tag":[123,102],"class_list":{"0":"post-2118","1":"product","2":"type-product","3":"status-publish","4":"has-post-thumbnail","6":"product_cat-fiber-laser-marker","7":"product_cat-laser-engraving-machine","8":"product_tag-fiber-laser-marking-machine","9":"product_tag-laser-marking-machine","11":"first","12":"instock","13":"shipping-taxable","14":"product-type-simple"},"yoast_head":"<!-- This site is optimized with the Yoast SEO plugin v26.7 - https:\/\/yoast.com\/wordpress\/plugins\/seo\/ -->\n<title>50W Split Fiber Laser Engraving Machine - BOGONG LASER\u00ae<\/title>\n<meta name=\"robots\" content=\"index, follow, max-snippet:-1, max-image-preview:large, max-video-preview:-1\" \/>\n<link rel=\"canonical\" href=\"https:\/\/www.bogonglazer.com\/es\/producto\/50w-split-fiber-laser-engraving-machine\/\" \/>\n<meta property=\"og:locale\" content=\"es_ES\" \/>\n<meta property=\"og:type\" content=\"article\" \/>\n<meta property=\"og:title\" content=\"50W Split Fiber Laser Engraving Machine - BOGONG LASER\u00ae\" \/>\n<meta property=\"og:description\" content=\"50W Split Mini Fiber Laser Engraving Machine BOGONG 50w fiber laser engraving ...\" \/>\n<meta property=\"og:url\" content=\"https:\/\/www.bogonglazer.com\/es\/producto\/50w-split-fiber-laser-engraving-machine\/\" \/>\n<meta property=\"og:site_name\" content=\"BOGONG LASER\u00ae\" \/>\n<meta property=\"article:modified_time\" content=\"2024-12-09T05:07:44+00:00\" \/>\n<meta property=\"og:image\" content=\"https:\/\/www.bogonglazer.com\/wp-content\/uploads\/2024\/10\/2d\u6253\u6807\u673a2-1.png\" \/>\n\t<meta property=\"og:image:width\" content=\"600\" \/>\n\t<meta property=\"og:image:height\" content=\"600\" \/>\n\t<meta property=\"og:image:type\" content=\"image\/png\" \/>\n<meta name=\"twitter:card\" content=\"summary_large_image\" \/>\n<meta name=\"twitter:label1\" content=\"Tiempo de lectura\" \/>\n\t<meta name=\"twitter:data1\" content=\"5 minutos\" \/>\n<script type=\"application\/ld+json\" class=\"yoast-schema-graph\">{\"@context\":\"https:\/\/schema.org\",\"@graph\":[{\"@type\":\"WebPage\",\"@id\":\"https:\/\/www.bogonglazer.com\/product\/50w-split-fiber-laser-engraving-machine\/\",\"url\":\"https:\/\/www.bogonglazer.com\/product\/50w-split-fiber-laser-engraving-machine\/\",\"name\":\"50W Split Fiber Laser Engraving Machine - BOGONG LASER\u00ae\",\"isPartOf\":{\"@id\":\"https:\/\/www.bogonglazer.com\/#website\"},\"primaryImageOfPage\":{\"@id\":\"https:\/\/www.bogonglazer.com\/product\/50w-split-fiber-laser-engraving-machine\/#primaryimage\"},\"image\":{\"@id\":\"https:\/\/www.bogonglazer.com\/product\/50w-split-fiber-laser-engraving-machine\/#primaryimage\"},\"thumbnailUrl\":\"https:\/\/www.bogonglazer.com\/wp-content\/uploads\/2024\/10\/2d\u6253\u6807\u673a2-1.png\",\"datePublished\":\"2024-12-04T07:48:23+00:00\",\"dateModified\":\"2024-12-09T05:07:44+00:00\",\"breadcrumb\":{\"@id\":\"https:\/\/www.bogonglazer.com\/product\/50w-split-fiber-laser-engraving-machine\/#breadcrumb\"},\"inLanguage\":\"es\",\"potentialAction\":[{\"@type\":\"ReadAction\",\"target\":[\"https:\/\/www.bogonglazer.com\/product\/50w-split-fiber-laser-engraving-machine\/\"]}]},{\"@type\":\"ImageObject\",\"inLanguage\":\"es\",\"@id\":\"https:\/\/www.bogonglazer.com\/product\/50w-split-fiber-laser-engraving-machine\/#primaryimage\",\"url\":\"https:\/\/www.bogonglazer.com\/wp-content\/uploads\/2024\/10\/2d\u6253\u6807\u673a2-1.png\",\"contentUrl\":\"https:\/\/www.bogonglazer.com\/wp-content\/uploads\/2024\/10\/2d\u6253\u6807\u673a2-1.png\",\"width\":600,\"height\":600,\"caption\":\"Gun laser engraving machine\"},{\"@type\":\"BreadcrumbList\",\"@id\":\"https:\/\/www.bogonglazer.com\/product\/50w-split-fiber-laser-engraving-machine\/#breadcrumb\",\"itemListElement\":[{\"@type\":\"ListItem\",\"position\":1,\"name\":\"\u9996\u9875\",\"item\":\"https:\/\/www.bogonglazer.com\/\"},{\"@type\":\"ListItem\",\"position\":2,\"name\":\"Products\",\"item\":\"https:\/\/www.bogonglazer.com\/products\/\"},{\"@type\":\"ListItem\",\"position\":3,\"name\":\"50W Split Fiber Laser Engraving Machine\"}]},{\"@type\":\"WebSite\",\"@id\":\"https:\/\/www.bogonglazer.com\/#website\",\"url\":\"https:\/\/www.bogonglazer.com\/\",\"name\":\"BOGONG LASER\u00ae\",\"description\":\"BOGONG\u00ae is a Professional China CNC laser machine manufacturer for fiber Laser cutting Machine, Laser Engraving Machine, Laser Cleaner, Laser Welder, CO2 laser Cutter and other CNC laser machines.\",\"potentialAction\":[{\"@type\":\"SearchAction\",\"target\":{\"@type\":\"EntryPoint\",\"urlTemplate\":\"https:\/\/www.bogonglazer.com\/?s={search_term_string}\"},\"query-input\":{\"@type\":\"PropertyValueSpecification\",\"valueRequired\":true,\"valueName\":\"search_term_string\"}}],\"inLanguage\":\"es\"}]}<\/script>\n<!-- \/ Yoast SEO plugin. -->","yoast_head_json":{"title":"50W Split Fiber Laser Engraving Machine - BOGONG LASER\u00ae","robots":{"index":"index","follow":"follow","max-snippet":"max-snippet:-1","max-image-preview":"max-image-preview:large","max-video-preview":"max-video-preview:-1"},"canonical":"https:\/\/www.bogonglazer.com\/es\/producto\/50w-split-fiber-laser-engraving-machine\/","og_locale":"es_ES","og_type":"article","og_title":"50W Split Fiber Laser Engraving Machine - BOGONG LASER\u00ae","og_description":"50W Split Mini Fiber Laser Engraving Machine BOGONG 50w fiber laser engraving ...","og_url":"https:\/\/www.bogonglazer.com\/es\/producto\/50w-split-fiber-laser-engraving-machine\/","og_site_name":"BOGONG LASER\u00ae","article_modified_time":"2024-12-09T05:07:44+00:00","og_image":[{"width":600,"height":600,"url":"https:\/\/www.bogonglazer.com\/wp-content\/uploads\/2024\/10\/2d\u6253\u6807\u673a2-1.png","type":"image\/png"}],"twitter_card":"summary_large_image","twitter_misc":{"Tiempo de lectura":"5 minutos"},"schema":{"@context":"https:\/\/schema.org","@graph":[{"@type":"WebPage","@id":"https:\/\/www.bogonglazer.com\/product\/50w-split-fiber-laser-engraving-machine\/","url":"https:\/\/www.bogonglazer.com\/product\/50w-split-fiber-laser-engraving-machine\/","name":"50W Split Fiber Laser Engraving Machine - BOGONG LASER\u00ae","isPartOf":{"@id":"https:\/\/www.bogonglazer.com\/#website"},"primaryImageOfPage":{"@id":"https:\/\/www.bogonglazer.com\/product\/50w-split-fiber-laser-engraving-machine\/#primaryimage"},"image":{"@id":"https:\/\/www.bogonglazer.com\/product\/50w-split-fiber-laser-engraving-machine\/#primaryimage"},"thumbnailUrl":"https:\/\/www.bogonglazer.com\/wp-content\/uploads\/2024\/10\/2d\u6253\u6807\u673a2-1.png","datePublished":"2024-12-04T07:48:23+00:00","dateModified":"2024-12-09T05:07:44+00:00","breadcrumb":{"@id":"https:\/\/www.bogonglazer.com\/product\/50w-split-fiber-laser-engraving-machine\/#breadcrumb"},"inLanguage":"es","potentialAction":[{"@type":"ReadAction","target":["https:\/\/www.bogonglazer.com\/product\/50w-split-fiber-laser-engraving-machine\/"]}]},{"@type":"ImageObject","inLanguage":"es","@id":"https:\/\/www.bogonglazer.com\/product\/50w-split-fiber-laser-engraving-machine\/#primaryimage","url":"https:\/\/www.bogonglazer.com\/wp-content\/uploads\/2024\/10\/2d\u6253\u6807\u673a2-1.png","contentUrl":"https:\/\/www.bogonglazer.com\/wp-content\/uploads\/2024\/10\/2d\u6253\u6807\u673a2-1.png","width":600,"height":600,"caption":"Gun laser engraving machine"},{"@type":"BreadcrumbList","@id":"https:\/\/www.bogonglazer.com\/product\/50w-split-fiber-laser-engraving-machine\/#breadcrumb","itemListElement":[{"@type":"ListItem","position":1,"name":"\u9996\u9875","item":"https:\/\/www.bogonglazer.com\/"},{"@type":"ListItem","position":2,"name":"Products","item":"https:\/\/www.bogonglazer.com\/products\/"},{"@type":"ListItem","position":3,"name":"50W Split Fiber Laser Engraving Machine"}]},{"@type":"WebSite","@id":"https:\/\/www.bogonglazer.com\/#website","url":"https:\/\/www.bogonglazer.com\/","name":"BOGONG LASER\u00ae","description":"BOGONG\u00ae es un fabricante profesional de m\u00e1quinas l\u00e1ser CNC de China para M\u00e1quina de corte l\u00e1ser de fibra, M\u00e1quina de grabado l\u00e1ser, Limpiador l\u00e1ser, Soldador l\u00e1ser, Cortadora l\u00e1ser de CO2 y otras m\u00e1quinas l\u00e1ser CNC.","potentialAction":[{"@type":"SearchAction","target":{"@type":"EntryPoint","urlTemplate":"https:\/\/www.bogonglazer.com\/?s={search_term_string}"},"query-input":{"@type":"PropertyValueSpecification","valueRequired":true,"valueName":"search_term_string"}}],"inLanguage":"es"}]}},"_links":{"self":[{"href":"https:\/\/www.bogonglazer.com\/es\/wp-json\/wp\/v2\/product\/2118","targetHints":{"allow":["GET"]}}],"collection":[{"href":"https:\/\/www.bogonglazer.com\/es\/wp-json\/wp\/v2\/product"}],"about":[{"href":"https:\/\/www.bogonglazer.com\/es\/wp-json\/wp\/v2\/types\/product"}],"wp:featuredmedia":[{"embeddable":true,"href":"https:\/\/www.bogonglazer.com\/es\/wp-json\/wp\/v2\/media\/1639"}],"wp:attachment":[{"href":"https:\/\/www.bogonglazer.com\/es\/wp-json\/wp\/v2\/media?parent=2118"}],"wp:term":[{"taxonomy":"product_brand","embeddable":true,"href":"https:\/\/www.bogonglazer.com\/es\/wp-json\/wp\/v2\/product_brand?post=2118"},{"taxonomy":"product_cat","embeddable":true,"href":"https:\/\/www.bogonglazer.com\/es\/wp-json\/wp\/v2\/product_cat?post=2118"},{"taxonomy":"product_tag","embeddable":true,"href":"https:\/\/www.bogonglazer.com\/es\/wp-json\/wp\/v2\/product_tag?post=2118"}],"curies":[{"name":"wp","href":"https:\/\/api.w.org\/{rel}","templated":true}]}}