{"id":2123,"date":"2024-12-05T23:00:35","date_gmt":"2024-12-05T15:00:35","guid":{"rendered":"https:\/\/bogonglaser.com\/?post_type=product&#038;p=2123"},"modified":"2024-12-09T13:24:58","modified_gmt":"2024-12-09T05:24:58","slug":"3d-uv-laser-marking-machine","status":"publish","type":"product","link":"https:\/\/www.bogonglazer.com\/es\/producto\/3d-uv-laser-marking-machine\/","title":{"rendered":"M\u00e1quina de taladrado l\u00e1ser de vidrio | M\u00e1quina de corte l\u00e1ser de vidrio MOPA M8"},"content":{"rendered":"<div class=\"wpb-content-wrapper\"><div class=\"vc_row wpb_row vc_row-fluid\"><div class=\"wpb_column vc_column_container vc_col-sm-12\"><div class=\"vc_column-inner\"><div class=\"wpb_wrapper\">\n\t<div class=\"wpb_text_column wpb_content_element\" >\n\t\t<div class=\"wpb_wrapper\">\n\t\t\t<h2>\u00bfQu\u00e9 es la taladradora l\u00e1ser de vidrio?<\/h2>\n<p>Una taladradora l\u00e1ser para vidrio es una herramienta de alta tecnolog\u00eda que corta sobre vidrio con gran precisi\u00f3n. Utiliza un potente haz de luz para fundir o vaporizar el vidrio en zonas espec\u00edficas, lo que permite crear dise\u00f1os y patrones detallados. Estas m\u00e1quinas suelen utilizarse en campos como la construcci\u00f3n, el arte y la fabricaci\u00f3n, donde la calidad es importante. Tienen ventajas como menos residuos, tiempos de producci\u00f3n m\u00e1s r\u00e1pidos y la capacidad de trabajar con piezas de vidrio gruesas y finas de forma f\u00e1cil y eficaz.<\/p>\n<ul>\n<li>Fuente l\u00e1ser M8<\/li>\n<li>Software de corte 3D<\/li>\n<li>Amplia selecci\u00f3n de<\/li>\n<li>2 a\u00f1os de garant\u00eda<\/li>\n<\/ul>\n\n\t\t<\/div>\n\t<\/div>\n<\/div><\/div><\/div><\/div><div class=\"vc_row wpb_row vc_row-fluid\"><div class=\"wpb_column vc_column_container vc_col-sm-12\"><div class=\"vc_column-inner\"><div class=\"wpb_wrapper\">\n\t<div  class=\"wpb_single_image wpb_content_element vc_align_left wpb_content_element\">\n\t\t\n\t\t<figure class=\"wpb_wrapper vc_figure\">\n\t\t\t<div class=\"vc_single_image-wrapper   vc_box_border_grey\"><img loading=\"lazy\" decoding=\"async\" width=\"800\" height=\"308\" src=\"https:\/\/www.bogonglazer.com\/wp-content\/uploads\/2024\/12\/glass-drilling-machine.jpg\" class=\"vc_single_image-img attachment-full\" alt=\"\" title=\"taladradora de vidrio\" srcset=\"https:\/\/www.bogonglazer.com\/wp-content\/uploads\/2024\/12\/glass-drilling-machine.jpg 800w, https:\/\/www.bogonglazer.com\/wp-content\/uploads\/2024\/12\/glass-drilling-machine-300x116.jpg 300w, https:\/\/www.bogonglazer.com\/wp-content\/uploads\/2024\/12\/glass-drilling-machine-768x296.jpg 768w, https:\/\/www.bogonglazer.com\/wp-content\/uploads\/2024\/12\/glass-drilling-machine-600x231.jpg 600w\" sizes=\"auto, (max-width: 800px) 100vw, 800px\" \/><\/div>\n\t\t<\/figure>\n\t<\/div>\n<\/div><\/div><\/div><\/div><div class=\"vc_row wpb_row vc_row-fluid\"><div class=\"wpb_column vc_column_container vc_col-sm-12\"><div class=\"vc_column-inner\"><div class=\"wpb_wrapper\">\n\t<div class=\"wpb_video_widget wpb_content_element vc_clearfix   vc_video-aspect-ratio-169 vc_video-el-width-80 vc_video-align-left\" >\n\t\t<div class=\"wpb_wrapper\">\n\t\t\t<h2 class=\"wpb_heading wpb_video_heading\">M\u00e1quina de corte l\u00e1ser de vidrio<\/h2>\n\t\t\t<div class=\"wpb_video_wrapper\"><iframe loading=\"lazy\" title=\"China M\u00e1quina de Corte L\u00e1ser R\u00e1pido de Vidrio Cortadora L\u00e1ser de Fibra para Corte de Vidrio con 100w 250w\" width=\"500\" height=\"281\" src=\"https:\/\/www.youtube.com\/embed\/Kmd0MQuJWxg?feature=oembed\" frameborder=\"0\" allow=\"accelerometer; autoplay; clipboard-write; encrypted-media; gyroscope; picture-in-picture; web-share\" referrerpolicy=\"strict-origin-when-cross-origin\" allowfullscreen><\/iframe><\/div>\n\t\t<\/div>\n\t<\/div>\n<\/div><\/div><\/div><\/div><div class=\"vc_row wpb_row vc_row-fluid\"><div class=\"wpb_column vc_column_container vc_col-sm-12\"><div class=\"vc_column-inner\"><div class=\"wpb_wrapper\">\n\t<div class=\"wpb_text_column wpb_content_element\" >\n\t\t<div class=\"wpb_wrapper\">\n\t\t\t<p>\u00bfEn qu\u00e9 se diferencia el corte de vidrio por l\u00e1ser de los m\u00e9todos tradicionales de corte de vidrio? Los dos procesos var\u00edan significativamente en cuanto a t\u00e9cnica, equipamiento, eficacia y resultados finales.<\/p>\n<p>Corte tradicional del vidrio<br \/>\nEn lo que se refiere al corte tradicional del vidrio, existen tres m\u00e9todos principales utilizados en la producci\u00f3n industrial: Rectificado CNC, corte por chorro de agua y corte por disco.<\/p>\n<p>-Corte por chorro de agua: Este m\u00e9todo utiliza agua a alta presi\u00f3n mezclada con arena abrasiva para cortar vidrio. Es capaz de crear formas curvas y agujeros con gran precisi\u00f3n, pero requiere mucha agua y arena, lo que puede resultar caro y tener un grave impacto ambiental.<\/p>\n<p>- Corte con muela: El corte con disco consiste en utilizar un disco de cuchillas para marcar l\u00edneas en el cristal y, a continuaci\u00f3n, aplicar presi\u00f3n para romperlo a lo largo de esas l\u00edneas. Aunque este m\u00e9todo es asequible y f\u00e1cil de usar, a menudo produce astillas y bordes dentados, lo que dificulta la obtenci\u00f3n de cortes precisos, especialmente en piezas peque\u00f1as. La seguridad es tambi\u00e9n una gran preocupaci\u00f3n para los trabajadores durante este proceso.<\/p>\n<p>- Rectificado CNC: Esta t\u00e9cnica perfora el vidrio para darle forma y contorno, pero requiere un taladro refrigerado por agua y un sistema de recuperaci\u00f3n. Las brocas se desgastan r\u00e1pidamente, lo que puede aumentar los costes y ralentizar la producci\u00f3n.<\/p>\n<p>Corte de vidrio por l\u00e1ser Taladrado<br \/>\nPor otro lado, el corte de vidrio por l\u00e1ser es cada vez m\u00e1s popular debido a su capacidad para cumplir las normas precisas y exigentes requeridas en las aplicaciones actuales. El corte por l\u00e1ser puede dividirse en dos categor\u00edas: corte por l\u00e1ser de vidrio y taladrado por l\u00e1ser de vidrio. El corte por l\u00e1ser a menudo utiliza l\u00e1seres de picosegundos que emiten pulsos ultracortos con alta potencia, el precio de este tipo de m\u00e1quina muy caro. mientras que las m\u00e1quinas l\u00e1ser regulares se pueden utilizar para la perforaci\u00f3n, se utiliza fuente de l\u00e1ser M8, el precio de coste comparar con l\u00e1ser de picosegundos. Al elegir un m\u00e9todo de corte por l\u00e1ser, es importante tener en cuenta diversas aplicaciones y equilibrar el coste, la eficiencia y la calidad.<\/p>\n\n\t\t<\/div>\n\t<\/div>\n<\/div><\/div><\/div><\/div><div class=\"vc_row wpb_row vc_row-fluid\"><div class=\"wpb_column vc_column_container vc_col-sm-12\"><div class=\"vc_column-inner\"><div class=\"wpb_wrapper\">\n\t<div class=\"wpb_video_widget wpb_content_element vc_clearfix   vc_video-aspect-ratio-169 vc_video-el-width-80 vc_video-align-left\" >\n\t\t<div class=\"wpb_wrapper\">\n\t\t\t<h2 class=\"wpb_heading wpb_video_heading\">\u00bfSi la m\u00e1quina taladradora l\u00e1ser de vidrio puede cortar vidrio de 150*150mm?<\/h2>\n\t\t\t<div class=\"wpb_video_wrapper\"><iframe loading=\"lazy\" title=\"M\u00e1quina de corte l\u00e1ser de vidrio de 150mm de di\u00e1metro\" width=\"500\" height=\"281\" src=\"https:\/\/www.youtube.com\/embed\/haVVNZkB5OU?feature=oembed\" frameborder=\"0\" allow=\"accelerometer; autoplay; clipboard-write; encrypted-media; gyroscope; picture-in-picture; web-share\" referrerpolicy=\"strict-origin-when-cross-origin\" allowfullscreen><\/iframe><\/div>\n\t\t<\/div>\n\t<\/div>\n<\/div><\/div><\/div><\/div><div class=\"vc_row wpb_row vc_row-fluid\"><div class=\"wpb_column vc_column_container vc_col-sm-12\"><div class=\"vc_column-inner\"><div class=\"wpb_wrapper\">\n\t<div class=\"wpb_text_column wpb_content_element\" >\n\t\t<div class=\"wpb_wrapper\">\n\t\t\t<p>\u00bfSe puede cortar el vidrio templado con l\u00e1ser? S\u00ed, pero se necesita un tipo especial de l\u00e1ser llamado l\u00e1ser de picosegundos, ya que los l\u00e1seres normales no pueden cortarlo correctamente. Las m\u00e1quinas l\u00e1ser normales, como los l\u00e1seres MOPA, sirven para cortar vidrio sodoc\u00e1lcico, que es el tipo m\u00e1s utilizado. De hecho, alrededor del 75% de todo el vidrio producido es sodoc\u00e1lcico.<\/p>\n<p>Otros tipos de vidrio que pueden cortarse con l\u00e1ser son el borosilicato, el vidrio de plomo, el aluminosilicato y la fibra de vidrio. Las vidrieras, que suelen utilizarse para decoraci\u00f3n, tambi\u00e9n pueden cortarse con l\u00e1ser, pero pueden romperse con facilidad. El corte por l\u00e1ser tambi\u00e9n es adecuado para vidrio templado, vidrio termoendurecido y vidrio reflectante.<\/p>\n\n\t\t<\/div>\n\t<\/div>\n<\/div><\/div><\/div><\/div><div class=\"vc_row wpb_row vc_row-fluid\"><div class=\"wpb_column vc_column_container vc_col-sm-12\"><div class=\"vc_column-inner\"><div class=\"wpb_wrapper\">\n\t<div class=\"wpb_text_column wpb_content_element\" >\n\t\t<div class=\"wpb_wrapper\">\n\t\t\t<p>Ajustes recomendables para el corte de vidrio con l\u00e1ser<\/p>\n<p>Potencia del l\u00e1ser: la potencia del l\u00e1ser que utilice debe oscilar entre 30 W y 800 W, en funci\u00f3n del grosor y el tipo de vidrio. Este rango es importante porque el vidrio absorbe eficazmente la luz en las longitudes de onda adecuadas.<\/p>\n<p>Velocidad de corte: La velocidad a la que se puede cortar el vidrio con un l\u00e1ser depende de su grosor. Generalmente, se puede cortar m\u00e1s r\u00e1pido aumentando la potencia del l\u00e1ser. Por ejemplo, un l\u00e1ser de 80 W puede cortar normalmente vidrio de 0,10 pulgadas de grosor a una velocidad de unas 15 pulgadas por minuto.<\/p>\n<p>\u00c1rea de trabajo: El tama\u00f1o del espacio de trabajo del grabador l\u00e1ser es otro factor importante. Tendr\u00e1 que elegir un cortador l\u00e1ser que pueda adaptarse a las dimensiones de las l\u00e1minas de vidrio que piensa utilizar.<\/p>\n<p>Objetivos: Cuando trabaje con vidrio, lo mejor es utilizar lentes que cumplan las normas ISO-10110. Necesitar\u00e1 una lente de distancia focal corta con un punto focal profundo para garantizar que el rayo l\u00e1ser permanezca enfocado en un punto peque\u00f1o, lo cual es fundamental para cortar vidrio grueso. Una lente recomendada para el corte eficaz de vidrio tendr\u00eda una distancia focal de 2 pulgadas, una profundidad de campo de 0,03 pulgadas y un tama\u00f1o de punto de 0,001 pulgadas.<\/p>\n<p>Sistema de ventilaci\u00f3n: Aunque el corte de vidrio por l\u00e1ser no suele producir polvo ni gases visibles, es esencial disponer de un buen sistema de ventilaci\u00f3n. Los humos liberados pueden variar en toxicidad dependiendo de los materiales utilizados, especialmente con vidrieras, que pueden producir vapores visibles oscuros cuando se cortan. Un buen sistema de ventilaci\u00f3n puede ayudar a eliminar r\u00e1pidamente estos humos y minimizar el riesgo de corrosi\u00f3n o manchas en las piezas de la m\u00e1quina.<\/p>\n\n\t\t<\/div>\n\t<\/div>\n<\/div><\/div><\/div><\/div><div class=\"vc_row wpb_row vc_row-fluid\"><div class=\"wpb_column vc_column_container vc_col-sm-12\"><div class=\"vc_column-inner\"><div class=\"wpb_wrapper\">\n\t<div class=\"wpb_text_column wpb_content_element\" >\n\t\t<div class=\"wpb_wrapper\">\n\t\t\t<p>Las m\u00e1quinas de corte por l\u00e1ser para vidrio ofrecen varias ventajas, como la producci\u00f3n de bordes con un acabado natural y excepcionalmente lisos. A diferencia de los m\u00e9todos tradicionales de corte de vidrio, el corte por l\u00e1ser produce una alta resistencia a la rotura y requiere un mantenimiento m\u00ednimo.<\/p>\n<p>Los procesos automatizados e informatizados utilizados en el corte por l\u00e1ser permiten obtener resultados r\u00e1pidos y rentables. Los l\u00e1seres pueden cortar vidrio de distintos grosores en casi cualquier forma, lo que convierte a este m\u00e9todo en la opci\u00f3n preferida de muchas empresas de distintos sectores por su rapidez, limpieza, precisi\u00f3n y opciones de personalizaci\u00f3n.<\/p>\n<p>Las cortadoras l\u00e1ser industriales ofrecen una gran flexibilidad a la hora de crear diversas formas, a la vez que proporcionan detalles intrincados con una precisi\u00f3n notable. Esta t\u00e9cnica de corte por l\u00e1ser tambi\u00e9n minimiza el desperdicio de material, lo que ayuda a reducir los costes generales.<\/p>\n\n\t\t<\/div>\n\t<\/div>\n<\/div><\/div><\/div><\/div><div class=\"vc_row wpb_row vc_row-fluid\"><div class=\"wpb_column vc_column_container vc_col-sm-12\"><div class=\"vc_column-inner\"><div class=\"wpb_wrapper\">\n\t<div class=\"wpb_text_column wpb_content_element\" >\n\t\t<div class=\"wpb_wrapper\">\n\t\t\t<p>Puedes encontrar m\u00e1s opiniones de clientes en el canal de youtube de BOGONG.<\/p>\n\n\t\t<\/div>\n\t<\/div>\n<\/div><\/div><\/div><\/div><div class=\"vc_row wpb_row vc_row-fluid\"><div class=\"wpb_column vc_column_container vc_col-sm-12\"><div class=\"vc_column-inner\"><div class=\"wpb_wrapper\">\n\t<div class=\"wpb_text_column wpb_content_element\" >\n\t\t<div class=\"wpb_wrapper\">\n\t\t\t<p>Condiciones de pago<\/p>\n<p>1. 1. Dep\u00f3sito y saldo: Se requiere un dep\u00f3sito 30% T\/T por adelantado, con el saldo a pagar antes del env\u00edo.<\/p>\n<p>2. Alibaba Trade Assurance: Los pagos pueden procesarse a trav\u00e9s de Alibaba Trade Assurance.<\/p>\n<p>Preguntas frecuentes sobre la m\u00e1quina de corte por l\u00e1ser para vidrio<\/p>\n<p>\u00bfCu\u00e1l es el embalaje de la m\u00e1quina taladradora l\u00e1ser de vidrio?<br \/>\nNuestras m\u00e1quinas se embalan en tres capas. La capa exterior es una caja de madera, la intermedia est\u00e1 acolchada con espuma para protegerla de las sacudidas y la interior incluye una gruesa bolsa de pl\u00e1stico impermeable.<\/p>\n<p>\u00bfSe da\u00f1ar\u00e1 el paquete durante el transporte?<br \/>\nDise\u00f1amos meticulosamente nuestros embalajes para abordar todos los posibles factores de da\u00f1o, y nuestros agentes de transporte tienen experiencia en transporte seguro. Hemos exportado con \u00e9xito a 180 pa\u00edses, por lo que puede estar seguro de que su paquete llegar\u00e1 en excelentes condiciones.<\/p>\n\n\t\t<\/div>\n\t<\/div>\n<\/div><\/div><\/div><\/div><div class=\"vc_row wpb_row vc_row-fluid\"><div class=\"wpb_column vc_column_container vc_col-sm-12\"><div class=\"vc_column-inner\"><div class=\"wpb_wrapper\">\n\t<div  class=\"wpb_single_image wpb_content_element vc_align_left wpb_content_element\">\n\t\t\n\t\t<figure class=\"wpb_wrapper vc_figure\">\n\t\t\t<div class=\"vc_single_image-wrapper   vc_box_border_grey\"><img loading=\"lazy\" decoding=\"async\" width=\"800\" height=\"600\" src=\"https:\/\/www.bogonglazer.com\/wp-content\/uploads\/2024\/12\/m8\u6253\u6807\u673a\u5de5\u5382\u7167\u7247-2.png\" class=\"vc_single_image-img attachment-full\" alt=\"\" title=\"m8\u6253\u6807\u673a\u5de5\u5382\u7167\u7247 (2)\" srcset=\"https:\/\/www.bogonglazer.com\/wp-content\/uploads\/2024\/12\/m8\u6253\u6807\u673a\u5de5\u5382\u7167\u7247-2.png 800w, https:\/\/www.bogonglazer.com\/wp-content\/uploads\/2024\/12\/m8\u6253\u6807\u673a\u5de5\u5382\u7167\u7247-2-300x225.png 300w, https:\/\/www.bogonglazer.com\/wp-content\/uploads\/2024\/12\/m8\u6253\u6807\u673a\u5de5\u5382\u7167\u7247-2-768x576.png 768w, https:\/\/www.bogonglazer.com\/wp-content\/uploads\/2024\/12\/m8\u6253\u6807\u673a\u5de5\u5382\u7167\u7247-2-600x450.png 600w\" sizes=\"auto, (max-width: 800px) 100vw, 800px\" \/><\/div>\n\t\t<\/figure>\n\t<\/div>\n<\/div><\/div><\/div><\/div><div class=\"vc_row wpb_row vc_row-fluid\"><div class=\"wpb_column vc_column_container vc_col-sm-12\"><div class=\"vc_column-inner\"><div class=\"wpb_wrapper\">\n\t<div class=\"wpb_text_column wpb_content_element\" >\n\t\t<div class=\"wpb_wrapper\">\n\t\t\t<p>La mayor\u00eda de los clientes como elegir el transporte por UPS \/ DHL expreso, puede llegar a su destino alrededor de 5-7 d\u00edas, p\u00f3ngase en contacto con BOGONG para obtener m\u00e1s detalles acerca de la m\u00e1quina de marcado l\u00e1ser uv.<\/p>\n\n\t\t<\/div>\n\t<\/div>\n<\/div><\/div><\/div><\/div>\n<\/div>","protected":false},"excerpt":{"rendered":"<p>M\u00e1quina de corte l\u00e1ser de vidrio<\/p>\n<p>Laser is a fantastic choice if you&#8217;re looking &#8230; <\/p>","protected":false},"featured_media":2143,"template":"","meta":[],"product_brand":[],"product_cat":[97,93,96],"product_tag":[102],"class_list":{"0":"post-2123","1":"product","2":"type-product","3":"status-publish","4":"has-post-thumbnail","6":"product_cat-fiber-laser-marker","7":"product_cat-laser-engraving-machine","8":"product_cat-laser-marking-machine","9":"product_tag-laser-marking-machine","11":"first","12":"instock","13":"shipping-taxable","14":"product-type-simple"},"yoast_head":"<!-- This site is optimized with the Yoast SEO plugin v26.7 - https:\/\/yoast.com\/wordpress\/plugins\/seo\/ -->\n<title>Glass Laser Drilling Machine | MOPA M8 Glass Laser Cutting Machine - BOGONG LASER\u00ae<\/title>\n<meta name=\"robots\" content=\"index, follow, max-snippet:-1, max-image-preview:large, max-video-preview:-1\" \/>\n<link rel=\"canonical\" href=\"https:\/\/www.bogonglazer.com\/es\/producto\/3d-uv-laser-marking-machine\/\" \/>\n<meta property=\"og:locale\" content=\"es_ES\" \/>\n<meta property=\"og:type\" content=\"article\" \/>\n<meta property=\"og:title\" content=\"Glass Laser Drilling Machine | MOPA M8 Glass Laser Cutting Machine - BOGONG LASER\u00ae\" \/>\n<meta property=\"og:description\" content=\"Glass Laser Cutting Machine  Laser is a fantastic choice if you&#039;re looking ...\" \/>\n<meta property=\"og:url\" content=\"https:\/\/www.bogonglazer.com\/es\/producto\/3d-uv-laser-marking-machine\/\" \/>\n<meta property=\"og:site_name\" content=\"BOGONG LASER\u00ae\" \/>\n<meta property=\"article:modified_time\" content=\"2024-12-09T05:24:58+00:00\" \/>\n<meta property=\"og:image\" content=\"https:\/\/www.bogonglazer.com\/wp-content\/uploads\/2024\/12\/m8\u6253\u6807\u673a2-1-1.png\" \/>\n\t<meta property=\"og:image:width\" content=\"600\" \/>\n\t<meta property=\"og:image:height\" content=\"600\" \/>\n\t<meta property=\"og:image:type\" content=\"image\/png\" \/>\n<meta name=\"twitter:card\" content=\"summary_large_image\" \/>\n<meta name=\"twitter:label1\" content=\"Tiempo de lectura\" \/>\n\t<meta name=\"twitter:data1\" content=\"6 minutos\" \/>\n<script type=\"application\/ld+json\" class=\"yoast-schema-graph\">{\"@context\":\"https:\/\/schema.org\",\"@graph\":[{\"@type\":\"WebPage\",\"@id\":\"https:\/\/www.bogonglazer.com\/product\/3d-uv-laser-marking-machine\/\",\"url\":\"https:\/\/www.bogonglazer.com\/product\/3d-uv-laser-marking-machine\/\",\"name\":\"Glass Laser Drilling Machine | MOPA M8 Glass Laser Cutting Machine - BOGONG LASER\u00ae\",\"isPartOf\":{\"@id\":\"https:\/\/www.bogonglazer.com\/#website\"},\"primaryImageOfPage\":{\"@id\":\"https:\/\/www.bogonglazer.com\/product\/3d-uv-laser-marking-machine\/#primaryimage\"},\"image\":{\"@id\":\"https:\/\/www.bogonglazer.com\/product\/3d-uv-laser-marking-machine\/#primaryimage\"},\"thumbnailUrl\":\"https:\/\/www.bogonglazer.com\/wp-content\/uploads\/2024\/12\/m8\u6253\u6807\u673a2-1-1.png\",\"datePublished\":\"2024-12-05T15:00:35+00:00\",\"dateModified\":\"2024-12-09T05:24:58+00:00\",\"breadcrumb\":{\"@id\":\"https:\/\/www.bogonglazer.com\/product\/3d-uv-laser-marking-machine\/#breadcrumb\"},\"inLanguage\":\"es\",\"potentialAction\":[{\"@type\":\"ReadAction\",\"target\":[\"https:\/\/www.bogonglazer.com\/product\/3d-uv-laser-marking-machine\/\"]}]},{\"@type\":\"ImageObject\",\"inLanguage\":\"es\",\"@id\":\"https:\/\/www.bogonglazer.com\/product\/3d-uv-laser-marking-machine\/#primaryimage\",\"url\":\"https:\/\/www.bogonglazer.com\/wp-content\/uploads\/2024\/12\/m8\u6253\u6807\u673a2-1-1.png\",\"contentUrl\":\"https:\/\/www.bogonglazer.com\/wp-content\/uploads\/2024\/12\/m8\u6253\u6807\u673a2-1-1.png\",\"width\":600,\"height\":600,\"caption\":\"Glass laser drilling machine\"},{\"@type\":\"BreadcrumbList\",\"@id\":\"https:\/\/www.bogonglazer.com\/product\/3d-uv-laser-marking-machine\/#breadcrumb\",\"itemListElement\":[{\"@type\":\"ListItem\",\"position\":1,\"name\":\"\u9996\u9875\",\"item\":\"https:\/\/www.bogonglazer.com\/\"},{\"@type\":\"ListItem\",\"position\":2,\"name\":\"Products\",\"item\":\"https:\/\/www.bogonglazer.com\/products\/\"},{\"@type\":\"ListItem\",\"position\":3,\"name\":\"Glass Laser Drilling Machine | MOPA M8 Glass Laser Cutting Machine\"}]},{\"@type\":\"WebSite\",\"@id\":\"https:\/\/www.bogonglazer.com\/#website\",\"url\":\"https:\/\/www.bogonglazer.com\/\",\"name\":\"BOGONG LASER\u00ae\",\"description\":\"BOGONG\u00ae is a Professional China CNC laser machine manufacturer for fiber Laser cutting Machine, Laser Engraving Machine, Laser Cleaner, Laser Welder, CO2 laser Cutter and other CNC laser machines.\",\"potentialAction\":[{\"@type\":\"SearchAction\",\"target\":{\"@type\":\"EntryPoint\",\"urlTemplate\":\"https:\/\/www.bogonglazer.com\/?s={search_term_string}\"},\"query-input\":{\"@type\":\"PropertyValueSpecification\",\"valueRequired\":true,\"valueName\":\"search_term_string\"}}],\"inLanguage\":\"es\"}]}<\/script>\n<!-- \/ Yoast SEO plugin. -->","yoast_head_json":{"title":"Glass Laser Drilling Machine | MOPA M8 Glass Laser Cutting Machine - BOGONG LASER\u00ae","robots":{"index":"index","follow":"follow","max-snippet":"max-snippet:-1","max-image-preview":"max-image-preview:large","max-video-preview":"max-video-preview:-1"},"canonical":"https:\/\/www.bogonglazer.com\/es\/producto\/3d-uv-laser-marking-machine\/","og_locale":"es_ES","og_type":"article","og_title":"Glass Laser Drilling Machine | MOPA M8 Glass Laser Cutting Machine - BOGONG LASER\u00ae","og_description":"Glass Laser Cutting Machine  Laser is a fantastic choice if you're looking ...","og_url":"https:\/\/www.bogonglazer.com\/es\/producto\/3d-uv-laser-marking-machine\/","og_site_name":"BOGONG LASER\u00ae","article_modified_time":"2024-12-09T05:24:58+00:00","og_image":[{"width":600,"height":600,"url":"https:\/\/www.bogonglazer.com\/wp-content\/uploads\/2024\/12\/m8\u6253\u6807\u673a2-1-1.png","type":"image\/png"}],"twitter_card":"summary_large_image","twitter_misc":{"Tiempo de lectura":"6 minutos"},"schema":{"@context":"https:\/\/schema.org","@graph":[{"@type":"WebPage","@id":"https:\/\/www.bogonglazer.com\/product\/3d-uv-laser-marking-machine\/","url":"https:\/\/www.bogonglazer.com\/product\/3d-uv-laser-marking-machine\/","name":"Glass Laser Drilling Machine | MOPA M8 Glass Laser Cutting Machine - BOGONG LASER\u00ae","isPartOf":{"@id":"https:\/\/www.bogonglazer.com\/#website"},"primaryImageOfPage":{"@id":"https:\/\/www.bogonglazer.com\/product\/3d-uv-laser-marking-machine\/#primaryimage"},"image":{"@id":"https:\/\/www.bogonglazer.com\/product\/3d-uv-laser-marking-machine\/#primaryimage"},"thumbnailUrl":"https:\/\/www.bogonglazer.com\/wp-content\/uploads\/2024\/12\/m8\u6253\u6807\u673a2-1-1.png","datePublished":"2024-12-05T15:00:35+00:00","dateModified":"2024-12-09T05:24:58+00:00","breadcrumb":{"@id":"https:\/\/www.bogonglazer.com\/product\/3d-uv-laser-marking-machine\/#breadcrumb"},"inLanguage":"es","potentialAction":[{"@type":"ReadAction","target":["https:\/\/www.bogonglazer.com\/product\/3d-uv-laser-marking-machine\/"]}]},{"@type":"ImageObject","inLanguage":"es","@id":"https:\/\/www.bogonglazer.com\/product\/3d-uv-laser-marking-machine\/#primaryimage","url":"https:\/\/www.bogonglazer.com\/wp-content\/uploads\/2024\/12\/m8\u6253\u6807\u673a2-1-1.png","contentUrl":"https:\/\/www.bogonglazer.com\/wp-content\/uploads\/2024\/12\/m8\u6253\u6807\u673a2-1-1.png","width":600,"height":600,"caption":"Glass laser drilling machine"},{"@type":"BreadcrumbList","@id":"https:\/\/www.bogonglazer.com\/product\/3d-uv-laser-marking-machine\/#breadcrumb","itemListElement":[{"@type":"ListItem","position":1,"name":"\u9996\u9875","item":"https:\/\/www.bogonglazer.com\/"},{"@type":"ListItem","position":2,"name":"Products","item":"https:\/\/www.bogonglazer.com\/products\/"},{"@type":"ListItem","position":3,"name":"Glass Laser Drilling Machine | MOPA M8 Glass Laser Cutting Machine"}]},{"@type":"WebSite","@id":"https:\/\/www.bogonglazer.com\/#website","url":"https:\/\/www.bogonglazer.com\/","name":"BOGONG LASER\u00ae","description":"BOGONG\u00ae es un fabricante profesional de m\u00e1quinas l\u00e1ser CNC de China para M\u00e1quina de corte l\u00e1ser de fibra, M\u00e1quina de grabado l\u00e1ser, Limpiador l\u00e1ser, Soldador l\u00e1ser, Cortadora l\u00e1ser de CO2 y otras m\u00e1quinas l\u00e1ser CNC.","potentialAction":[{"@type":"SearchAction","target":{"@type":"EntryPoint","urlTemplate":"https:\/\/www.bogonglazer.com\/?s={search_term_string}"},"query-input":{"@type":"PropertyValueSpecification","valueRequired":true,"valueName":"search_term_string"}}],"inLanguage":"es"}]}},"_links":{"self":[{"href":"https:\/\/www.bogonglazer.com\/es\/wp-json\/wp\/v2\/product\/2123","targetHints":{"allow":["GET"]}}],"collection":[{"href":"https:\/\/www.bogonglazer.com\/es\/wp-json\/wp\/v2\/product"}],"about":[{"href":"https:\/\/www.bogonglazer.com\/es\/wp-json\/wp\/v2\/types\/product"}],"wp:featuredmedia":[{"embeddable":true,"href":"https:\/\/www.bogonglazer.com\/es\/wp-json\/wp\/v2\/media\/2143"}],"wp:attachment":[{"href":"https:\/\/www.bogonglazer.com\/es\/wp-json\/wp\/v2\/media?parent=2123"}],"wp:term":[{"taxonomy":"product_brand","embeddable":true,"href":"https:\/\/www.bogonglazer.com\/es\/wp-json\/wp\/v2\/product_brand?post=2123"},{"taxonomy":"product_cat","embeddable":true,"href":"https:\/\/www.bogonglazer.com\/es\/wp-json\/wp\/v2\/product_cat?post=2123"},{"taxonomy":"product_tag","embeddable":true,"href":"https:\/\/www.bogonglazer.com\/es\/wp-json\/wp\/v2\/product_tag?post=2123"}],"curies":[{"name":"wp","href":"https:\/\/api.w.org\/{rel}","templated":true}]}}