{"id":1774,"date":"2024-11-11T11:44:02","date_gmt":"2024-11-11T03:44:02","guid":{"rendered":"https:\/\/bogonglaser.com\/?post_type=product&#038;p=1774"},"modified":"2024-11-11T14:51:52","modified_gmt":"2024-11-11T06:51:52","slug":"uv-laser-marking-machine","status":"publish","type":"product","link":"https:\/\/www.bogonglazer.com\/fr\/produit\/uv-laser-marking-machine\/","title":{"rendered":"Machine de marquage laser UV"},"content":{"rendered":"<div class=\"wpb-content-wrapper\"><div class=\"vc_row wpb_row vc_row-fluid\"><div class=\"wpb_column vc_column_container vc_col-sm-12\"><div class=\"vc_column-inner\"><div class=\"wpb_wrapper\">\n\t<div class=\"wpb_text_column wpb_content_element\" >\n\t\t<div class=\"wpb_wrapper\">\n\t\t\t<h2 class=\"prd-utility-heading-2 prd-smallScreen-marginBottom-3 prd-largeScreen-marginBottom-4\">What is a UV Laser?<\/h2>\n<p>To create a UV laser, the process involves the laser beam passing through two additional crystals, which is different with standard fiber laser systems. First, a standard wavelength laser (1064 nm) is directed through a nonlinear crystal, which reduces the wavelength to 532 nm. Then, this light goes through another crystal, further decreasing the wavelength to 355 nm. That&#8217;s why UV lasers are often referred to as third-harmonic generation (THG) lasers, since they produce this third wavelength. The marking done with these lasers is known as &#8220;Cold Marking,&#8221; highlighting their ability to mark and process materials with very little heat, minimizing any potential damage.<\/p>\n\n\t\t<\/div>\n\t<\/div>\n<\/div><\/div><\/div><\/div><div class=\"vc_row wpb_row vc_row-fluid\"><div class=\"wpb_column vc_column_container vc_col-sm-12\"><div class=\"vc_column-inner\"><div class=\"wpb_wrapper\">\n\t<div  class=\"wpb_single_image wpb_content_element vc_align_left wpb_content_element\">\n\t\t\n\t\t<figure class=\"wpb_wrapper vc_figure\">\n\t\t\t<div class=\"vc_single_image-wrapper   vc_box_border_grey\"><img loading=\"lazy\" decoding=\"async\" width=\"800\" height=\"600\" src=\"https:\/\/www.bogonglazer.com\/wp-content\/uploads\/2024\/11\/uv-laser-marking-machine.jpg\" class=\"vc_single_image-img attachment-full\" alt=\"\" title=\"machine de marquage au laser uv\" srcset=\"https:\/\/www.bogonglazer.com\/wp-content\/uploads\/2024\/11\/uv-laser-marking-machine.jpg 800w, https:\/\/www.bogonglazer.com\/wp-content\/uploads\/2024\/11\/uv-laser-marking-machine-300x225.jpg 300w, https:\/\/www.bogonglazer.com\/wp-content\/uploads\/2024\/11\/uv-laser-marking-machine-768x576.jpg 768w, https:\/\/www.bogonglazer.com\/wp-content\/uploads\/2024\/11\/uv-laser-marking-machine-600x450.jpg 600w\" sizes=\"auto, (max-width: 800px) 100vw, 800px\" \/><\/div>\n\t\t<\/figure>\n\t<\/div>\n<\/div><\/div><\/div><\/div><div class=\"vc_row wpb_row vc_row-fluid\"><div class=\"wpb_column vc_column_container vc_col-sm-12\"><div class=\"vc_column-inner\"><div class=\"wpb_wrapper\">\n\t<div class=\"wpb_text_column wpb_content_element\" >\n\t\t<div class=\"wpb_wrapper\">\n\t\t\t<h2>Features of UV Laser Marking Machine<\/h2>\n<h3>High Contrast Marking<\/h3>\n<p>Compared to standard laser light at 1064 nm and green laser light at 532 nm, UV laser light has a much higher absorption rate for materials. This higher absorption allows for more visible marks with less power, resulting in damage-free markings. Because of this, UV laser marking machines can effectively handle challenging materials like plastics, highly reflective metals, and heat-sensitive substances.For example, UV laser marking machines are commonly used in product identification, medical device manufacturing, and aerospace components, where heat damage from traditional lasers is unacceptable. They are also effective on various types of plastics, including colored ones that are difficult or even impossible to mark with fiber lasers.<\/p>\n<h3>More Applicaiton<\/h3>\n<p>UV lasers use a wavelength of 355 nm, which is much shorter than that of fiber laser marking systems. This shorter wavelength allows materials to absorb the light more effectively. One major benefit of UV lasers is their ability to perform &#8220;cold marking.&#8221; This method breaks material bonds through photolytic processing, creating contrast or removing material without generating much heat.Standard lasers heat the material until its bonds break. This process often creates a heat-affected zone (HAZ) around the mark. The HAZ can change material properties, leading to damage or increased scrap.UV lasers eliminate the risk of a heat-affected zone, producing marks that are surface-level yet permanent. They are ideal for a variety of materials, including plastics, resins, glass, rubber, ceramics, and metals, especially when surface finish and material integrity are concerns.<\/p>\n<p>UV laser engraving machines can mark a wide range of materials, including:<\/p>\n<p>&#8211; Plastics: Suitable for marking a variety of plastics such as acrylic, polyethylene, polyvinyl chloride (PVC), and nylon.<br \/>\n&#8211; Metals: Capable of surface marking on specific metal types.<br \/>\n&#8211; Wood: Can mark almost any type of wood, including walnut, oak, maple, birch, plywood, cherry, and fiberboard.<br \/>\n&#8211; Glass: Engraves glass without breaking or splintering.<br \/>\n&#8211; Paper: Effectively cuts and marks paper and cardboard, producing clear contrasts.<\/p>\n<h3>Damage-Free Marking &amp; Processin-<\/h3>\n<p>Why is a UV laser marking machine the best option for these applications? The primary reason is its exceptionally high absorption rate across a range of materials. This leads to marking and processing with minimal heat stress, which reduces surface damage and enables corrosion-resistant markings. These qualities help protect materials and components from issues during the marking and manufacturing process.<\/p>\n\n\t\t<\/div>\n\t<\/div>\n<\/div><\/div><\/div><\/div><div class=\"vc_row wpb_row vc_row-fluid\"><div class=\"wpb_column vc_column_container vc_col-sm-12\"><div class=\"vc_column-inner\"><div class=\"wpb_wrapper\">\n\t<div class=\"wpb_video_widget wpb_content_element vc_clearfix   vc_video-aspect-ratio-169 vc_video-el-width-80 vc_video-align-left\" >\n\t\t<div class=\"wpb_wrapper\">\n\t\t\t<h2 class=\"wpb_heading wpb_video_heading\">BOGONG Mini UV Laser Marking Machine<\/h2>\n\t\t\t<div class=\"wpb_video_wrapper\"><iframe loading=\"lazy\" title=\"3W 5W UV LASER ENGRAVING MACHINE | UV LASER MARKING MACHINE With JPT UV LASER SOURCE\" width=\"500\" height=\"281\" src=\"https:\/\/www.youtube.com\/embed\/vAb60rk80h0?feature=oembed\" frameborder=\"0\" allow=\"accelerometer; autoplay; clipboard-write; encrypted-media; gyroscope; picture-in-picture; web-share\" referrerpolicy=\"strict-origin-when-cross-origin\" allowfullscreen><\/iframe><\/div>\n\t\t<\/div>\n\t<\/div>\n<\/div><\/div><\/div><\/div><div class=\"vc_row wpb_row vc_row-fluid\"><div class=\"wpb_column vc_column_container vc_col-sm-12\"><div class=\"vc_column-inner\"><div class=\"wpb_wrapper\">\n\t<div class=\"wpb_text_column wpb_content_element\" >\n\t\t<div class=\"wpb_wrapper\">\n\t\t\t<p><strong> Advantage of UV Laser:<\/strong><\/p>\n<ul>\n<li><strong>Increased Productivity:<\/strong>\u00a0With no consumables to replace, operation remains uninterrupted, allowing production lines to run longer.<\/li>\n<li><strong>Maximized Availability:<\/strong>\u00a0The air-cooled laser source significantly reduces unscheduled downtime, ensuring the laser is always ready for use.<\/li>\n<li><strong>Less Maintenance:<\/strong>\u00a0Daily mechanical maintenance procedures are eliminated, further boosting uptime.<\/li>\n<\/ul>\n<p><strong>Engineered for High Performance:<\/strong><\/p>\n<ul>\n<li><strong>Efficient Marking:<\/strong>\u00a0The UV wavelength facilitates high-speed marking-on-the-fly of HDPE\/LDPE packaging, improving overall efficiency.<\/li>\n<li><strong>Quality Marks:<\/strong>\u00a0Create vision-readable 2D codes at speeds of up to 5.0 m\/sec.<\/li>\n<li><strong>Consistent Quality:<\/strong>\u00a0The 360\u00b0 Arc Compensation Software ensures high-quality marks on rotational devices, minimizing distortion.<\/li>\n<li><strong>High Contrast:<\/strong>\u00a0Achieve repeatable, high-contrast color changes for optimal vision readability on white HDPE\/LDPE.<\/li>\n<\/ul>\n\n\t\t<\/div>\n\t<\/div>\n<\/div><\/div><\/div><\/div><div class=\"vc_row wpb_row vc_row-fluid\"><div class=\"wpb_column vc_column_container vc_col-sm-12\"><div class=\"vc_column-inner\"><div class=\"wpb_wrapper\">\n\t<div class=\"wpb_video_widget wpb_content_element vc_clearfix   vc_video-aspect-ratio-169 vc_video-el-width-80 vc_video-align-left\" >\n\t\t<div class=\"wpb_wrapper\">\n\t\t\t<h2 class=\"wpb_heading wpb_video_heading\">What can a UV Laser Marking Machine do?<\/h2>\n\t\t\t<div class=\"wpb_video_wrapper\"><iframe loading=\"lazy\" title=\"What Can a UV Laser Marking Machine DO? | 3W 5W UV Laser Engraver for Glass, Plastic, Metal, Wood\" width=\"500\" height=\"281\" src=\"https:\/\/www.youtube.com\/embed\/k6YXJUzM-cc?feature=oembed\" frameborder=\"0\" allow=\"accelerometer; autoplay; clipboard-write; encrypted-media; gyroscope; picture-in-picture; web-share\" referrerpolicy=\"strict-origin-when-cross-origin\" allowfullscreen><\/iframe><\/div>\n\t\t<\/div>\n\t<\/div>\n<\/div><\/div><\/div><\/div><div class=\"vc_row wpb_row vc_row-fluid\"><div class=\"wpb_column vc_column_container vc_col-sm-12\"><div class=\"vc_column-inner\"><div class=\"wpb_wrapper\">\n\t<div class=\"wpb_text_column wpb_content_element\" >\n\t\t<div class=\"wpb_wrapper\">\n\t\t\t<h2>Our UV Laser Software<\/h2>\n<p>BOGONG use Ezcad softare, this program is equipped with many advanced features<\/p>\n<ul>\n<li>Easy installation on computer.<\/li>\n<li>Operational safety.<\/li>\n<li>User-friendly interface.<\/li>\n<\/ul>\n\n\t\t<\/div>\n\t<\/div>\n<\/div><\/div><\/div><\/div><div class=\"vc_row wpb_row vc_row-fluid\"><div class=\"wpb_column vc_column_container vc_col-sm-12\"><div class=\"vc_column-inner\"><div class=\"wpb_wrapper\">\n\t<div class=\"wpb_text_column wpb_content_element\" >\n\t\t<div class=\"wpb_wrapper\">\n\t\t\t<p>BOGONG Also provide UV laser marking machine with water cooling, contact with us for more detail.<\/p>\n\n\t\t<\/div>\n\t<\/div>\n<\/div><\/div><\/div><\/div><div class=\"vc_row wpb_row vc_row-fluid\"><div class=\"wpb_column vc_column_container vc_col-sm-12\"><div class=\"vc_column-inner\"><div class=\"wpb_wrapper\">\n\t<div class=\"wpb_text_column wpb_content_element\" >\n\t\t<div class=\"wpb_wrapper\">\n\t\t\t<h3>Which Parts is optional with UV laser machine<\/h3>\n<ul>\n<li>Rotary Device: there have several rotary device with different style and clamp diameter, like 50D 65D 80D<\/li>\n<li>Special rotary for Bottle.<\/li>\n<li>Conveyor<\/li>\n<\/ul>\n\n\t\t<\/div>\n\t<\/div>\n<\/div><\/div><\/div><\/div><div class=\"vc_row wpb_row vc_row-fluid\"><div class=\"wpb_column vc_column_container vc_col-sm-12\"><div class=\"vc_column-inner\"><div class=\"wpb_wrapper\">\n\t<div class=\"wpb_text_column wpb_content_element\" >\n\t\t<div class=\"wpb_wrapper\">\n\t\t\t<p>Payment Terms for the UV laser engraver<\/p>\n<p>1. Deposit and Balance: A 30% T\/T deposit is required in advance, with the balance due before shipment.<\/p>\n<p>2. Alibaba Trade Assurance: Payments can be processed through Alibaba Trade Assurance.<\/p>\n<p>FAQs<\/p>\n<p>What Is the Packaging for the UV Laser Marking Machine?<br \/>\nOur machines are packaged in a three-layer setup. The outer layer consists of a wooden crate, the middle layer features foam padding to protect against shaking, and the inner layer includes a thick plastic bag for waterproofing.<\/p>\n<p>Will the Package Be Damaged During Transportation?<br \/>\nWe meticulously design our packaging to address all potential damage factors, and our shipping agents are experienced in safe transportation. We have successfully exported to 180 countries, so you can rest assured that your parcel will arrive in excellent condition.<\/p>\n\n\t\t<\/div>\n\t<\/div>\n<\/div><\/div><\/div><\/div><div class=\"vc_row wpb_row vc_row-fluid\"><div class=\"wpb_column vc_column_container vc_col-sm-12\"><div class=\"vc_column-inner\"><div class=\"wpb_wrapper\">\n\t<div class=\"wpb_text_column wpb_content_element\" >\n\t\t<div class=\"wpb_wrapper\">\n\t\t\t<p>Most of customers like choose transport by UPS\/DHL express, it can arrive at destination about 5-7 days, contact with BOGONG to get more detail about fiber laser metal engraver for silver brass gold copper.<\/p>\n\n\t\t<\/div>\n\t<\/div>\n<\/div><\/div><\/div><\/div>\n<\/div>","protected":false},"excerpt":{"rendered":"<h2>UV Laser Marking Machine \/ UV Laser Engraver<\/h2>\n<p>UV laser marking machine &#8230; <\/p>","protected":false},"featured_media":1776,"template":"","meta":[],"product_brand":[],"product_cat":[93,96,99],"product_tag":[102],"class_list":{"0":"post-1774","1":"product","2":"type-product","3":"status-publish","4":"has-post-thumbnail","6":"product_cat-laser-engraving-machine","7":"product_cat-laser-marking-machine","8":"product_cat-uv-laser-marking-machine","9":"product_tag-laser-marking-machine","11":"first","12":"instock","13":"shipping-taxable","14":"product-type-simple"},"yoast_head":"<!-- This site is optimized with the Yoast SEO plugin v26.7 - https:\/\/yoast.com\/wordpress\/plugins\/seo\/ -->\n<title>UV Laser Marking Machine - BOGONG LASER\u00ae<\/title>\n<meta name=\"robots\" content=\"index, follow, max-snippet:-1, max-image-preview:large, max-video-preview:-1\" \/>\n<link rel=\"canonical\" href=\"https:\/\/www.bogonglazer.com\/fr\/produit\/uv-laser-marking-machine\/\" \/>\n<meta property=\"og:locale\" content=\"fr_FR\" \/>\n<meta property=\"og:type\" content=\"article\" \/>\n<meta property=\"og:title\" content=\"UV Laser Marking Machine - BOGONG LASER\u00ae\" \/>\n<meta property=\"og:description\" content=\"UV Laser Marking Machine \/ UV Laser Engraver UV laser marking machine ...\" \/>\n<meta property=\"og:url\" content=\"https:\/\/www.bogonglazer.com\/fr\/produit\/uv-laser-marking-machine\/\" \/>\n<meta property=\"og:site_name\" content=\"BOGONG LASER\u00ae\" \/>\n<meta property=\"article:modified_time\" content=\"2024-11-11T06:51:52+00:00\" \/>\n<meta property=\"og:image\" content=\"https:\/\/www.bogonglazer.com\/wp-content\/uploads\/2024\/11\/2d-uv\u6253\u6807\u673a2-1.png\" \/>\n\t<meta property=\"og:image:width\" content=\"600\" \/>\n\t<meta property=\"og:image:height\" content=\"600\" \/>\n\t<meta property=\"og:image:type\" content=\"image\/png\" \/>\n<meta name=\"twitter:card\" content=\"summary_large_image\" \/>\n<meta name=\"twitter:label1\" content=\"Dur\u00e9e de lecture estim\u00e9e\" \/>\n\t<meta name=\"twitter:data1\" content=\"5 minutes\" \/>\n<script type=\"application\/ld+json\" class=\"yoast-schema-graph\">{\"@context\":\"https:\/\/schema.org\",\"@graph\":[{\"@type\":\"WebPage\",\"@id\":\"https:\/\/www.bogonglazer.com\/product\/uv-laser-marking-machine\/\",\"url\":\"https:\/\/www.bogonglazer.com\/product\/uv-laser-marking-machine\/\",\"name\":\"UV Laser Marking Machine - BOGONG LASER\u00ae\",\"isPartOf\":{\"@id\":\"https:\/\/www.bogonglazer.com\/#website\"},\"primaryImageOfPage\":{\"@id\":\"https:\/\/www.bogonglazer.com\/product\/uv-laser-marking-machine\/#primaryimage\"},\"image\":{\"@id\":\"https:\/\/www.bogonglazer.com\/product\/uv-laser-marking-machine\/#primaryimage\"},\"thumbnailUrl\":\"https:\/\/www.bogonglazer.com\/wp-content\/uploads\/2024\/11\/2d-uv\u6253\u6807\u673a2-1.png\",\"datePublished\":\"2024-11-11T03:44:02+00:00\",\"dateModified\":\"2024-11-11T06:51:52+00:00\",\"breadcrumb\":{\"@id\":\"https:\/\/www.bogonglazer.com\/product\/uv-laser-marking-machine\/#breadcrumb\"},\"inLanguage\":\"fr-FR\",\"potentialAction\":[{\"@type\":\"ReadAction\",\"target\":[\"https:\/\/www.bogonglazer.com\/product\/uv-laser-marking-machine\/\"]}]},{\"@type\":\"ImageObject\",\"inLanguage\":\"fr-FR\",\"@id\":\"https:\/\/www.bogonglazer.com\/product\/uv-laser-marking-machine\/#primaryimage\",\"url\":\"https:\/\/www.bogonglazer.com\/wp-content\/uploads\/2024\/11\/2d-uv\u6253\u6807\u673a2-1.png\",\"contentUrl\":\"https:\/\/www.bogonglazer.com\/wp-content\/uploads\/2024\/11\/2d-uv\u6253\u6807\u673a2-1.png\",\"width\":600,\"height\":600,\"caption\":\"uv laser marking machine\"},{\"@type\":\"BreadcrumbList\",\"@id\":\"https:\/\/www.bogonglazer.com\/product\/uv-laser-marking-machine\/#breadcrumb\",\"itemListElement\":[{\"@type\":\"ListItem\",\"position\":1,\"name\":\"\u9996\u9875\",\"item\":\"https:\/\/www.bogonglazer.com\/\"},{\"@type\":\"ListItem\",\"position\":2,\"name\":\"Products\",\"item\":\"https:\/\/www.bogonglazer.com\/products\/\"},{\"@type\":\"ListItem\",\"position\":3,\"name\":\"UV Laser Marking Machine\"}]},{\"@type\":\"WebSite\",\"@id\":\"https:\/\/www.bogonglazer.com\/#website\",\"url\":\"https:\/\/www.bogonglazer.com\/\",\"name\":\"BOGONG LASER\u00ae\",\"description\":\"BOGONG\u00ae is a Professional China CNC laser machine manufacturer for fiber Laser cutting Machine, Laser Engraving Machine, Laser Cleaner, Laser Welder, CO2 laser Cutter and other CNC laser machines.\",\"potentialAction\":[{\"@type\":\"SearchAction\",\"target\":{\"@type\":\"EntryPoint\",\"urlTemplate\":\"https:\/\/www.bogonglazer.com\/?s={search_term_string}\"},\"query-input\":{\"@type\":\"PropertyValueSpecification\",\"valueRequired\":true,\"valueName\":\"search_term_string\"}}],\"inLanguage\":\"fr-FR\"}]}<\/script>\n<!-- \/ Yoast SEO plugin. -->","yoast_head_json":{"title":"UV Laser Marking Machine - BOGONG LASER\u00ae","robots":{"index":"index","follow":"follow","max-snippet":"max-snippet:-1","max-image-preview":"max-image-preview:large","max-video-preview":"max-video-preview:-1"},"canonical":"https:\/\/www.bogonglazer.com\/fr\/produit\/uv-laser-marking-machine\/","og_locale":"fr_FR","og_type":"article","og_title":"UV Laser Marking Machine - BOGONG LASER\u00ae","og_description":"UV Laser Marking Machine \/ UV Laser Engraver UV laser marking machine ...","og_url":"https:\/\/www.bogonglazer.com\/fr\/produit\/uv-laser-marking-machine\/","og_site_name":"BOGONG LASER\u00ae","article_modified_time":"2024-11-11T06:51:52+00:00","og_image":[{"width":600,"height":600,"url":"https:\/\/www.bogonglazer.com\/wp-content\/uploads\/2024\/11\/2d-uv\u6253\u6807\u673a2-1.png","type":"image\/png"}],"twitter_card":"summary_large_image","twitter_misc":{"Dur\u00e9e de lecture estim\u00e9e":"5 minutes"},"schema":{"@context":"https:\/\/schema.org","@graph":[{"@type":"WebPage","@id":"https:\/\/www.bogonglazer.com\/product\/uv-laser-marking-machine\/","url":"https:\/\/www.bogonglazer.com\/product\/uv-laser-marking-machine\/","name":"UV Laser Marking Machine - BOGONG LASER\u00ae","isPartOf":{"@id":"https:\/\/www.bogonglazer.com\/#website"},"primaryImageOfPage":{"@id":"https:\/\/www.bogonglazer.com\/product\/uv-laser-marking-machine\/#primaryimage"},"image":{"@id":"https:\/\/www.bogonglazer.com\/product\/uv-laser-marking-machine\/#primaryimage"},"thumbnailUrl":"https:\/\/www.bogonglazer.com\/wp-content\/uploads\/2024\/11\/2d-uv\u6253\u6807\u673a2-1.png","datePublished":"2024-11-11T03:44:02+00:00","dateModified":"2024-11-11T06:51:52+00:00","breadcrumb":{"@id":"https:\/\/www.bogonglazer.com\/product\/uv-laser-marking-machine\/#breadcrumb"},"inLanguage":"fr-FR","potentialAction":[{"@type":"ReadAction","target":["https:\/\/www.bogonglazer.com\/product\/uv-laser-marking-machine\/"]}]},{"@type":"ImageObject","inLanguage":"fr-FR","@id":"https:\/\/www.bogonglazer.com\/product\/uv-laser-marking-machine\/#primaryimage","url":"https:\/\/www.bogonglazer.com\/wp-content\/uploads\/2024\/11\/2d-uv\u6253\u6807\u673a2-1.png","contentUrl":"https:\/\/www.bogonglazer.com\/wp-content\/uploads\/2024\/11\/2d-uv\u6253\u6807\u673a2-1.png","width":600,"height":600,"caption":"uv laser marking machine"},{"@type":"BreadcrumbList","@id":"https:\/\/www.bogonglazer.com\/product\/uv-laser-marking-machine\/#breadcrumb","itemListElement":[{"@type":"ListItem","position":1,"name":"\u9996\u9875","item":"https:\/\/www.bogonglazer.com\/"},{"@type":"ListItem","position":2,"name":"Products","item":"https:\/\/www.bogonglazer.com\/products\/"},{"@type":"ListItem","position":3,"name":"UV Laser Marking Machine"}]},{"@type":"WebSite","@id":"https:\/\/www.bogonglazer.com\/#website","url":"https:\/\/www.bogonglazer.com\/","name":"BOGONG LASER\u00ae","description":"BOGONG\u00ae est un fabricant professionnel de machines laser CNC en Chine pour les machines de d\u00e9coupe laser \u00e0 fibre, les machines de gravure laser, les nettoyeurs laser, les soudeurs laser, les d\u00e9coupeurs laser CO2 et d'autres machines laser CNC.","potentialAction":[{"@type":"SearchAction","target":{"@type":"EntryPoint","urlTemplate":"https:\/\/www.bogonglazer.com\/?s={search_term_string}"},"query-input":{"@type":"PropertyValueSpecification","valueRequired":true,"valueName":"search_term_string"}}],"inLanguage":"fr-FR"}]}},"_links":{"self":[{"href":"https:\/\/www.bogonglazer.com\/fr\/wp-json\/wp\/v2\/product\/1774","targetHints":{"allow":["GET"]}}],"collection":[{"href":"https:\/\/www.bogonglazer.com\/fr\/wp-json\/wp\/v2\/product"}],"about":[{"href":"https:\/\/www.bogonglazer.com\/fr\/wp-json\/wp\/v2\/types\/product"}],"wp:featuredmedia":[{"embeddable":true,"href":"https:\/\/www.bogonglazer.com\/fr\/wp-json\/wp\/v2\/media\/1776"}],"wp:attachment":[{"href":"https:\/\/www.bogonglazer.com\/fr\/wp-json\/wp\/v2\/media?parent=1774"}],"wp:term":[{"taxonomy":"product_brand","embeddable":true,"href":"https:\/\/www.bogonglazer.com\/fr\/wp-json\/wp\/v2\/product_brand?post=1774"},{"taxonomy":"product_cat","embeddable":true,"href":"https:\/\/www.bogonglazer.com\/fr\/wp-json\/wp\/v2\/product_cat?post=1774"},{"taxonomy":"product_tag","embeddable":true,"href":"https:\/\/www.bogonglazer.com\/fr\/wp-json\/wp\/v2\/product_tag?post=1774"}],"curies":[{"name":"wp","href":"https:\/\/api.w.org\/{rel}","templated":true}]}}