{"id":2000,"date":"2024-11-26T10:39:24","date_gmt":"2024-11-26T02:39:24","guid":{"rendered":"https:\/\/bogonglaser.com\/?post_type=product&#038;p=2000"},"modified":"2024-11-27T11:20:42","modified_gmt":"2024-11-27T03:20:42","slug":"6000w-40kw-high-power-fiber-laser-metal-cutting-machine-for-sale","status":"publish","type":"product","link":"https:\/\/www.bogonglazer.com\/fr\/produit\/6000w-40kw-high-power-fiber-laser-metal-cutting-machine-for-sale\/","title":{"rendered":"Machine \u00e0 d\u00e9couper le m\u00e9tal par laser \u00e0 fibre haute puissance 6000W-40KW \u00e0 vendre"},"content":{"rendered":"<div class=\"wpb-content-wrapper\"><div class=\"vc_row wpb_row vc_row-fluid\"><div class=\"wpb_column vc_column_container vc_col-sm-12\"><div class=\"vc_column-inner\"><div class=\"wpb_wrapper\">\n\t<div class=\"wpb_text_column wpb_content_element\" >\n\t\t<div class=\"wpb_wrapper\">\n\t\t\t<p>La machine de d\u00e9coupe laser \u00e0 fibre m\u00e9tallique BOGONG offre des caract\u00e9ristiques impressionnantes, notamment des vitesses de d\u00e9coupe plus rapides et un puissant laser de 6000W (avec des options allant de 2000W \u00e0 40000W). Cette machine offre une qualit\u00e9 de d\u00e9coupe exceptionnelle qui la distingue des autres outils.<\/p>\n<p>Il est \u00e9quip\u00e9 d'un g\u00e9n\u00e9rateur laser IPG de pointe et d'un logiciel de d\u00e9coupe CNC convivial, ce qui le rend facile \u00e0 utiliser. Sa construction soud\u00e9e robuste, r\u00e9alis\u00e9e \u00e0 partir de mat\u00e9riaux trait\u00e9s thermiquement et \u00e0 l'aide de grandes fraiseuses \u00e0 commande num\u00e9rique, garantit sa durabilit\u00e9. De plus, le bo\u00eetier de s\u00e9curit\u00e9 ignifuge et anti-poussi\u00e8re enti\u00e8rement ferm\u00e9 garantit un environnement de travail s\u00fbr.<\/p>\n\n\t\t<\/div>\n\t<\/div>\n<\/div><\/div><\/div><\/div><div class=\"vc_row wpb_row vc_row-fluid\"><div class=\"wpb_column vc_column_container vc_col-sm-12\"><div class=\"vc_column-inner\"><div class=\"wpb_wrapper\">\n\t<div  class=\"wpb_single_image wpb_content_element vc_align_left wpb_content_element\">\n\t\t\n\t\t<figure class=\"wpb_wrapper vc_figure\">\n\t\t\t<div class=\"vc_single_image-wrapper   vc_box_border_grey\"><img loading=\"lazy\" decoding=\"async\" width=\"600\" height=\"600\" src=\"https:\/\/www.bogonglazer.com\/wp-content\/uploads\/2024\/11\/fiber-laser-cutting-machine-sealed.jpg\" class=\"vc_single_image-img attachment-full\" alt=\"\" title=\"Machine de d\u00e9coupe laser \u00e0 fibre scell\u00e9e\" srcset=\"https:\/\/www.bogonglazer.com\/wp-content\/uploads\/2024\/11\/fiber-laser-cutting-machine-sealed.jpg 600w, https:\/\/www.bogonglazer.com\/wp-content\/uploads\/2024\/11\/fiber-laser-cutting-machine-sealed-300x300.jpg 300w, https:\/\/www.bogonglazer.com\/wp-content\/uploads\/2024\/11\/fiber-laser-cutting-machine-sealed-150x150.jpg 150w, https:\/\/www.bogonglazer.com\/wp-content\/uploads\/2024\/11\/fiber-laser-cutting-machine-sealed-100x100.jpg 100w\" sizes=\"auto, (max-width: 600px) 100vw, 600px\" \/><\/div>\n\t\t<\/figure>\n\t<\/div>\n<\/div><\/div><\/div><\/div><div class=\"vc_row wpb_row vc_row-fluid\"><div class=\"wpb_column vc_column_container vc_col-sm-12\"><div class=\"vc_column-inner\"><div class=\"wpb_wrapper\">\n\t<div class=\"wpb_text_column wpb_content_element\" >\n\t\t<div class=\"wpb_wrapper\">\n\t\t\t<div class=\"sub-header-divs\">\n<h3>Performance<\/h3>\n<\/div>\n<ul>\n<li>Milieu laser - Laser \u00e0 fibre CW 1070nm \u00e0 l'\u00e9tat solide<\/li>\n<li>Puissance du laser - 6000W -40000W Options de la source de fibres<\/li>\n<li>Puissance - <strong>\u00a0380V 3 phases<\/strong><\/li>\n<li>Pr\u00e9cision de positionnement - \u2264\u00b10,03mm<\/li>\n<li>Pr\u00e9cision de la r\u00e9p\u00e9tabilit\u00e9 - \u2264\u00b10,02mm<\/li>\n<\/ul>\n<div class=\"sub-header-divs\">\n<h3>Syst\u00e8me<\/h3>\n<\/div>\n<ul>\n<li>Syst\u00e8me de conduite - Servo en boucle ferm\u00e9e<\/li>\n<li>Mode de refroidissement - Eau r\u00e9frig\u00e9r\u00e9e<\/li>\n<\/ul>\n\n\t\t<\/div>\n\t<\/div>\n<\/div><\/div><\/div><\/div><div class=\"vc_row wpb_row vc_row-fluid\"><div class=\"wpb_column vc_column_container vc_col-sm-12\"><div class=\"vc_column-inner\"><div class=\"wpb_wrapper\">\n\t<div class=\"wpb_text_column wpb_content_element\" >\n\t\t<div class=\"wpb_wrapper\">\n\t\t\t<p>Le d\u00e9coupeur laser \u00e0 fibre 6000W est une machine professionnelle de grande puissance con\u00e7ue pour la d\u00e9coupe de m\u00e9taux au laser. Il est \u00e9quip\u00e9 d'un contr\u00f4leur CNC automatique, ce qui facilite la d\u00e9coupe d'une grande vari\u00e9t\u00e9 de m\u00e9taux : acier au carbone jusqu'\u00e0 25 mm d'\u00e9paisseur, acier inoxydable jusqu'\u00e0 18 mm, aluminium jusqu'\u00e0 16 mm, et cuivre et laiton jusqu'\u00e0 10 mm. Avec une vitesse de coupe maximale de plus de 60 m\u00e8tres par minute, cette machine offre une puissance suffisante pour r\u00e9aliser facilement la plupart des travaux de d\u00e9coupe de m\u00e9taux.<\/p>\n\n\t\t<\/div>\n\t<\/div>\n<\/div><\/div><\/div><\/div><div class=\"vc_row wpb_row vc_row-fluid\"><div class=\"wpb_column vc_column_container vc_col-sm-12\"><div class=\"vc_column-inner\"><div class=\"wpb_wrapper\">\n\t<div class=\"wpb_video_widget wpb_content_element vc_clearfix   vc_video-aspect-ratio-169 vc_video-el-width-100 vc_video-align-left\" >\n\t\t<div class=\"wpb_wrapper\">\n\t\t\t<h2 class=\"wpb_heading wpb_video_heading\">Spectacle de coupe 12KW<\/h2>\n\t\t\t<div class=\"wpb_video_wrapper\"><iframe loading=\"lazy\" title=\"Machine de d\u00e9coupe laser \u00e0 fibre 12KW pour la vente\" width=\"500\" height=\"281\" src=\"https:\/\/www.youtube.com\/embed\/xYmsQJZBIpU?feature=oembed\" frameborder=\"0\" allow=\"accelerometer; autoplay; clipboard-write; encrypted-media; gyroscope; picture-in-picture; web-share\" referrerpolicy=\"strict-origin-when-cross-origin\" allowfullscreen><\/iframe><\/div>\n\t\t<\/div>\n\t<\/div>\n<\/div><\/div><\/div><\/div><div class=\"vc_row wpb_row vc_row-fluid\"><div class=\"wpb_column vc_column_container vc_col-sm-12\"><div class=\"vc_column-inner\"><div class=\"wpb_wrapper\">\n\t<div class=\"wpb_text_column wpb_content_element\" >\n\t\t<div class=\"wpb_wrapper\">\n\t\t\t<h4>Machine de d\u00e9coupe laser \u00e0 fibre Industries concern\u00e9es<\/h4>\n<p>\u00c9quipements m\u00e9caniques et \u00e9lectriques, fabrication de t\u00f4les, armoires, produits en acier inoxydable, luminaires, pi\u00e8ces automobiles, verre, outils de quincaillerie, enseignes publicitaires, articles de d\u00e9coration et autres industries.<\/p>\n\n\t\t<\/div>\n\t<\/div>\n<\/div><\/div><\/div><\/div><div class=\"vc_row wpb_row vc_row-fluid\"><div class=\"wpb_column vc_column_container vc_col-sm-12\"><div class=\"vc_column-inner\"><div class=\"wpb_wrapper\">\n\t<div class=\"wpb_text_column wpb_content_element\" >\n\t\t<div class=\"wpb_wrapper\">\n\t\t\t<p>**Pourquoi choisir BOGONG LASER** ?<\/p>\n<p>BOGONG est r\u00e9put\u00e9 pour la qualit\u00e9 de ses \u00e9quipements laser et de son service apr\u00e8s-vente. Nos machines sont polyvalentes et conviviales, con\u00e7ues pour tous les niveaux de comp\u00e9tence. Par-dessus tout, nous accordons la priorit\u00e9 \u00e0 la satisfaction du client. Que vous soyez un expert chevronn\u00e9 ou un d\u00e9butant, BOGONG LASER est l\u00e0 pour vous aider \u00e0 chaque \u00e9tape. Faites-nous confiance et faites confiance \u00e0 notre service, o\u00f9 l'excellence et l'innovation se conjuguent pour votre r\u00e9ussite.<\/p>\n\n\t\t<\/div>\n\t<\/div>\n<\/div><\/div><\/div><\/div><div class=\"vc_row wpb_row vc_row-fluid\"><div class=\"wpb_column vc_column_container vc_col-sm-12\"><div class=\"vc_column-inner\"><div class=\"wpb_wrapper\"><div class=\"wpb_gallery wpb_content_element vc_clearfix wpb_content_element\" ><div class=\"wpb_wrapper\"><div class=\"wpb_gallery_slides wpb_flexslider flexslider_fade flexslider\" data-interval=\"3\" data-flex_fx=\"fade\"><ul class=\"slides\"><li><a class=\"\" href=\"https:\/\/www.bogonglazer.com\/wp-content\/uploads\/2024\/11\/fiber-laser-cutter.jpg\" data-lightbox=\"lightbox[rel-2000-1965320766]\"><img loading=\"lazy\" decoding=\"async\" width=\"800\" height=\"600\" src=\"https:\/\/www.bogonglazer.com\/wp-content\/uploads\/2024\/11\/fiber-laser-cutter.jpg\" class=\"attachment-full\" alt=\"fiber laser cutter\" title=\"D\u00e9coupeur laser \u00e0 fibre\" srcset=\"https:\/\/www.bogonglazer.com\/wp-content\/uploads\/2024\/11\/fiber-laser-cutter.jpg 800w, https:\/\/www.bogonglazer.com\/wp-content\/uploads\/2024\/11\/fiber-laser-cutter-300x225.jpg 300w, https:\/\/www.bogonglazer.com\/wp-content\/uploads\/2024\/11\/fiber-laser-cutter-768x576.jpg 768w, https:\/\/www.bogonglazer.com\/wp-content\/uploads\/2024\/11\/fiber-laser-cutter-600x450.jpg 600w\" sizes=\"auto, (max-width: 800px) 100vw, 800px\" \/><\/a><\/li><\/ul><\/div><\/div><\/div><\/div><\/div><\/div><\/div>\n<\/div>","protected":false},"excerpt":{"rendered":"<p>The 6000W-40KW fiber laser cutting machine is a powerful CNC fiber &#8230; <\/p>","protected":false},"featured_media":2001,"template":"","meta":[],"product_brand":[],"product_cat":[117,92,118],"product_tag":[105,106],"class_list":{"0":"post-2000","1":"product","2":"type-product","3":"status-publish","4":"has-post-thumbnail","6":"product_cat-fiber-laser-cutting-machine","7":"product_cat-laser-cutting-machine","8":"product_cat-laser-metal-cutting-machine","9":"product_tag-fiber-laser-cutting-machine","10":"product_tag-laser-cutting-machine","12":"first","13":"instock","14":"shipping-taxable","15":"product-type-simple"},"yoast_head":"<!-- This site is optimized with the Yoast SEO plugin v26.7 - https:\/\/yoast.com\/wordpress\/plugins\/seo\/ -->\n<title>6000W-40KW High Power Fiber Laser Metal Cutting Machine For Sale - BOGONG LASER\u00ae<\/title>\n<meta name=\"robots\" content=\"index, follow, max-snippet:-1, max-image-preview:large, max-video-preview:-1\" \/>\n<link rel=\"canonical\" href=\"https:\/\/www.bogonglazer.com\/fr\/produit\/6000w-40kw-high-power-fiber-laser-metal-cutting-machine-for-sale\/\" \/>\n<meta property=\"og:locale\" content=\"fr_FR\" \/>\n<meta property=\"og:type\" content=\"article\" \/>\n<meta property=\"og:title\" content=\"6000W-40KW High Power Fiber Laser Metal Cutting Machine For Sale - BOGONG LASER\u00ae\" \/>\n<meta property=\"og:description\" content=\"The 6000W-40KW fiber laser cutting machine is a powerful CNC fiber ...\" \/>\n<meta property=\"og:url\" content=\"https:\/\/www.bogonglazer.com\/fr\/produit\/6000w-40kw-high-power-fiber-laser-metal-cutting-machine-for-sale\/\" \/>\n<meta property=\"og:site_name\" content=\"BOGONG LASER\u00ae\" \/>\n<meta property=\"article:modified_time\" content=\"2024-11-27T03:20:42+00:00\" \/>\n<meta property=\"og:image\" content=\"https:\/\/www.bogonglazer.com\/wp-content\/uploads\/2024\/11\/fiber-laser-cutting-machine-sealed.jpg\" \/>\n\t<meta property=\"og:image:width\" content=\"600\" \/>\n\t<meta property=\"og:image:height\" content=\"600\" \/>\n\t<meta property=\"og:image:type\" content=\"image\/jpeg\" \/>\n<meta name=\"twitter:card\" content=\"summary_large_image\" \/>\n<meta name=\"twitter:label1\" content=\"Dur\u00e9e de lecture estim\u00e9e\" \/>\n\t<meta name=\"twitter:data1\" content=\"2 minutes\" \/>\n<script type=\"application\/ld+json\" class=\"yoast-schema-graph\">{\"@context\":\"https:\/\/schema.org\",\"@graph\":[{\"@type\":\"WebPage\",\"@id\":\"https:\/\/www.bogonglazer.com\/product\/6000w-40kw-high-power-fiber-laser-metal-cutting-machine-for-sale\/\",\"url\":\"https:\/\/www.bogonglazer.com\/product\/6000w-40kw-high-power-fiber-laser-metal-cutting-machine-for-sale\/\",\"name\":\"6000W-40KW High Power Fiber Laser Metal Cutting Machine For Sale - BOGONG LASER\u00ae\",\"isPartOf\":{\"@id\":\"https:\/\/www.bogonglazer.com\/#website\"},\"primaryImageOfPage\":{\"@id\":\"https:\/\/www.bogonglazer.com\/product\/6000w-40kw-high-power-fiber-laser-metal-cutting-machine-for-sale\/#primaryimage\"},\"image\":{\"@id\":\"https:\/\/www.bogonglazer.com\/product\/6000w-40kw-high-power-fiber-laser-metal-cutting-machine-for-sale\/#primaryimage\"},\"thumbnailUrl\":\"https:\/\/www.bogonglazer.com\/wp-content\/uploads\/2024\/11\/fiber-laser-cutting-machine-sealed.jpg\",\"datePublished\":\"2024-11-26T02:39:24+00:00\",\"dateModified\":\"2024-11-27T03:20:42+00:00\",\"breadcrumb\":{\"@id\":\"https:\/\/www.bogonglazer.com\/product\/6000w-40kw-high-power-fiber-laser-metal-cutting-machine-for-sale\/#breadcrumb\"},\"inLanguage\":\"fr-FR\",\"potentialAction\":[{\"@type\":\"ReadAction\",\"target\":[\"https:\/\/www.bogonglazer.com\/product\/6000w-40kw-high-power-fiber-laser-metal-cutting-machine-for-sale\/\"]}]},{\"@type\":\"ImageObject\",\"inLanguage\":\"fr-FR\",\"@id\":\"https:\/\/www.bogonglazer.com\/product\/6000w-40kw-high-power-fiber-laser-metal-cutting-machine-for-sale\/#primaryimage\",\"url\":\"https:\/\/www.bogonglazer.com\/wp-content\/uploads\/2024\/11\/fiber-laser-cutting-machine-sealed.jpg\",\"contentUrl\":\"https:\/\/www.bogonglazer.com\/wp-content\/uploads\/2024\/11\/fiber-laser-cutting-machine-sealed.jpg\",\"width\":600,\"height\":600},{\"@type\":\"BreadcrumbList\",\"@id\":\"https:\/\/www.bogonglazer.com\/product\/6000w-40kw-high-power-fiber-laser-metal-cutting-machine-for-sale\/#breadcrumb\",\"itemListElement\":[{\"@type\":\"ListItem\",\"position\":1,\"name\":\"\u9996\u9875\",\"item\":\"https:\/\/www.bogonglazer.com\/\"},{\"@type\":\"ListItem\",\"position\":2,\"name\":\"Products\",\"item\":\"https:\/\/www.bogonglazer.com\/products\/\"},{\"@type\":\"ListItem\",\"position\":3,\"name\":\"6000W-40KW High Power Fiber Laser Metal Cutting Machine For Sale\"}]},{\"@type\":\"WebSite\",\"@id\":\"https:\/\/www.bogonglazer.com\/#website\",\"url\":\"https:\/\/www.bogonglazer.com\/\",\"name\":\"BOGONG LASER\u00ae\",\"description\":\"BOGONG\u00ae is a Professional China CNC laser machine manufacturer for fiber Laser cutting Machine, Laser Engraving Machine, Laser Cleaner, Laser Welder, CO2 laser Cutter and other CNC laser machines.\",\"potentialAction\":[{\"@type\":\"SearchAction\",\"target\":{\"@type\":\"EntryPoint\",\"urlTemplate\":\"https:\/\/www.bogonglazer.com\/?s={search_term_string}\"},\"query-input\":{\"@type\":\"PropertyValueSpecification\",\"valueRequired\":true,\"valueName\":\"search_term_string\"}}],\"inLanguage\":\"fr-FR\"}]}<\/script>\n<!-- \/ Yoast SEO plugin. -->","yoast_head_json":{"title":"6000W-40KW High Power Fiber Laser Metal Cutting Machine For Sale - BOGONG LASER\u00ae","robots":{"index":"index","follow":"follow","max-snippet":"max-snippet:-1","max-image-preview":"max-image-preview:large","max-video-preview":"max-video-preview:-1"},"canonical":"https:\/\/www.bogonglazer.com\/fr\/produit\/6000w-40kw-high-power-fiber-laser-metal-cutting-machine-for-sale\/","og_locale":"fr_FR","og_type":"article","og_title":"6000W-40KW High Power Fiber Laser Metal Cutting Machine For Sale - BOGONG LASER\u00ae","og_description":"The 6000W-40KW fiber laser cutting machine is a powerful CNC fiber ...","og_url":"https:\/\/www.bogonglazer.com\/fr\/produit\/6000w-40kw-high-power-fiber-laser-metal-cutting-machine-for-sale\/","og_site_name":"BOGONG LASER\u00ae","article_modified_time":"2024-11-27T03:20:42+00:00","og_image":[{"width":600,"height":600,"url":"https:\/\/www.bogonglazer.com\/wp-content\/uploads\/2024\/11\/fiber-laser-cutting-machine-sealed.jpg","type":"image\/jpeg"}],"twitter_card":"summary_large_image","twitter_misc":{"Dur\u00e9e de lecture estim\u00e9e":"2 minutes"},"schema":{"@context":"https:\/\/schema.org","@graph":[{"@type":"WebPage","@id":"https:\/\/www.bogonglazer.com\/product\/6000w-40kw-high-power-fiber-laser-metal-cutting-machine-for-sale\/","url":"https:\/\/www.bogonglazer.com\/product\/6000w-40kw-high-power-fiber-laser-metal-cutting-machine-for-sale\/","name":"6000W-40KW High Power Fiber Laser Metal Cutting Machine For Sale - BOGONG LASER\u00ae","isPartOf":{"@id":"https:\/\/www.bogonglazer.com\/#website"},"primaryImageOfPage":{"@id":"https:\/\/www.bogonglazer.com\/product\/6000w-40kw-high-power-fiber-laser-metal-cutting-machine-for-sale\/#primaryimage"},"image":{"@id":"https:\/\/www.bogonglazer.com\/product\/6000w-40kw-high-power-fiber-laser-metal-cutting-machine-for-sale\/#primaryimage"},"thumbnailUrl":"https:\/\/www.bogonglazer.com\/wp-content\/uploads\/2024\/11\/fiber-laser-cutting-machine-sealed.jpg","datePublished":"2024-11-26T02:39:24+00:00","dateModified":"2024-11-27T03:20:42+00:00","breadcrumb":{"@id":"https:\/\/www.bogonglazer.com\/product\/6000w-40kw-high-power-fiber-laser-metal-cutting-machine-for-sale\/#breadcrumb"},"inLanguage":"fr-FR","potentialAction":[{"@type":"ReadAction","target":["https:\/\/www.bogonglazer.com\/product\/6000w-40kw-high-power-fiber-laser-metal-cutting-machine-for-sale\/"]}]},{"@type":"ImageObject","inLanguage":"fr-FR","@id":"https:\/\/www.bogonglazer.com\/product\/6000w-40kw-high-power-fiber-laser-metal-cutting-machine-for-sale\/#primaryimage","url":"https:\/\/www.bogonglazer.com\/wp-content\/uploads\/2024\/11\/fiber-laser-cutting-machine-sealed.jpg","contentUrl":"https:\/\/www.bogonglazer.com\/wp-content\/uploads\/2024\/11\/fiber-laser-cutting-machine-sealed.jpg","width":600,"height":600},{"@type":"BreadcrumbList","@id":"https:\/\/www.bogonglazer.com\/product\/6000w-40kw-high-power-fiber-laser-metal-cutting-machine-for-sale\/#breadcrumb","itemListElement":[{"@type":"ListItem","position":1,"name":"\u9996\u9875","item":"https:\/\/www.bogonglazer.com\/"},{"@type":"ListItem","position":2,"name":"Products","item":"https:\/\/www.bogonglazer.com\/products\/"},{"@type":"ListItem","position":3,"name":"6000W-40KW High Power Fiber Laser Metal Cutting Machine For Sale"}]},{"@type":"WebSite","@id":"https:\/\/www.bogonglazer.com\/#website","url":"https:\/\/www.bogonglazer.com\/","name":"BOGONG LASER\u00ae","description":"BOGONG\u00ae est un fabricant professionnel de machines laser CNC en Chine pour les machines de d\u00e9coupe laser \u00e0 fibre, les machines de gravure laser, les nettoyeurs laser, les soudeurs laser, les d\u00e9coupeurs laser CO2 et d'autres machines laser CNC.","potentialAction":[{"@type":"SearchAction","target":{"@type":"EntryPoint","urlTemplate":"https:\/\/www.bogonglazer.com\/?s={search_term_string}"},"query-input":{"@type":"PropertyValueSpecification","valueRequired":true,"valueName":"search_term_string"}}],"inLanguage":"fr-FR"}]}},"_links":{"self":[{"href":"https:\/\/www.bogonglazer.com\/fr\/wp-json\/wp\/v2\/product\/2000","targetHints":{"allow":["GET"]}}],"collection":[{"href":"https:\/\/www.bogonglazer.com\/fr\/wp-json\/wp\/v2\/product"}],"about":[{"href":"https:\/\/www.bogonglazer.com\/fr\/wp-json\/wp\/v2\/types\/product"}],"wp:featuredmedia":[{"embeddable":true,"href":"https:\/\/www.bogonglazer.com\/fr\/wp-json\/wp\/v2\/media\/2001"}],"wp:attachment":[{"href":"https:\/\/www.bogonglazer.com\/fr\/wp-json\/wp\/v2\/media?parent=2000"}],"wp:term":[{"taxonomy":"product_brand","embeddable":true,"href":"https:\/\/www.bogonglazer.com\/fr\/wp-json\/wp\/v2\/product_brand?post=2000"},{"taxonomy":"product_cat","embeddable":true,"href":"https:\/\/www.bogonglazer.com\/fr\/wp-json\/wp\/v2\/product_cat?post=2000"},{"taxonomy":"product_tag","embeddable":true,"href":"https:\/\/www.bogonglazer.com\/fr\/wp-json\/wp\/v2\/product_tag?post=2000"}],"curies":[{"name":"wp","href":"https:\/\/api.w.org\/{rel}","templated":true}]}}