{"id":2000,"date":"2024-11-26T10:39:24","date_gmt":"2024-11-26T02:39:24","guid":{"rendered":"https:\/\/bogonglaser.com\/?post_type=product&#038;p=2000"},"modified":"2024-11-27T11:20:42","modified_gmt":"2024-11-27T03:20:42","slug":"6000w-40kw-high-power-fiber-laser-metal-cutting-machine-for-sale","status":"publish","type":"product","link":"https:\/\/www.bogonglazer.com\/ro\/produs\/6000w-40kw-high-power-fiber-laser-metal-cutting-machine-for-sale\/","title":{"rendered":"6000W-40KW de mare putere Fiber Laser Metal Cutting Machine de v\u00e2nzare"},"content":{"rendered":"<div class=\"wpb-content-wrapper\"><div class=\"vc_row wpb_row vc_row-fluid\"><div class=\"wpb_column vc_column_container vc_col-sm-12\"><div class=\"vc_column-inner\"><div class=\"wpb_wrapper\">\n\t<div class=\"wpb_text_column wpb_content_element\" >\n\t\t<div class=\"wpb_wrapper\">\n\t\t\t<p>The BOGONG fiber laser metal cutting machine offers impressive features, including faster cutting speeds and a powerful 6000W laser (with options ranging from 2000W to 40000W). This machine provides exceptional cutting quality that sets it apart from other tools.<\/p>\n<p>It comes equipped with a state-of-the-art IPG laser generator and user-friendly CNC cutting software, making it easy to operate. Its sturdy welded construction, made from heat-treated materials and crafted using large CNC milling machines, ensures durability. Plus, the fully enclosed fireproof and dustproof safety housing ensures a safe working environment.<\/p>\n\n\t\t<\/div>\n\t<\/div>\n<\/div><\/div><\/div><\/div><div class=\"vc_row wpb_row vc_row-fluid\"><div class=\"wpb_column vc_column_container vc_col-sm-12\"><div class=\"vc_column-inner\"><div class=\"wpb_wrapper\">\n\t<div  class=\"wpb_single_image wpb_content_element vc_align_left wpb_content_element\">\n\t\t\n\t\t<figure class=\"wpb_wrapper vc_figure\">\n\t\t\t<div class=\"vc_single_image-wrapper   vc_box_border_grey\"><img loading=\"lazy\" decoding=\"async\" width=\"600\" height=\"600\" src=\"https:\/\/www.bogonglazer.com\/wp-content\/uploads\/2024\/11\/fiber-laser-cutting-machine-sealed.jpg\" class=\"vc_single_image-img attachment-full\" alt=\"\" title=\"fiber laser cutting machine sealed\" srcset=\"https:\/\/www.bogonglazer.com\/wp-content\/uploads\/2024\/11\/fiber-laser-cutting-machine-sealed.jpg 600w, https:\/\/www.bogonglazer.com\/wp-content\/uploads\/2024\/11\/fiber-laser-cutting-machine-sealed-300x300.jpg 300w, https:\/\/www.bogonglazer.com\/wp-content\/uploads\/2024\/11\/fiber-laser-cutting-machine-sealed-150x150.jpg 150w, https:\/\/www.bogonglazer.com\/wp-content\/uploads\/2024\/11\/fiber-laser-cutting-machine-sealed-100x100.jpg 100w\" sizes=\"auto, (max-width: 600px) 100vw, 600px\" \/><\/div>\n\t\t<\/figure>\n\t<\/div>\n<\/div><\/div><\/div><\/div><div class=\"vc_row wpb_row vc_row-fluid\"><div class=\"wpb_column vc_column_container vc_col-sm-12\"><div class=\"vc_column-inner\"><div class=\"wpb_wrapper\">\n\t<div class=\"wpb_text_column wpb_content_element\" >\n\t\t<div class=\"wpb_wrapper\">\n\t\t\t<div class=\"sub-header-divs\">\n<h3>Performance<\/h3>\n<\/div>\n<ul>\n<li>Laser Medium &#8211; Solid state CW 1070nm Fiber Laser<\/li>\n<li>Laser Power &#8211;\u00a0 6000W -40000W Fiber Source Options<\/li>\n<li>Power &#8211; <strong>\u00a0380V 3 Phase<\/strong><\/li>\n<li>Positioning accuracy &#8211; \u2264\u00b10.03mm<\/li>\n<li>Repeatability accuracy &#8211; \u2264\u00b10.02mm<\/li>\n<\/ul>\n<div class=\"sub-header-divs\">\n<h3>System<\/h3>\n<\/div>\n<ul>\n<li>Driving System &#8211; Closed Loop Servo<\/li>\n<li>Cooling Mode &#8211; Refrigerated Water<\/li>\n<\/ul>\n\n\t\t<\/div>\n\t<\/div>\n<\/div><\/div><\/div><\/div><div class=\"vc_row wpb_row vc_row-fluid\"><div class=\"wpb_column vc_column_container vc_col-sm-12\"><div class=\"vc_column-inner\"><div class=\"wpb_wrapper\">\n\t<div class=\"wpb_text_column wpb_content_element\" >\n\t\t<div class=\"wpb_wrapper\">\n\t\t\t<p>The 6000W fiber laser cutter is a professional-grade, high-power machine designed for laser metal cutting. It features an automatic CNC controller, making it easy to cut through a variety of metals: carbon steel up to 25mm thick, stainless steel up to 18mm, aluminum up to 16mm, and copper and brass up to 10mm. With a maximum cutting speed of over 60 meters per minute, this machine provides ample power to tackle most metal cutting tasks with ease.<\/p>\n\n\t\t<\/div>\n\t<\/div>\n<\/div><\/div><\/div><\/div><div class=\"vc_row wpb_row vc_row-fluid\"><div class=\"wpb_column vc_column_container vc_col-sm-12\"><div class=\"vc_column-inner\"><div class=\"wpb_wrapper\">\n\t<div class=\"wpb_video_widget wpb_content_element vc_clearfix   vc_video-aspect-ratio-169 vc_video-el-width-100 vc_video-align-left\" >\n\t\t<div class=\"wpb_wrapper\">\n\t\t\t<h2 class=\"wpb_heading wpb_video_heading\">12KW cutting show<\/h2>\n\t\t\t<div class=\"wpb_video_wrapper\"><iframe loading=\"lazy\" title=\"12KW Fiber Laser Cutting Machine for Sale\" width=\"500\" height=\"281\" src=\"https:\/\/www.youtube.com\/embed\/xYmsQJZBIpU?feature=oembed\" frameborder=\"0\" allow=\"accelerometer; autoplay; clipboard-write; encrypted-media; gyroscope; picture-in-picture; web-share\" referrerpolicy=\"strict-origin-when-cross-origin\" allowfullscreen><\/iframe><\/div>\n\t\t<\/div>\n\t<\/div>\n<\/div><\/div><\/div><\/div><div class=\"vc_row wpb_row vc_row-fluid\"><div class=\"wpb_column vc_column_container vc_col-sm-12\"><div class=\"vc_column-inner\"><div class=\"wpb_wrapper\">\n\t<div class=\"wpb_text_column wpb_content_element\" >\n\t\t<div class=\"wpb_wrapper\">\n\t\t\t<h4>Fiber Laser Cutting Machine Applicable Industries<\/h4>\n<p>Mechanical and electrical equipment, sheet metal fabrication, cabinets, stainless steel products, lighting fixtures, automotive parts, glass, hardware tools, advertising signs, decorative items, and other industries.<\/p>\n\n\t\t<\/div>\n\t<\/div>\n<\/div><\/div><\/div><\/div><div class=\"vc_row wpb_row vc_row-fluid\"><div class=\"wpb_column vc_column_container vc_col-sm-12\"><div class=\"vc_column-inner\"><div class=\"wpb_wrapper\">\n\t<div class=\"wpb_text_column wpb_content_element\" >\n\t\t<div class=\"wpb_wrapper\">\n\t\t\t<p>**De ce s\u0103 alege\u021bi BOGONG LASER**<\/p>\n<p>BOGONG renumit pentru calitatea sa de echipamente laser \u0219i servicii pentru servicii post-v\u00e2nzare, Ma\u0219inile noastre sunt versatile \u0219i u\u0219or de utilizat, concepute cu toate nivelurile de calificare \u00een minte. Mai presus de toate, prioritiz\u0103m satisfac\u021bia clientului. Fie c\u0103 sunte\u021bi un expert experimentat sau un \u00eencep\u0103tor, BOGONG LASER este aici pentru a v\u0103 sprijini la fiecare pas al drumului. Ave\u021bi \u00eencredere \u00een noi \u0219i \u00een serviciile noastre, unde excelen\u021ba \u0219i inova\u021bia se unesc pentru succesul dumneavoastr\u0103.<\/p>\n\n\t\t<\/div>\n\t<\/div>\n<\/div><\/div><\/div><\/div><div class=\"vc_row wpb_row vc_row-fluid\"><div class=\"wpb_column vc_column_container vc_col-sm-12\"><div class=\"vc_column-inner\"><div class=\"wpb_wrapper\"><div class=\"wpb_gallery wpb_content_element vc_clearfix wpb_content_element\" ><div class=\"wpb_wrapper\"><div class=\"wpb_gallery_slides wpb_flexslider flexslider_fade flexslider\" data-interval=\"3\" data-flex_fx=\"fade\"><ul class=\"slides\"><li><a class=\"\" href=\"https:\/\/www.bogonglazer.com\/wp-content\/uploads\/2024\/11\/fiber-laser-cutter.jpg\" data-lightbox=\"lightbox[rel-2000-2010369566]\"><img loading=\"lazy\" decoding=\"async\" width=\"800\" height=\"600\" src=\"https:\/\/www.bogonglazer.com\/wp-content\/uploads\/2024\/11\/fiber-laser-cutter.jpg\" class=\"attachment-full\" alt=\"fiber laser cutter\" title=\"fiber laser cutter\" srcset=\"https:\/\/www.bogonglazer.com\/wp-content\/uploads\/2024\/11\/fiber-laser-cutter.jpg 800w, https:\/\/www.bogonglazer.com\/wp-content\/uploads\/2024\/11\/fiber-laser-cutter-300x225.jpg 300w, https:\/\/www.bogonglazer.com\/wp-content\/uploads\/2024\/11\/fiber-laser-cutter-768x576.jpg 768w, https:\/\/www.bogonglazer.com\/wp-content\/uploads\/2024\/11\/fiber-laser-cutter-600x450.jpg 600w\" sizes=\"auto, (max-width: 800px) 100vw, 800px\" \/><\/a><\/li><\/ul><\/div><\/div><\/div><\/div><\/div><\/div><\/div>\n<\/div>","protected":false},"excerpt":{"rendered":"<p>The 6000W-40KW fiber laser cutting machine is a powerful CNC fiber &#8230; <\/p>","protected":false},"featured_media":2001,"template":"","meta":[],"product_brand":[],"product_cat":[117,92,118],"product_tag":[105,106],"class_list":{"0":"post-2000","1":"product","2":"type-product","3":"status-publish","4":"has-post-thumbnail","6":"product_cat-fiber-laser-cutting-machine","7":"product_cat-laser-cutting-machine","8":"product_cat-laser-metal-cutting-machine","9":"product_tag-fiber-laser-cutting-machine","10":"product_tag-laser-cutting-machine","12":"first","13":"instock","14":"shipping-taxable","15":"product-type-simple"},"yoast_head":"<!-- This site is optimized with the Yoast SEO plugin v26.7 - https:\/\/yoast.com\/wordpress\/plugins\/seo\/ -->\n<title>6000W-40KW High Power Fiber Laser Metal Cutting Machine For Sale - BOGONG LASER\u00ae<\/title>\n<meta name=\"robots\" content=\"index, follow, max-snippet:-1, max-image-preview:large, max-video-preview:-1\" \/>\n<link rel=\"canonical\" href=\"https:\/\/www.bogonglazer.com\/ro\/produs\/6000w-40kw-high-power-fiber-laser-metal-cutting-machine-for-sale\/\" \/>\n<meta property=\"og:locale\" content=\"ro_RO\" \/>\n<meta property=\"og:type\" content=\"article\" \/>\n<meta property=\"og:title\" content=\"6000W-40KW High Power Fiber Laser Metal Cutting Machine For Sale - BOGONG LASER\u00ae\" \/>\n<meta property=\"og:description\" content=\"The 6000W-40KW fiber laser cutting machine is a powerful CNC fiber ...\" \/>\n<meta property=\"og:url\" content=\"https:\/\/www.bogonglazer.com\/ro\/produs\/6000w-40kw-high-power-fiber-laser-metal-cutting-machine-for-sale\/\" \/>\n<meta property=\"og:site_name\" content=\"BOGONG LASER\u00ae\" \/>\n<meta property=\"article:modified_time\" content=\"2024-11-27T03:20:42+00:00\" \/>\n<meta property=\"og:image\" content=\"https:\/\/www.bogonglazer.com\/wp-content\/uploads\/2024\/11\/fiber-laser-cutting-machine-sealed.jpg\" \/>\n\t<meta property=\"og:image:width\" content=\"600\" \/>\n\t<meta property=\"og:image:height\" content=\"600\" \/>\n\t<meta property=\"og:image:type\" content=\"image\/jpeg\" \/>\n<meta name=\"twitter:card\" content=\"summary_large_image\" \/>\n<meta name=\"twitter:label1\" content=\"Timp estimat pentru citire\" \/>\n\t<meta name=\"twitter:data1\" content=\"2 minute\" \/>\n<script type=\"application\/ld+json\" class=\"yoast-schema-graph\">{\"@context\":\"https:\/\/schema.org\",\"@graph\":[{\"@type\":\"WebPage\",\"@id\":\"https:\/\/www.bogonglazer.com\/product\/6000w-40kw-high-power-fiber-laser-metal-cutting-machine-for-sale\/\",\"url\":\"https:\/\/www.bogonglazer.com\/product\/6000w-40kw-high-power-fiber-laser-metal-cutting-machine-for-sale\/\",\"name\":\"6000W-40KW High Power Fiber Laser Metal Cutting Machine For Sale - BOGONG LASER\u00ae\",\"isPartOf\":{\"@id\":\"https:\/\/www.bogonglazer.com\/#website\"},\"primaryImageOfPage\":{\"@id\":\"https:\/\/www.bogonglazer.com\/product\/6000w-40kw-high-power-fiber-laser-metal-cutting-machine-for-sale\/#primaryimage\"},\"image\":{\"@id\":\"https:\/\/www.bogonglazer.com\/product\/6000w-40kw-high-power-fiber-laser-metal-cutting-machine-for-sale\/#primaryimage\"},\"thumbnailUrl\":\"https:\/\/www.bogonglazer.com\/wp-content\/uploads\/2024\/11\/fiber-laser-cutting-machine-sealed.jpg\",\"datePublished\":\"2024-11-26T02:39:24+00:00\",\"dateModified\":\"2024-11-27T03:20:42+00:00\",\"breadcrumb\":{\"@id\":\"https:\/\/www.bogonglazer.com\/product\/6000w-40kw-high-power-fiber-laser-metal-cutting-machine-for-sale\/#breadcrumb\"},\"inLanguage\":\"ro-RO\",\"potentialAction\":[{\"@type\":\"ReadAction\",\"target\":[\"https:\/\/www.bogonglazer.com\/product\/6000w-40kw-high-power-fiber-laser-metal-cutting-machine-for-sale\/\"]}]},{\"@type\":\"ImageObject\",\"inLanguage\":\"ro-RO\",\"@id\":\"https:\/\/www.bogonglazer.com\/product\/6000w-40kw-high-power-fiber-laser-metal-cutting-machine-for-sale\/#primaryimage\",\"url\":\"https:\/\/www.bogonglazer.com\/wp-content\/uploads\/2024\/11\/fiber-laser-cutting-machine-sealed.jpg\",\"contentUrl\":\"https:\/\/www.bogonglazer.com\/wp-content\/uploads\/2024\/11\/fiber-laser-cutting-machine-sealed.jpg\",\"width\":600,\"height\":600},{\"@type\":\"BreadcrumbList\",\"@id\":\"https:\/\/www.bogonglazer.com\/product\/6000w-40kw-high-power-fiber-laser-metal-cutting-machine-for-sale\/#breadcrumb\",\"itemListElement\":[{\"@type\":\"ListItem\",\"position\":1,\"name\":\"\u9996\u9875\",\"item\":\"https:\/\/www.bogonglazer.com\/\"},{\"@type\":\"ListItem\",\"position\":2,\"name\":\"Products\",\"item\":\"https:\/\/www.bogonglazer.com\/products\/\"},{\"@type\":\"ListItem\",\"position\":3,\"name\":\"6000W-40KW High Power Fiber Laser Metal Cutting Machine For Sale\"}]},{\"@type\":\"WebSite\",\"@id\":\"https:\/\/www.bogonglazer.com\/#website\",\"url\":\"https:\/\/www.bogonglazer.com\/\",\"name\":\"BOGONG LASER\u00ae\",\"description\":\"BOGONG\u00ae is a Professional China CNC laser machine manufacturer for fiber Laser cutting Machine, Laser Engraving Machine, Laser Cleaner, Laser Welder, CO2 laser Cutter and other CNC laser machines.\",\"potentialAction\":[{\"@type\":\"SearchAction\",\"target\":{\"@type\":\"EntryPoint\",\"urlTemplate\":\"https:\/\/www.bogonglazer.com\/?s={search_term_string}\"},\"query-input\":{\"@type\":\"PropertyValueSpecification\",\"valueRequired\":true,\"valueName\":\"search_term_string\"}}],\"inLanguage\":\"ro-RO\"}]}<\/script>\n<!-- \/ Yoast SEO plugin. -->","yoast_head_json":{"title":"6000W-40KW High Power Fiber Laser Metal Cutting Machine For Sale - BOGONG LASER\u00ae","robots":{"index":"index","follow":"follow","max-snippet":"max-snippet:-1","max-image-preview":"max-image-preview:large","max-video-preview":"max-video-preview:-1"},"canonical":"https:\/\/www.bogonglazer.com\/ro\/produs\/6000w-40kw-high-power-fiber-laser-metal-cutting-machine-for-sale\/","og_locale":"ro_RO","og_type":"article","og_title":"6000W-40KW High Power Fiber Laser Metal Cutting Machine For Sale - BOGONG LASER\u00ae","og_description":"The 6000W-40KW fiber laser cutting machine is a powerful CNC fiber ...","og_url":"https:\/\/www.bogonglazer.com\/ro\/produs\/6000w-40kw-high-power-fiber-laser-metal-cutting-machine-for-sale\/","og_site_name":"BOGONG LASER\u00ae","article_modified_time":"2024-11-27T03:20:42+00:00","og_image":[{"width":600,"height":600,"url":"https:\/\/www.bogonglazer.com\/wp-content\/uploads\/2024\/11\/fiber-laser-cutting-machine-sealed.jpg","type":"image\/jpeg"}],"twitter_card":"summary_large_image","twitter_misc":{"Timp estimat pentru citire":"2 minute"},"schema":{"@context":"https:\/\/schema.org","@graph":[{"@type":"WebPage","@id":"https:\/\/www.bogonglazer.com\/product\/6000w-40kw-high-power-fiber-laser-metal-cutting-machine-for-sale\/","url":"https:\/\/www.bogonglazer.com\/product\/6000w-40kw-high-power-fiber-laser-metal-cutting-machine-for-sale\/","name":"6000W-40KW High Power Fiber Laser Metal Cutting Machine For Sale - BOGONG LASER\u00ae","isPartOf":{"@id":"https:\/\/www.bogonglazer.com\/#website"},"primaryImageOfPage":{"@id":"https:\/\/www.bogonglazer.com\/product\/6000w-40kw-high-power-fiber-laser-metal-cutting-machine-for-sale\/#primaryimage"},"image":{"@id":"https:\/\/www.bogonglazer.com\/product\/6000w-40kw-high-power-fiber-laser-metal-cutting-machine-for-sale\/#primaryimage"},"thumbnailUrl":"https:\/\/www.bogonglazer.com\/wp-content\/uploads\/2024\/11\/fiber-laser-cutting-machine-sealed.jpg","datePublished":"2024-11-26T02:39:24+00:00","dateModified":"2024-11-27T03:20:42+00:00","breadcrumb":{"@id":"https:\/\/www.bogonglazer.com\/product\/6000w-40kw-high-power-fiber-laser-metal-cutting-machine-for-sale\/#breadcrumb"},"inLanguage":"ro-RO","potentialAction":[{"@type":"ReadAction","target":["https:\/\/www.bogonglazer.com\/product\/6000w-40kw-high-power-fiber-laser-metal-cutting-machine-for-sale\/"]}]},{"@type":"ImageObject","inLanguage":"ro-RO","@id":"https:\/\/www.bogonglazer.com\/product\/6000w-40kw-high-power-fiber-laser-metal-cutting-machine-for-sale\/#primaryimage","url":"https:\/\/www.bogonglazer.com\/wp-content\/uploads\/2024\/11\/fiber-laser-cutting-machine-sealed.jpg","contentUrl":"https:\/\/www.bogonglazer.com\/wp-content\/uploads\/2024\/11\/fiber-laser-cutting-machine-sealed.jpg","width":600,"height":600},{"@type":"BreadcrumbList","@id":"https:\/\/www.bogonglazer.com\/product\/6000w-40kw-high-power-fiber-laser-metal-cutting-machine-for-sale\/#breadcrumb","itemListElement":[{"@type":"ListItem","position":1,"name":"\u9996\u9875","item":"https:\/\/www.bogonglazer.com\/"},{"@type":"ListItem","position":2,"name":"Products","item":"https:\/\/www.bogonglazer.com\/products\/"},{"@type":"ListItem","position":3,"name":"6000W-40KW High Power Fiber Laser Metal Cutting Machine For Sale"}]},{"@type":"WebSite","@id":"https:\/\/www.bogonglazer.com\/#website","url":"https:\/\/www.bogonglazer.com\/","name":"BOGONG LASER\u00ae","description":"BOGONG\u00ae este un produc\u0103tor profesionist de ma\u0219ini cu laser CNC din China pentru ma\u0219ini de t\u0103iere cu laser cu fibre, ma\u0219ini de gravur\u0103 cu laser, cur\u0103\u021b\u0103toare cu laser, aparat de sudur\u0103 cu laser, cutter cu laser CO2 \u0219i alte ma\u0219ini cu laser CNC.","potentialAction":[{"@type":"SearchAction","target":{"@type":"EntryPoint","urlTemplate":"https:\/\/www.bogonglazer.com\/?s={search_term_string}"},"query-input":{"@type":"PropertyValueSpecification","valueRequired":true,"valueName":"search_term_string"}}],"inLanguage":"ro-RO"}]}},"_links":{"self":[{"href":"https:\/\/www.bogonglazer.com\/ro\/wp-json\/wp\/v2\/product\/2000","targetHints":{"allow":["GET"]}}],"collection":[{"href":"https:\/\/www.bogonglazer.com\/ro\/wp-json\/wp\/v2\/product"}],"about":[{"href":"https:\/\/www.bogonglazer.com\/ro\/wp-json\/wp\/v2\/types\/product"}],"wp:featuredmedia":[{"embeddable":true,"href":"https:\/\/www.bogonglazer.com\/ro\/wp-json\/wp\/v2\/media\/2001"}],"wp:attachment":[{"href":"https:\/\/www.bogonglazer.com\/ro\/wp-json\/wp\/v2\/media?parent=2000"}],"wp:term":[{"taxonomy":"product_brand","embeddable":true,"href":"https:\/\/www.bogonglazer.com\/ro\/wp-json\/wp\/v2\/product_brand?post=2000"},{"taxonomy":"product_cat","embeddable":true,"href":"https:\/\/www.bogonglazer.com\/ro\/wp-json\/wp\/v2\/product_cat?post=2000"},{"taxonomy":"product_tag","embeddable":true,"href":"https:\/\/www.bogonglazer.com\/ro\/wp-json\/wp\/v2\/product_tag?post=2000"}],"curies":[{"name":"wp","href":"https:\/\/api.w.org\/{rel}","templated":true}]}}