{"id":2075,"date":"2024-12-02T15:16:04","date_gmt":"2024-12-02T07:16:04","guid":{"rendered":"https:\/\/bogonglaser.com\/?post_type=product&#038;p=2075"},"modified":"2025-02-13T18:58:46","modified_gmt":"2025-02-13T10:58:46","slug":"all-in-one-fiber-laser-metal-cutting-machine-tube-and-metal-sheet-laser-cutting-machine","status":"publish","type":"product","link":"https:\/\/www.bogonglazer.com\/ro\/produs\/all-in-one-fiber-laser-metal-cutting-machine-tube-and-metal-sheet-laser-cutting-machine\/","title":{"rendered":"Laser Plac\u0103 &amp; Tub Combo Fiber Laer Cutting Machine"},"content":{"rendered":"<div class=\"wpb-content-wrapper\"><div class=\"vc_row wpb_row vc_row-fluid\"><div class=\"wpb_column vc_column_container vc_col-sm-12\"><div class=\"vc_column-inner\"><div class=\"wpb_wrapper\">\n\t<div class=\"wpb_text_column wpb_content_element\" >\n\t\t<div class=\"wpb_wrapper\">\n\t\t\t<p>A sheet and tube laser cutting machine is versatile, capable of cutting not only metal sheets but also pipes. This fiber laser cutting system integrates both sheet and pipe processing functions, catering to a variety of customer needs such as bevel cutting, drilling, and slotting. This combination significantly saves on costs and space while enhancing production efficiency.<\/p>\n<p>Whether working with metal or non-metal materials, sheet and tube laser cutting machines can accurately cut various shapes and sizes of tubes and sheets with high precision. They produce high-quality edges that typically require no additional cleaning, processing, or finishing, thus minimizing the need for secondary operations.<\/p>\n<p>These CNC fiber laser cutting machines can easily adjust laser settings to accommodate different material types and thicknesses, ranging from 1 to 200 mm. They are suitable for a broad array of metal materials, including stainless steel, carbon steel, copper, aluminum, brass, gold, silver, iron, titanium, galvanized sheets, and various alloys.<\/p>\n\n\t\t<\/div>\n\t<\/div>\n<\/div><\/div><\/div><\/div><div class=\"vc_row wpb_row vc_row-fluid\"><div class=\"wpb_column vc_column_container vc_col-sm-12\"><div class=\"vc_column-inner\"><div class=\"wpb_wrapper\">\n\t<div  class=\"wpb_single_image wpb_content_element vc_align_left wpb_content_element\">\n\t\t\n\t\t<figure class=\"wpb_wrapper vc_figure\">\n\t\t\t<div class=\"vc_single_image-wrapper   vc_box_border_grey\"><\/div>\n\t\t<\/figure>\n\t<\/div>\n<\/div><\/div><\/div><\/div><div class=\"vc_row wpb_row vc_row-fluid\"><div class=\"wpb_column vc_column_container vc_col-sm-12\"><div class=\"vc_column-inner\"><div class=\"wpb_wrapper\">\n\t<div class=\"wpb_text_column wpb_content_element\" >\n\t\t<div class=\"wpb_wrapper\">\n\t\t\t<div class=\"sub-header-divs\">\n<h3>Performance<\/h3>\n<\/div>\n<ul>\n<li>Laser Medium &#8211; Solid state CW 1070nm Fiber Laser<\/li>\n<li>Laser Power &#8211;\u00a0 1500W -10000W Fiber Source Options<\/li>\n<li>Power &#8211; <strong>\u00a0380V 3 Phase<\/strong><\/li>\n<li>Positioning accuracy &#8211; \u2264\u00b10.03mm<\/li>\n<li>Repeatability accuracy &#8211; \u2264\u00b10.02mm<\/li>\n<\/ul>\n<div class=\"sub-header-divs\">\n<h3>System<\/h3>\n<\/div>\n<ul>\n<li>Driving System &#8211; Closed Loop Servo<\/li>\n<li>Cooling Mode &#8211; Refrigerated Water<\/li>\n<\/ul>\n\n\t\t<\/div>\n\t<\/div>\n<\/div><\/div><\/div><\/div><div class=\"vc_row wpb_row vc_row-fluid\"><div class=\"wpb_column vc_column_container vc_col-sm-12\"><div class=\"vc_column-inner\"><div class=\"wpb_wrapper\">\n\t<div class=\"wpb_text_column wpb_content_element\" >\n\t\t<div class=\"wpb_wrapper\">\n\t\t\t<p>Fiber laser cutters for sheets and tubes offer two functions in one machine, providing space efficiency and cost savings while being flexible and versatile. Request a quote now!<\/p>\n\n\t\t<\/div>\n\t<\/div>\n<\/div><\/div><\/div><\/div><div class=\"vc_row wpb_row vc_row-fluid\"><div class=\"wpb_column vc_column_container vc_col-sm-12\"><div class=\"vc_column-inner\"><div class=\"wpb_wrapper\">\n\t<div class=\"wpb_text_column wpb_content_element\" >\n\t\t<div class=\"wpb_wrapper\">\n\t\t\t<p>**De ce s\u0103 alege\u021bi BOGONG LASER**<\/p>\n<p>BOGONG renumit pentru calitatea sa de echipamente laser \u0219i servicii pentru servicii post-v\u00e2nzare, Ma\u0219inile noastre sunt versatile \u0219i u\u0219or de utilizat, concepute cu toate nivelurile de calificare \u00een minte. Mai presus de toate, prioritiz\u0103m satisfac\u021bia clientului. Fie c\u0103 sunte\u021bi un expert experimentat sau un \u00eencep\u0103tor, BOGONG LASER este aici pentru a v\u0103 sprijini la fiecare pas al drumului. Ave\u021bi \u00eencredere \u00een noi \u0219i \u00een serviciile noastre, unde excelen\u021ba \u0219i inova\u021bia se unesc pentru succesul dumneavoastr\u0103.<\/p>\n\n\t\t<\/div>\n\t<\/div>\n<\/div><\/div><\/div><\/div>\n<\/div>","protected":false},"excerpt":{"rendered":"<p>The sheet and tube laser cutting machine is designed to cut &#8230; <\/p>","protected":false},"featured_media":2077,"template":"","meta":[],"product_brand":[],"product_cat":[117,92,118],"product_tag":[105,106],"class_list":{"0":"post-2075","1":"product","2":"type-product","3":"status-publish","4":"has-post-thumbnail","6":"product_cat-fiber-laser-cutting-machine","7":"product_cat-laser-cutting-machine","8":"product_cat-laser-metal-cutting-machine","9":"product_tag-fiber-laser-cutting-machine","10":"product_tag-laser-cutting-machine","12":"first","13":"instock","14":"shipping-taxable","15":"product-type-simple"},"yoast_head":"<!-- This site is optimized with the Yoast SEO plugin v26.7 - https:\/\/yoast.com\/wordpress\/plugins\/seo\/ -->\n<title>Laser Plate &amp; Tube Combo Fiber Laer Cutting Machine - BOGONG LASER\u00ae<\/title>\n<meta name=\"robots\" content=\"index, follow, max-snippet:-1, max-image-preview:large, max-video-preview:-1\" \/>\n<link rel=\"canonical\" href=\"https:\/\/www.bogonglazer.com\/ro\/produs\/all-in-one-fiber-laser-metal-cutting-machine-tube-and-metal-sheet-laser-cutting-machine\/\" \/>\n<meta property=\"og:locale\" content=\"ro_RO\" \/>\n<meta property=\"og:type\" content=\"article\" \/>\n<meta property=\"og:title\" content=\"Laser Plate &amp; Tube Combo Fiber Laer Cutting Machine - BOGONG LASER\u00ae\" \/>\n<meta property=\"og:description\" content=\"The sheet and tube laser cutting machine is designed to cut ...\" \/>\n<meta property=\"og:url\" content=\"https:\/\/www.bogonglazer.com\/ro\/produs\/all-in-one-fiber-laser-metal-cutting-machine-tube-and-metal-sheet-laser-cutting-machine\/\" \/>\n<meta property=\"og:site_name\" content=\"BOGONG LASER\u00ae\" \/>\n<meta property=\"article:modified_time\" content=\"2025-02-13T10:58:46+00:00\" \/>\n<meta property=\"og:image\" content=\"https:\/\/www.bogonglazer.com\/wp-content\/uploads\/2024\/12\/tube-and-pipe-laser-cutting-machine.jpg\" \/>\n\t<meta property=\"og:image:width\" content=\"600\" \/>\n\t<meta property=\"og:image:height\" content=\"600\" \/>\n\t<meta property=\"og:image:type\" content=\"image\/jpeg\" \/>\n<meta name=\"twitter:card\" content=\"summary_large_image\" \/>\n<meta name=\"twitter:label1\" content=\"Timp estimat pentru citire\" \/>\n\t<meta name=\"twitter:data1\" content=\"2 minute\" \/>\n<script type=\"application\/ld+json\" class=\"yoast-schema-graph\">{\"@context\":\"https:\/\/schema.org\",\"@graph\":[{\"@type\":\"WebPage\",\"@id\":\"https:\/\/www.bogonglazer.com\/product\/all-in-one-fiber-laser-metal-cutting-machine-tube-and-metal-sheet-laser-cutting-machine\/\",\"url\":\"https:\/\/www.bogonglazer.com\/product\/all-in-one-fiber-laser-metal-cutting-machine-tube-and-metal-sheet-laser-cutting-machine\/\",\"name\":\"Laser Plate & Tube Combo Fiber Laer Cutting Machine - BOGONG LASER\u00ae\",\"isPartOf\":{\"@id\":\"https:\/\/www.bogonglazer.com\/#website\"},\"primaryImageOfPage\":{\"@id\":\"https:\/\/www.bogonglazer.com\/product\/all-in-one-fiber-laser-metal-cutting-machine-tube-and-metal-sheet-laser-cutting-machine\/#primaryimage\"},\"image\":{\"@id\":\"https:\/\/www.bogonglazer.com\/product\/all-in-one-fiber-laser-metal-cutting-machine-tube-and-metal-sheet-laser-cutting-machine\/#primaryimage\"},\"thumbnailUrl\":\"https:\/\/www.bogonglazer.com\/wp-content\/uploads\/2024\/12\/tube-and-pipe-laser-cutting-machine.jpg\",\"datePublished\":\"2024-12-02T07:16:04+00:00\",\"dateModified\":\"2025-02-13T10:58:46+00:00\",\"breadcrumb\":{\"@id\":\"https:\/\/www.bogonglazer.com\/product\/all-in-one-fiber-laser-metal-cutting-machine-tube-and-metal-sheet-laser-cutting-machine\/#breadcrumb\"},\"inLanguage\":\"ro-RO\",\"potentialAction\":[{\"@type\":\"ReadAction\",\"target\":[\"https:\/\/www.bogonglazer.com\/product\/all-in-one-fiber-laser-metal-cutting-machine-tube-and-metal-sheet-laser-cutting-machine\/\"]}]},{\"@type\":\"ImageObject\",\"inLanguage\":\"ro-RO\",\"@id\":\"https:\/\/www.bogonglazer.com\/product\/all-in-one-fiber-laser-metal-cutting-machine-tube-and-metal-sheet-laser-cutting-machine\/#primaryimage\",\"url\":\"https:\/\/www.bogonglazer.com\/wp-content\/uploads\/2024\/12\/tube-and-pipe-laser-cutting-machine.jpg\",\"contentUrl\":\"https:\/\/www.bogonglazer.com\/wp-content\/uploads\/2024\/12\/tube-and-pipe-laser-cutting-machine.jpg\",\"width\":600,\"height\":600},{\"@type\":\"BreadcrumbList\",\"@id\":\"https:\/\/www.bogonglazer.com\/product\/all-in-one-fiber-laser-metal-cutting-machine-tube-and-metal-sheet-laser-cutting-machine\/#breadcrumb\",\"itemListElement\":[{\"@type\":\"ListItem\",\"position\":1,\"name\":\"\u9996\u9875\",\"item\":\"https:\/\/www.bogonglazer.com\/\"},{\"@type\":\"ListItem\",\"position\":2,\"name\":\"Products\",\"item\":\"https:\/\/www.bogonglazer.com\/products\/\"},{\"@type\":\"ListItem\",\"position\":3,\"name\":\"Laser Plate &#038; Tube Combo Fiber Laer Cutting Machine\"}]},{\"@type\":\"WebSite\",\"@id\":\"https:\/\/www.bogonglazer.com\/#website\",\"url\":\"https:\/\/www.bogonglazer.com\/\",\"name\":\"BOGONG LASER\u00ae\",\"description\":\"BOGONG\u00ae is a Professional China CNC laser machine manufacturer for fiber Laser cutting Machine, Laser Engraving Machine, Laser Cleaner, Laser Welder, CO2 laser Cutter and other CNC laser machines.\",\"potentialAction\":[{\"@type\":\"SearchAction\",\"target\":{\"@type\":\"EntryPoint\",\"urlTemplate\":\"https:\/\/www.bogonglazer.com\/?s={search_term_string}\"},\"query-input\":{\"@type\":\"PropertyValueSpecification\",\"valueRequired\":true,\"valueName\":\"search_term_string\"}}],\"inLanguage\":\"ro-RO\"}]}<\/script>\n<!-- \/ Yoast SEO plugin. -->","yoast_head_json":{"title":"Laser Plate & Tube Combo Fiber Laer Cutting Machine - BOGONG LASER\u00ae","robots":{"index":"index","follow":"follow","max-snippet":"max-snippet:-1","max-image-preview":"max-image-preview:large","max-video-preview":"max-video-preview:-1"},"canonical":"https:\/\/www.bogonglazer.com\/ro\/produs\/all-in-one-fiber-laser-metal-cutting-machine-tube-and-metal-sheet-laser-cutting-machine\/","og_locale":"ro_RO","og_type":"article","og_title":"Laser Plate & Tube Combo Fiber Laer Cutting Machine - BOGONG LASER\u00ae","og_description":"The sheet and tube laser cutting machine is designed to cut ...","og_url":"https:\/\/www.bogonglazer.com\/ro\/produs\/all-in-one-fiber-laser-metal-cutting-machine-tube-and-metal-sheet-laser-cutting-machine\/","og_site_name":"BOGONG LASER\u00ae","article_modified_time":"2025-02-13T10:58:46+00:00","og_image":[{"width":600,"height":600,"url":"https:\/\/www.bogonglazer.com\/wp-content\/uploads\/2024\/12\/tube-and-pipe-laser-cutting-machine.jpg","type":"image\/jpeg"}],"twitter_card":"summary_large_image","twitter_misc":{"Timp estimat pentru citire":"2 minute"},"schema":{"@context":"https:\/\/schema.org","@graph":[{"@type":"WebPage","@id":"https:\/\/www.bogonglazer.com\/product\/all-in-one-fiber-laser-metal-cutting-machine-tube-and-metal-sheet-laser-cutting-machine\/","url":"https:\/\/www.bogonglazer.com\/product\/all-in-one-fiber-laser-metal-cutting-machine-tube-and-metal-sheet-laser-cutting-machine\/","name":"Laser Plate & Tube Combo Fiber Laer Cutting Machine - BOGONG LASER\u00ae","isPartOf":{"@id":"https:\/\/www.bogonglazer.com\/#website"},"primaryImageOfPage":{"@id":"https:\/\/www.bogonglazer.com\/product\/all-in-one-fiber-laser-metal-cutting-machine-tube-and-metal-sheet-laser-cutting-machine\/#primaryimage"},"image":{"@id":"https:\/\/www.bogonglazer.com\/product\/all-in-one-fiber-laser-metal-cutting-machine-tube-and-metal-sheet-laser-cutting-machine\/#primaryimage"},"thumbnailUrl":"https:\/\/www.bogonglazer.com\/wp-content\/uploads\/2024\/12\/tube-and-pipe-laser-cutting-machine.jpg","datePublished":"2024-12-02T07:16:04+00:00","dateModified":"2025-02-13T10:58:46+00:00","breadcrumb":{"@id":"https:\/\/www.bogonglazer.com\/product\/all-in-one-fiber-laser-metal-cutting-machine-tube-and-metal-sheet-laser-cutting-machine\/#breadcrumb"},"inLanguage":"ro-RO","potentialAction":[{"@type":"ReadAction","target":["https:\/\/www.bogonglazer.com\/product\/all-in-one-fiber-laser-metal-cutting-machine-tube-and-metal-sheet-laser-cutting-machine\/"]}]},{"@type":"ImageObject","inLanguage":"ro-RO","@id":"https:\/\/www.bogonglazer.com\/product\/all-in-one-fiber-laser-metal-cutting-machine-tube-and-metal-sheet-laser-cutting-machine\/#primaryimage","url":"https:\/\/www.bogonglazer.com\/wp-content\/uploads\/2024\/12\/tube-and-pipe-laser-cutting-machine.jpg","contentUrl":"https:\/\/www.bogonglazer.com\/wp-content\/uploads\/2024\/12\/tube-and-pipe-laser-cutting-machine.jpg","width":600,"height":600},{"@type":"BreadcrumbList","@id":"https:\/\/www.bogonglazer.com\/product\/all-in-one-fiber-laser-metal-cutting-machine-tube-and-metal-sheet-laser-cutting-machine\/#breadcrumb","itemListElement":[{"@type":"ListItem","position":1,"name":"\u9996\u9875","item":"https:\/\/www.bogonglazer.com\/"},{"@type":"ListItem","position":2,"name":"Products","item":"https:\/\/www.bogonglazer.com\/products\/"},{"@type":"ListItem","position":3,"name":"Laser Plate &#038; Tube Combo Fiber Laer Cutting Machine"}]},{"@type":"WebSite","@id":"https:\/\/www.bogonglazer.com\/#website","url":"https:\/\/www.bogonglazer.com\/","name":"BOGONG LASER\u00ae","description":"BOGONG\u00ae este un produc\u0103tor profesionist de ma\u0219ini cu laser CNC din China pentru ma\u0219ini de t\u0103iere cu laser cu fibre, ma\u0219ini de gravur\u0103 cu laser, cur\u0103\u021b\u0103toare cu laser, aparat de sudur\u0103 cu laser, cutter cu laser CO2 \u0219i alte ma\u0219ini cu laser CNC.","potentialAction":[{"@type":"SearchAction","target":{"@type":"EntryPoint","urlTemplate":"https:\/\/www.bogonglazer.com\/?s={search_term_string}"},"query-input":{"@type":"PropertyValueSpecification","valueRequired":true,"valueName":"search_term_string"}}],"inLanguage":"ro-RO"}]}},"_links":{"self":[{"href":"https:\/\/www.bogonglazer.com\/ro\/wp-json\/wp\/v2\/product\/2075","targetHints":{"allow":["GET"]}}],"collection":[{"href":"https:\/\/www.bogonglazer.com\/ro\/wp-json\/wp\/v2\/product"}],"about":[{"href":"https:\/\/www.bogonglazer.com\/ro\/wp-json\/wp\/v2\/types\/product"}],"wp:featuredmedia":[{"embeddable":true,"href":"https:\/\/www.bogonglazer.com\/ro\/wp-json\/wp\/v2\/media\/2077"}],"wp:attachment":[{"href":"https:\/\/www.bogonglazer.com\/ro\/wp-json\/wp\/v2\/media?parent=2075"}],"wp:term":[{"taxonomy":"product_brand","embeddable":true,"href":"https:\/\/www.bogonglazer.com\/ro\/wp-json\/wp\/v2\/product_brand?post=2075"},{"taxonomy":"product_cat","embeddable":true,"href":"https:\/\/www.bogonglazer.com\/ro\/wp-json\/wp\/v2\/product_cat?post=2075"},{"taxonomy":"product_tag","embeddable":true,"href":"https:\/\/www.bogonglazer.com\/ro\/wp-json\/wp\/v2\/product_tag?post=2075"}],"curies":[{"name":"wp","href":"https:\/\/api.w.org\/{rel}","templated":true}]}}