{"id":2099,"date":"2024-12-04T09:34:52","date_gmt":"2024-12-04T01:34:52","guid":{"rendered":"https:\/\/bogonglaser.com\/?post_type=product&#038;p=2099"},"modified":"2024-12-04T11:18:58","modified_gmt":"2024-12-04T03:18:58","slug":"automatic-loading-laser-tube-cutting-machine","status":"publish","type":"product","link":"https:\/\/www.bogonglazer.com\/ro\/produs\/automatic-loading-laser-tube-cutting-machine\/","title":{"rendered":"Ma\u0219in\u0103 automat\u0103 de t\u0103iere a tuburilor cu laser de \u00eenc\u0103rcare"},"content":{"rendered":"<div class=\"wpb-content-wrapper\"><div class=\"vc_row wpb_row vc_row-fluid\"><div class=\"wpb_column vc_column_container vc_col-sm-12\"><div class=\"vc_column-inner\"><div class=\"wpb_wrapper\">\n\t<div class=\"wpb_text_column wpb_content_element\" >\n\t\t<div class=\"wpb_wrapper\">\n\t\t\t<p>Automatic Tube Laser Cutting Machine<\/p>\n<p>The Automatic Tube Laser Cutting Machine features a unique upper feeding structure that optimizes space efficiency.<\/p>\n<p>1. Three chucks are clamped at the same time to prevent pipe deformation.<br \/>\n2. The pipe is automatically aligned to prevent the pipe from swinging.<br \/>\n3. Can be equipped with automatic loading and unloading, saving labor<br \/>\n4. Double pulling function to realize ultra-long pipe fitting processing.<br \/>\n5. Middle floating support and follow-up blanking support<br \/>\n6. Prevent pipe sagging, auxiliary blanking, ensure cutting accuracy.<br \/>\n7. Closed dustproof design, improve the structure life<br \/>\n8. It can be equipped with a special laser cutting head to adapt to any complex pipe cutting processing<br \/>\n9. Middle card avoidance, third chuck clamping, can be converted from end to end, easy zero tail material.<\/p>\n<p>&nbsp;<\/p>\n<p><strong>Diameter of tube:<\/strong><\/p>\n<p>This machine processes pipes with diameters ranging from \u03c6 10 to \u03c6 180 for auto feeding, if upload pipe by manual, the max.diameter of laser cutter is 240mm.<\/p>\n<p>&nbsp;<\/p>\n<p>Avantaje:<\/p>\n<p>&#8211; Fast cutting speed and high efficiency ensure productivity.<br \/>\n&#8211; Safe operation with stable performance.<br \/>\n&#8211; High-quality cuts with minimal deformation, resulting in a smooth and appealing finish.<br \/>\n&#8211; Equipped with imported servo motors and guide rails for enhanced cutting precision.<br \/>\n&#8211; User-friendly software enables real-time processing of various graphics and texts, offering flexible and straightforward operation.<\/p>\n<p>&nbsp;<\/p>\n<p>Other Tube Laser Cutter:<\/p>\n<p>Offers both manual and automatic operation modes.<\/p>\n\n\t\t<\/div>\n\t<\/div>\n<\/div><\/div><\/div><\/div><div class=\"vc_row wpb_row vc_row-fluid\"><div class=\"wpb_column vc_column_container vc_col-sm-12\"><div class=\"vc_column-inner\"><div class=\"wpb_wrapper\">\n\t<div  class=\"wpb_single_image wpb_content_element vc_align_left wpb_content_element\">\n\t\t\n\t\t<figure class=\"wpb_wrapper vc_figure\">\n\t\t\t<div class=\"vc_single_image-wrapper   vc_box_border_grey\"><img loading=\"lazy\" decoding=\"async\" width=\"750\" height=\"750\" src=\"https:\/\/www.bogonglazer.com\/wp-content\/uploads\/2024\/12\/\u81ea\u52a8\u4e0a\u6599\u5207\u7ba1\u673a\u4e3b\u56fe-\u62f7\u8d1d2.jpg\" class=\"vc_single_image-img attachment-full\" alt=\"auto tube laser cutter\" title=\"\u81ea\u52a8\u4e0a\u6599\u5207\u7ba1\u673a\u4e3b\u56fe \u62f7\u8d1d2\" srcset=\"https:\/\/www.bogonglazer.com\/wp-content\/uploads\/2024\/12\/\u81ea\u52a8\u4e0a\u6599\u5207\u7ba1\u673a\u4e3b\u56fe-\u62f7\u8d1d2.jpg 750w, https:\/\/www.bogonglazer.com\/wp-content\/uploads\/2024\/12\/\u81ea\u52a8\u4e0a\u6599\u5207\u7ba1\u673a\u4e3b\u56fe-\u62f7\u8d1d2-300x300.jpg 300w, https:\/\/www.bogonglazer.com\/wp-content\/uploads\/2024\/12\/\u81ea\u52a8\u4e0a\u6599\u5207\u7ba1\u673a\u4e3b\u56fe-\u62f7\u8d1d2-150x150.jpg 150w, https:\/\/www.bogonglazer.com\/wp-content\/uploads\/2024\/12\/\u81ea\u52a8\u4e0a\u6599\u5207\u7ba1\u673a\u4e3b\u56fe-\u62f7\u8d1d2-600x600.jpg 600w, https:\/\/www.bogonglazer.com\/wp-content\/uploads\/2024\/12\/\u81ea\u52a8\u4e0a\u6599\u5207\u7ba1\u673a\u4e3b\u56fe-\u62f7\u8d1d2-100x100.jpg 100w\" sizes=\"auto, (max-width: 750px) 100vw, 750px\" \/><\/div>\n\t\t<\/figure>\n\t<\/div>\n<\/div><\/div><\/div><\/div><div class=\"vc_row wpb_row vc_row-fluid\"><div class=\"wpb_column vc_column_container vc_col-sm-12\"><div class=\"vc_column-inner\"><div class=\"wpb_wrapper\">\n\t<div class=\"wpb_text_column wpb_content_element\" >\n\t\t<div class=\"wpb_wrapper\">\n\t\t\t<div class=\"sub-header-divs\">\n<h3>Performance<\/h3>\n<\/div>\n<ul>\n<li>Laser Medium &#8211; Solid state CW 1070nm Fiber Laser<\/li>\n<li>Laser Power &#8211;\u00a0 1500W -6000W Fiber Source Options<\/li>\n<li>Power &#8211; <strong>220v Single \/\u00a0380V 3 Phase<\/strong><\/li>\n<li>Positioning accuracy &#8211; \u2264\u00b10.03mm<\/li>\n<li>Repeatability accuracy &#8211; \u2264\u00b10.02mm<\/li>\n<\/ul>\n<div class=\"sub-header-divs\">\n<h3>System<\/h3>\n<\/div>\n<ul>\n<li>Driving System &#8211; Closed Loop Servo<\/li>\n<li>Cooling Mode &#8211; Refrigerated Water<\/li>\n<\/ul>\n\n\t\t<\/div>\n\t<\/div>\n<\/div><\/div><\/div><\/div><div class=\"vc_row wpb_row vc_row-fluid\"><div class=\"wpb_column vc_column_container vc_col-sm-12\"><div class=\"vc_column-inner\"><div class=\"wpb_wrapper\">\n\t<div class=\"wpb_video_widget wpb_content_element vc_clearfix   vc_video-aspect-ratio-169 vc_video-el-width-80 vc_video-align-left\" >\n\t\t<div class=\"wpb_wrapper\">\n\t\t\t<h2 class=\"wpb_heading wpb_video_heading\">Auto tube laser cutting machine show<\/h2>\n\t\t\t<div class=\"wpb_video_wrapper\"><iframe loading=\"lazy\" title=\"Professional Fiber Laser Metal Tube Cutting Machine | Pipe Laser Cutting Machine\" width=\"500\" height=\"281\" src=\"https:\/\/www.youtube.com\/embed\/P8_Y7zygTnw?feature=oembed\" frameborder=\"0\" allow=\"accelerometer; autoplay; clipboard-write; encrypted-media; gyroscope; picture-in-picture; web-share\" referrerpolicy=\"strict-origin-when-cross-origin\" allowfullscreen><\/iframe><\/div>\n\t\t<\/div>\n\t<\/div>\n<\/div><\/div><\/div><\/div><div class=\"vc_row wpb_row vc_row-fluid\"><div class=\"wpb_column vc_column_container vc_col-sm-12\"><div class=\"vc_column-inner\"><div class=\"wpb_wrapper\">\n\t<div class=\"wpb_text_column wpb_content_element\" >\n\t\t<div class=\"wpb_wrapper\">\n\t\t\t<p>**De ce s\u0103 alege\u021bi BOGONG LASER**<\/p>\n<p>BOGONG renumit pentru calitatea sa de echipamente laser \u0219i servicii pentru servicii post-v\u00e2nzare, Ma\u0219inile noastre sunt versatile \u0219i u\u0219or de utilizat, concepute cu toate nivelurile de calificare \u00een minte. Mai presus de toate, prioritiz\u0103m satisfac\u021bia clientului. Fie c\u0103 sunte\u021bi un expert experimentat sau un \u00eencep\u0103tor, BOGONG LASER este aici pentru a v\u0103 sprijini la fiecare pas al drumului. Ave\u021bi \u00eencredere \u00een noi \u0219i \u00een serviciile noastre, unde excelen\u021ba \u0219i inova\u021bia se unesc pentru succesul dumneavoastr\u0103.<\/p>\n\n\t\t<\/div>\n\t<\/div>\n<\/div><\/div><\/div><\/div>\n<\/div>","protected":false},"excerpt":{"rendered":"<p>It is capable of processing a variety of metal materials, including &#8230; <\/p>","protected":false},"featured_media":2101,"template":"","meta":[],"product_brand":[],"product_cat":[117,92,118],"product_tag":[122,105],"class_list":{"0":"post-2099","1":"product","2":"type-product","3":"status-publish","4":"has-post-thumbnail","6":"product_cat-fiber-laser-cutting-machine","7":"product_cat-laser-cutting-machine","8":"product_cat-laser-metal-cutting-machine","9":"product_tag-auto-tube-laser-cutting-machine","10":"product_tag-fiber-laser-cutting-machine","12":"first","13":"instock","14":"shipping-taxable","15":"product-type-simple"},"yoast_head":"<!-- This site is optimized with the Yoast SEO plugin v26.7 - https:\/\/yoast.com\/wordpress\/plugins\/seo\/ -->\n<title>Automatic Loading Laser Tube Cutting Machine - BOGONG LASER\u00ae<\/title>\n<meta name=\"robots\" content=\"index, follow, max-snippet:-1, max-image-preview:large, max-video-preview:-1\" \/>\n<link rel=\"canonical\" href=\"https:\/\/www.bogonglazer.com\/ro\/produs\/automatic-loading-laser-tube-cutting-machine\/\" \/>\n<meta property=\"og:locale\" content=\"ro_RO\" \/>\n<meta property=\"og:type\" content=\"article\" \/>\n<meta property=\"og:title\" content=\"Automatic Loading Laser Tube Cutting Machine - BOGONG LASER\u00ae\" \/>\n<meta property=\"og:description\" content=\"It is capable of processing a variety of metal materials, including ...\" \/>\n<meta property=\"og:url\" content=\"https:\/\/www.bogonglazer.com\/ro\/produs\/automatic-loading-laser-tube-cutting-machine\/\" \/>\n<meta property=\"og:site_name\" content=\"BOGONG LASER\u00ae\" \/>\n<meta property=\"article:modified_time\" content=\"2024-12-04T03:18:58+00:00\" \/>\n<meta property=\"og:image\" content=\"https:\/\/www.bogonglazer.com\/wp-content\/uploads\/2024\/12\/\u81ea\u52a8\u4e0a\u6599\u5207\u7ba1\u673a\u4e3b\u56fe-\u62f7\u8d1d2.jpg\" \/>\n\t<meta property=\"og:image:width\" content=\"750\" \/>\n\t<meta property=\"og:image:height\" content=\"750\" \/>\n\t<meta property=\"og:image:type\" content=\"image\/jpeg\" \/>\n<meta name=\"twitter:card\" content=\"summary_large_image\" \/>\n<meta name=\"twitter:label1\" content=\"Timp estimat pentru citire\" \/>\n\t<meta name=\"twitter:data1\" content=\"2 minute\" \/>\n<script type=\"application\/ld+json\" class=\"yoast-schema-graph\">{\"@context\":\"https:\/\/schema.org\",\"@graph\":[{\"@type\":\"WebPage\",\"@id\":\"https:\/\/www.bogonglazer.com\/product\/automatic-loading-laser-tube-cutting-machine\/\",\"url\":\"https:\/\/www.bogonglazer.com\/product\/automatic-loading-laser-tube-cutting-machine\/\",\"name\":\"Automatic Loading Laser Tube Cutting Machine - BOGONG LASER\u00ae\",\"isPartOf\":{\"@id\":\"https:\/\/www.bogonglazer.com\/#website\"},\"primaryImageOfPage\":{\"@id\":\"https:\/\/www.bogonglazer.com\/product\/automatic-loading-laser-tube-cutting-machine\/#primaryimage\"},\"image\":{\"@id\":\"https:\/\/www.bogonglazer.com\/product\/automatic-loading-laser-tube-cutting-machine\/#primaryimage\"},\"thumbnailUrl\":\"https:\/\/www.bogonglazer.com\/wp-content\/uploads\/2024\/12\/\u81ea\u52a8\u4e0a\u6599\u5207\u7ba1\u673a\u4e3b\u56fe-\u62f7\u8d1d2.jpg\",\"datePublished\":\"2024-12-04T01:34:52+00:00\",\"dateModified\":\"2024-12-04T03:18:58+00:00\",\"breadcrumb\":{\"@id\":\"https:\/\/www.bogonglazer.com\/product\/automatic-loading-laser-tube-cutting-machine\/#breadcrumb\"},\"inLanguage\":\"ro-RO\",\"potentialAction\":[{\"@type\":\"ReadAction\",\"target\":[\"https:\/\/www.bogonglazer.com\/product\/automatic-loading-laser-tube-cutting-machine\/\"]}]},{\"@type\":\"ImageObject\",\"inLanguage\":\"ro-RO\",\"@id\":\"https:\/\/www.bogonglazer.com\/product\/automatic-loading-laser-tube-cutting-machine\/#primaryimage\",\"url\":\"https:\/\/www.bogonglazer.com\/wp-content\/uploads\/2024\/12\/\u81ea\u52a8\u4e0a\u6599\u5207\u7ba1\u673a\u4e3b\u56fe-\u62f7\u8d1d2.jpg\",\"contentUrl\":\"https:\/\/www.bogonglazer.com\/wp-content\/uploads\/2024\/12\/\u81ea\u52a8\u4e0a\u6599\u5207\u7ba1\u673a\u4e3b\u56fe-\u62f7\u8d1d2.jpg\",\"width\":750,\"height\":750,\"caption\":\"auto tube laser cutter\"},{\"@type\":\"BreadcrumbList\",\"@id\":\"https:\/\/www.bogonglazer.com\/product\/automatic-loading-laser-tube-cutting-machine\/#breadcrumb\",\"itemListElement\":[{\"@type\":\"ListItem\",\"position\":1,\"name\":\"\u9996\u9875\",\"item\":\"https:\/\/www.bogonglazer.com\/\"},{\"@type\":\"ListItem\",\"position\":2,\"name\":\"Products\",\"item\":\"https:\/\/www.bogonglazer.com\/products\/\"},{\"@type\":\"ListItem\",\"position\":3,\"name\":\"Automatic Loading Laser Tube Cutting Machine\"}]},{\"@type\":\"WebSite\",\"@id\":\"https:\/\/www.bogonglazer.com\/#website\",\"url\":\"https:\/\/www.bogonglazer.com\/\",\"name\":\"BOGONG LASER\u00ae\",\"description\":\"BOGONG\u00ae is a Professional China CNC laser machine manufacturer for fiber Laser cutting Machine, Laser Engraving Machine, Laser Cleaner, Laser Welder, CO2 laser Cutter and other CNC laser machines.\",\"potentialAction\":[{\"@type\":\"SearchAction\",\"target\":{\"@type\":\"EntryPoint\",\"urlTemplate\":\"https:\/\/www.bogonglazer.com\/?s={search_term_string}\"},\"query-input\":{\"@type\":\"PropertyValueSpecification\",\"valueRequired\":true,\"valueName\":\"search_term_string\"}}],\"inLanguage\":\"ro-RO\"}]}<\/script>\n<!-- \/ Yoast SEO plugin. -->","yoast_head_json":{"title":"Automatic Loading Laser Tube Cutting Machine - BOGONG LASER\u00ae","robots":{"index":"index","follow":"follow","max-snippet":"max-snippet:-1","max-image-preview":"max-image-preview:large","max-video-preview":"max-video-preview:-1"},"canonical":"https:\/\/www.bogonglazer.com\/ro\/produs\/automatic-loading-laser-tube-cutting-machine\/","og_locale":"ro_RO","og_type":"article","og_title":"Automatic Loading Laser Tube Cutting Machine - BOGONG LASER\u00ae","og_description":"It is capable of processing a variety of metal materials, including ...","og_url":"https:\/\/www.bogonglazer.com\/ro\/produs\/automatic-loading-laser-tube-cutting-machine\/","og_site_name":"BOGONG LASER\u00ae","article_modified_time":"2024-12-04T03:18:58+00:00","og_image":[{"width":750,"height":750,"url":"https:\/\/www.bogonglazer.com\/wp-content\/uploads\/2024\/12\/\u81ea\u52a8\u4e0a\u6599\u5207\u7ba1\u673a\u4e3b\u56fe-\u62f7\u8d1d2.jpg","type":"image\/jpeg"}],"twitter_card":"summary_large_image","twitter_misc":{"Timp estimat pentru citire":"2 minute"},"schema":{"@context":"https:\/\/schema.org","@graph":[{"@type":"WebPage","@id":"https:\/\/www.bogonglazer.com\/product\/automatic-loading-laser-tube-cutting-machine\/","url":"https:\/\/www.bogonglazer.com\/product\/automatic-loading-laser-tube-cutting-machine\/","name":"Automatic Loading Laser Tube Cutting Machine - BOGONG LASER\u00ae","isPartOf":{"@id":"https:\/\/www.bogonglazer.com\/#website"},"primaryImageOfPage":{"@id":"https:\/\/www.bogonglazer.com\/product\/automatic-loading-laser-tube-cutting-machine\/#primaryimage"},"image":{"@id":"https:\/\/www.bogonglazer.com\/product\/automatic-loading-laser-tube-cutting-machine\/#primaryimage"},"thumbnailUrl":"https:\/\/www.bogonglazer.com\/wp-content\/uploads\/2024\/12\/\u81ea\u52a8\u4e0a\u6599\u5207\u7ba1\u673a\u4e3b\u56fe-\u62f7\u8d1d2.jpg","datePublished":"2024-12-04T01:34:52+00:00","dateModified":"2024-12-04T03:18:58+00:00","breadcrumb":{"@id":"https:\/\/www.bogonglazer.com\/product\/automatic-loading-laser-tube-cutting-machine\/#breadcrumb"},"inLanguage":"ro-RO","potentialAction":[{"@type":"ReadAction","target":["https:\/\/www.bogonglazer.com\/product\/automatic-loading-laser-tube-cutting-machine\/"]}]},{"@type":"ImageObject","inLanguage":"ro-RO","@id":"https:\/\/www.bogonglazer.com\/product\/automatic-loading-laser-tube-cutting-machine\/#primaryimage","url":"https:\/\/www.bogonglazer.com\/wp-content\/uploads\/2024\/12\/\u81ea\u52a8\u4e0a\u6599\u5207\u7ba1\u673a\u4e3b\u56fe-\u62f7\u8d1d2.jpg","contentUrl":"https:\/\/www.bogonglazer.com\/wp-content\/uploads\/2024\/12\/\u81ea\u52a8\u4e0a\u6599\u5207\u7ba1\u673a\u4e3b\u56fe-\u62f7\u8d1d2.jpg","width":750,"height":750,"caption":"auto tube laser cutter"},{"@type":"BreadcrumbList","@id":"https:\/\/www.bogonglazer.com\/product\/automatic-loading-laser-tube-cutting-machine\/#breadcrumb","itemListElement":[{"@type":"ListItem","position":1,"name":"\u9996\u9875","item":"https:\/\/www.bogonglazer.com\/"},{"@type":"ListItem","position":2,"name":"Products","item":"https:\/\/www.bogonglazer.com\/products\/"},{"@type":"ListItem","position":3,"name":"Automatic Loading Laser Tube Cutting Machine"}]},{"@type":"WebSite","@id":"https:\/\/www.bogonglazer.com\/#website","url":"https:\/\/www.bogonglazer.com\/","name":"BOGONG LASER\u00ae","description":"BOGONG\u00ae este un produc\u0103tor profesionist de ma\u0219ini cu laser CNC din China pentru ma\u0219ini de t\u0103iere cu laser cu fibre, ma\u0219ini de gravur\u0103 cu laser, cur\u0103\u021b\u0103toare cu laser, aparat de sudur\u0103 cu laser, cutter cu laser CO2 \u0219i alte ma\u0219ini cu laser CNC.","potentialAction":[{"@type":"SearchAction","target":{"@type":"EntryPoint","urlTemplate":"https:\/\/www.bogonglazer.com\/?s={search_term_string}"},"query-input":{"@type":"PropertyValueSpecification","valueRequired":true,"valueName":"search_term_string"}}],"inLanguage":"ro-RO"}]}},"_links":{"self":[{"href":"https:\/\/www.bogonglazer.com\/ro\/wp-json\/wp\/v2\/product\/2099","targetHints":{"allow":["GET"]}}],"collection":[{"href":"https:\/\/www.bogonglazer.com\/ro\/wp-json\/wp\/v2\/product"}],"about":[{"href":"https:\/\/www.bogonglazer.com\/ro\/wp-json\/wp\/v2\/types\/product"}],"wp:featuredmedia":[{"embeddable":true,"href":"https:\/\/www.bogonglazer.com\/ro\/wp-json\/wp\/v2\/media\/2101"}],"wp:attachment":[{"href":"https:\/\/www.bogonglazer.com\/ro\/wp-json\/wp\/v2\/media?parent=2099"}],"wp:term":[{"taxonomy":"product_brand","embeddable":true,"href":"https:\/\/www.bogonglazer.com\/ro\/wp-json\/wp\/v2\/product_brand?post=2099"},{"taxonomy":"product_cat","embeddable":true,"href":"https:\/\/www.bogonglazer.com\/ro\/wp-json\/wp\/v2\/product_cat?post=2099"},{"taxonomy":"product_tag","embeddable":true,"href":"https:\/\/www.bogonglazer.com\/ro\/wp-json\/wp\/v2\/product_tag?post=2099"}],"curies":[{"name":"wp","href":"https:\/\/api.w.org\/{rel}","templated":true}]}}