{"id":2402,"date":"2025-02-10T15:35:22","date_gmt":"2025-02-10T07:35:22","guid":{"rendered":"https:\/\/www.bogonglaser.com\/?post_type=product&#038;p=2402"},"modified":"2025-04-08T13:43:40","modified_gmt":"2025-04-08T05:43:40","slug":"smallest-3020-fiber-laer-cutting-machine-300200mm","status":"publish","type":"product","link":"https:\/\/www.bogonglazer.com\/ro\/produs\/smallest-3020-fiber-laer-cutting-machine-300200mm\/","title":{"rendered":"Smallest 3020 Fiber Laer Cutting Machine (300*200mm)"},"content":{"rendered":"<div class=\"wpb-content-wrapper\"><div class=\"vc_row wpb_row vc_row-fluid\"><div class=\"wpb_column vc_column_container vc_col-sm-12\"><div class=\"vc_column-inner\"><div class=\"wpb_wrapper\">\n\t<div class=\"wpb_text_column wpb_content_element\" >\n\t\t<div class=\"wpb_wrapper\">\n\t\t\t<p><strong>Product Description: Bogong Smallest Fiber Laser Cutter (300 x 200 mm)<\/strong><\/p>\n<p>Introducing the Bogong Smallest Fiber Laser Cutter, engineered for precision and efficiency in metal fabrication. With a compact cutting area of 300 x 200 mm, this innovative machine is designed to deliver superior performance in a variety of applications, from small-scale production to intricate prototypes.<\/p>\n<p><strong>Key Features:<\/strong><\/p>\n<ul>\n<li><strong>Advanced Fiber Laser Technology:<\/strong> The Bogong cutter addopt high-quality fiber laser technology,\u00a0 Air cooling Laser source and Laser head, ensuring fast cutting speeds and exceptional precision. This allows for clean and accurate cuts, even on complex designs.<\/li>\n<li><strong>Compact and Space-Saving Design:<\/strong> Ideal for workshops with limited space, the compact footprint of the Bogong machine makes it the perfect solution for both hobbyists and small business operations.<\/li>\n<li><strong>User-Friendly Interface:<\/strong> Equipped with an intuitive control system, users can easily set up and operate the machine, streamlining the cutting process and enhancing productivity.<\/li>\n<li><strong>Robust Materials Compatible:<\/strong> The laser cutter is capable of processing a variety of materials, including stainless steel, carbon steel, aluminum, Silver, and more, making it a versatile addition to any manufacturing environment.<\/li>\n<li><strong>High Stability and Longevity:<\/strong> Built with high-quality components, the Bogong Smallest Fiber Laser Cutter is designed for durability and long-term performance, reducing maintenance costs and downtime.<\/li>\n<li><strong>Safety Features:<\/strong> The machine is equipped with essential safety mechanisms to ensure operator protection during operation, allowing for a secure working environment.<\/li>\n<\/ul>\n<p><strong>Applications:<\/strong> Perfectly suited for a range of applications such as electronics, signage, metal art, and automotive components, this laser cutter excels in delivering fine details and intricate designs with ease.<\/p>\n\n\t\t<\/div>\n\t<\/div>\n<\/div><\/div><\/div><\/div><div class=\"vc_row wpb_row vc_row-fluid\"><div class=\"wpb_column vc_column_container vc_col-sm-12\"><div class=\"vc_column-inner\"><div class=\"wpb_wrapper\">\n\t<div  class=\"wpb_single_image wpb_content_element vc_align_left wpb_content_element\">\n\t\t\n\t\t<figure class=\"wpb_wrapper vc_figure\">\n\t\t\t<div class=\"vc_single_image-wrapper   vc_box_border_grey\"><img loading=\"lazy\" decoding=\"async\" width=\"600\" height=\"324\" src=\"https:\/\/www.bogonglazer.com\/wp-content\/uploads\/2025\/02\/3020-cutter.jpg\" class=\"vc_single_image-img attachment-full\" alt=\"\" title=\"3020 fiber laser cutter\" srcset=\"https:\/\/www.bogonglazer.com\/wp-content\/uploads\/2025\/02\/3020-cutter.jpg 600w, https:\/\/www.bogonglazer.com\/wp-content\/uploads\/2025\/02\/3020-cutter-300x162.jpg 300w, https:\/\/www.bogonglazer.com\/wp-content\/uploads\/2025\/02\/3020-cutter-18x10.jpg 18w\" sizes=\"auto, (max-width: 600px) 100vw, 600px\" \/><\/div>\n\t\t<\/figure>\n\t<\/div>\n\n\t<div class=\"wpb_video_widget wpb_content_element vc_clearfix   vc_video-aspect-ratio-169 vc_video-el-width-100 vc_video-align-left\" >\n\t\t<div class=\"wpb_wrapper\">\n\t\t\t\n\t\t\t<div class=\"wpb_video_wrapper\"><iframe loading=\"lazy\" title=\"300*200mm Smallest Fiber Laser Cutter | Mini Fiber Laser Cutting Machine\" width=\"500\" height=\"281\" src=\"https:\/\/www.youtube.com\/embed\/mGV6xBDycsc?feature=oembed\" frameborder=\"0\" allow=\"accelerometer; autoplay; clipboard-write; encrypted-media; gyroscope; picture-in-picture; web-share\" referrerpolicy=\"strict-origin-when-cross-origin\" allowfullscreen><\/iframe><\/div>\n\t\t<\/div>\n\t<\/div>\n<\/div><\/div><\/div><\/div><div class=\"vc_row wpb_row vc_row-fluid\"><div class=\"wpb_column vc_column_container vc_col-sm-12\"><div class=\"vc_column-inner\"><div class=\"wpb_wrapper\">\n\t<div class=\"wpb_text_column wpb_content_element\" >\n\t\t<div class=\"wpb_wrapper\">\n\t\t\t<div class=\"sub-header-divs\">\n<h3>Performance<\/h3>\n<\/div>\n<ul>\n<li>Laser Medium &#8211; Solid state CW 1070nm Fiber Laser<\/li>\n<li>Laser Power &#8211;\u00a0 800W-2000W Fiber Source Options<\/li>\n<li>Power &#8211; <strong>\u00a0220V\u00a0 1 Phase<\/strong><\/li>\n<li>Positioning accuracy &#8211; \u2264\u00b10.03mm<\/li>\n<li>Repeatability accuracy &#8211; \u2264\u00b10.02mm<\/li>\n<\/ul>\n<div class=\"sub-header-divs\">\n<h3>System<\/h3>\n<\/div>\n<ul>\n<li>Driving System &#8211; Module Drive<\/li>\n<li>Cooling Mode &#8211; Air Water<\/li>\n<\/ul>\n\n\t\t<\/div>\n\t<\/div>\n\n\t<div class=\"wpb_video_widget wpb_content_element vc_clearfix   vc_video-aspect-ratio-169 vc_video-el-width-100 vc_video-align-left\" >\n\t\t<div class=\"wpb_wrapper\">\n\t\t\t\n\t\t\t<div class=\"wpb_video_wrapper\"><iframe loading=\"lazy\" title=\"Small Yet POWERFUL Laser Cutter Cuts Metal Precisely\" width=\"500\" height=\"281\" src=\"https:\/\/www.youtube.com\/embed\/5BStGlyjEOc?feature=oembed\" frameborder=\"0\" allow=\"accelerometer; autoplay; clipboard-write; encrypted-media; gyroscope; picture-in-picture; web-share\" referrerpolicy=\"strict-origin-when-cross-origin\" allowfullscreen><\/iframe><\/div>\n\t\t<\/div>\n\t<\/div>\n<\/div><\/div><\/div><\/div><div class=\"vc_row wpb_row vc_row-fluid\"><div class=\"wpb_column vc_column_container vc_col-sm-12\"><div class=\"vc_column-inner\"><div class=\"wpb_wrapper\">\n\t<div class=\"wpb_text_column wpb_content_element\" >\n\t\t<div class=\"wpb_wrapper\">\n\t\t\t<p>**De ce s\u0103 alege\u021bi BOGONG LASER**<\/p>\n<p>BOGONG renumit pentru calitatea sa de echipamente laser \u0219i servicii pentru servicii post-v\u00e2nzare, Ma\u0219inile noastre sunt versatile \u0219i u\u0219or de utilizat, concepute cu toate nivelurile de calificare \u00een minte. Mai presus de toate, prioritiz\u0103m satisfac\u021bia clientului. Fie c\u0103 sunte\u021bi un expert experimentat sau un \u00eencep\u0103tor, BOGONG LASER este aici pentru a v\u0103 sprijini la fiecare pas al drumului. Ave\u021bi \u00eencredere \u00een noi \u0219i \u00een serviciile noastre, unde excelen\u021ba \u0219i inova\u021bia se unesc pentru succesul dumneavoastr\u0103.<\/p>\n\n\t\t<\/div>\n\t<\/div>\n<\/div><\/div><\/div><\/div>\n<\/div>","protected":false},"excerpt":{"rendered":"<p>BOGONG Smallest fiber laser cutter is the most hot selling machine, &#8230; <\/p>","protected":false},"featured_media":2404,"template":"","meta":[],"product_brand":[],"product_cat":[117,92,118],"product_tag":[105,106],"class_list":{"0":"post-2402","1":"product","2":"type-product","3":"status-publish","4":"has-post-thumbnail","6":"product_cat-fiber-laser-cutting-machine","7":"product_cat-laser-cutting-machine","8":"product_cat-laser-metal-cutting-machine","9":"product_tag-fiber-laser-cutting-machine","10":"product_tag-laser-cutting-machine","12":"first","13":"instock","14":"shipping-taxable","15":"product-type-simple"},"yoast_head":"<!-- This site is optimized with the Yoast SEO plugin v26.7 - https:\/\/yoast.com\/wordpress\/plugins\/seo\/ -->\n<title>Smallest 3020 Fiber Laer Cutting Machine (300*200mm) - BOGONG LASER\u00ae<\/title>\n<meta name=\"robots\" content=\"index, follow, max-snippet:-1, max-image-preview:large, max-video-preview:-1\" \/>\n<link rel=\"canonical\" href=\"https:\/\/www.bogonglazer.com\/ro\/produs\/smallest-3020-fiber-laer-cutting-machine-300200mm\/\" \/>\n<meta property=\"og:locale\" content=\"ro_RO\" \/>\n<meta property=\"og:type\" content=\"article\" \/>\n<meta property=\"og:title\" content=\"Smallest 3020 Fiber Laer Cutting Machine (300*200mm) - BOGONG LASER\u00ae\" \/>\n<meta property=\"og:description\" content=\"BOGONG Smallest fiber laser cutter is the most hot selling machine, ...\" \/>\n<meta property=\"og:url\" content=\"https:\/\/www.bogonglazer.com\/ro\/produs\/smallest-3020-fiber-laer-cutting-machine-300200mm\/\" \/>\n<meta property=\"og:site_name\" content=\"BOGONG LASER\u00ae\" \/>\n<meta property=\"article:modified_time\" content=\"2025-04-08T05:43:40+00:00\" \/>\n<meta property=\"og:image\" content=\"https:\/\/www.bogonglazer.com\/wp-content\/uploads\/2025\/02\/3020-fiber-laser-cutter.jpg\" \/>\n\t<meta property=\"og:image:width\" content=\"600\" \/>\n\t<meta property=\"og:image:height\" content=\"600\" \/>\n\t<meta property=\"og:image:type\" content=\"image\/jpeg\" \/>\n<meta name=\"twitter:card\" content=\"summary_large_image\" \/>\n<meta name=\"twitter:label1\" content=\"Timp estimat pentru citire\" \/>\n\t<meta name=\"twitter:data1\" content=\"2 minute\" \/>\n<script type=\"application\/ld+json\" class=\"yoast-schema-graph\">{\"@context\":\"https:\/\/schema.org\",\"@graph\":[{\"@type\":\"WebPage\",\"@id\":\"https:\/\/www.bogonglazer.com\/product\/smallest-3020-fiber-laer-cutting-machine-300200mm\/\",\"url\":\"https:\/\/www.bogonglazer.com\/product\/smallest-3020-fiber-laer-cutting-machine-300200mm\/\",\"name\":\"Smallest 3020 Fiber Laer Cutting Machine (300*200mm) - BOGONG LASER\u00ae\",\"isPartOf\":{\"@id\":\"https:\/\/www.bogonglazer.com\/#website\"},\"primaryImageOfPage\":{\"@id\":\"https:\/\/www.bogonglazer.com\/product\/smallest-3020-fiber-laer-cutting-machine-300200mm\/#primaryimage\"},\"image\":{\"@id\":\"https:\/\/www.bogonglazer.com\/product\/smallest-3020-fiber-laer-cutting-machine-300200mm\/#primaryimage\"},\"thumbnailUrl\":\"https:\/\/www.bogonglazer.com\/wp-content\/uploads\/2025\/02\/3020-fiber-laser-cutter.jpg\",\"datePublished\":\"2025-02-10T07:35:22+00:00\",\"dateModified\":\"2025-04-08T05:43:40+00:00\",\"breadcrumb\":{\"@id\":\"https:\/\/www.bogonglazer.com\/product\/smallest-3020-fiber-laer-cutting-machine-300200mm\/#breadcrumb\"},\"inLanguage\":\"ro-RO\",\"potentialAction\":[{\"@type\":\"ReadAction\",\"target\":[\"https:\/\/www.bogonglazer.com\/product\/smallest-3020-fiber-laer-cutting-machine-300200mm\/\"]}]},{\"@type\":\"ImageObject\",\"inLanguage\":\"ro-RO\",\"@id\":\"https:\/\/www.bogonglazer.com\/product\/smallest-3020-fiber-laer-cutting-machine-300200mm\/#primaryimage\",\"url\":\"https:\/\/www.bogonglazer.com\/wp-content\/uploads\/2025\/02\/3020-fiber-laser-cutter.jpg\",\"contentUrl\":\"https:\/\/www.bogonglazer.com\/wp-content\/uploads\/2025\/02\/3020-fiber-laser-cutter.jpg\",\"width\":600,\"height\":600},{\"@type\":\"BreadcrumbList\",\"@id\":\"https:\/\/www.bogonglazer.com\/product\/smallest-3020-fiber-laer-cutting-machine-300200mm\/#breadcrumb\",\"itemListElement\":[{\"@type\":\"ListItem\",\"position\":1,\"name\":\"\u9996\u9875\",\"item\":\"https:\/\/www.bogonglazer.com\/\"},{\"@type\":\"ListItem\",\"position\":2,\"name\":\"Products\",\"item\":\"https:\/\/www.bogonglazer.com\/products\/\"},{\"@type\":\"ListItem\",\"position\":3,\"name\":\"Smallest 3020 Fiber Laer Cutting Machine (300*200mm)\"}]},{\"@type\":\"WebSite\",\"@id\":\"https:\/\/www.bogonglazer.com\/#website\",\"url\":\"https:\/\/www.bogonglazer.com\/\",\"name\":\"BOGONG LASER\u00ae\",\"description\":\"BOGONG\u00ae is a Professional China CNC laser machine manufacturer for fiber Laser cutting Machine, Laser Engraving Machine, Laser Cleaner, Laser Welder, CO2 laser Cutter and other CNC laser machines.\",\"potentialAction\":[{\"@type\":\"SearchAction\",\"target\":{\"@type\":\"EntryPoint\",\"urlTemplate\":\"https:\/\/www.bogonglazer.com\/?s={search_term_string}\"},\"query-input\":{\"@type\":\"PropertyValueSpecification\",\"valueRequired\":true,\"valueName\":\"search_term_string\"}}],\"inLanguage\":\"ro-RO\"}]}<\/script>\n<!-- \/ Yoast SEO plugin. -->","yoast_head_json":{"title":"Smallest 3020 Fiber Laer Cutting Machine (300*200mm) - BOGONG LASER\u00ae","robots":{"index":"index","follow":"follow","max-snippet":"max-snippet:-1","max-image-preview":"max-image-preview:large","max-video-preview":"max-video-preview:-1"},"canonical":"https:\/\/www.bogonglazer.com\/ro\/produs\/smallest-3020-fiber-laer-cutting-machine-300200mm\/","og_locale":"ro_RO","og_type":"article","og_title":"Smallest 3020 Fiber Laer Cutting Machine (300*200mm) - BOGONG LASER\u00ae","og_description":"BOGONG Smallest fiber laser cutter is the most hot selling machine, ...","og_url":"https:\/\/www.bogonglazer.com\/ro\/produs\/smallest-3020-fiber-laer-cutting-machine-300200mm\/","og_site_name":"BOGONG LASER\u00ae","article_modified_time":"2025-04-08T05:43:40+00:00","og_image":[{"width":600,"height":600,"url":"https:\/\/www.bogonglazer.com\/wp-content\/uploads\/2025\/02\/3020-fiber-laser-cutter.jpg","type":"image\/jpeg"}],"twitter_card":"summary_large_image","twitter_misc":{"Timp estimat pentru citire":"2 minute"},"schema":{"@context":"https:\/\/schema.org","@graph":[{"@type":"WebPage","@id":"https:\/\/www.bogonglazer.com\/product\/smallest-3020-fiber-laer-cutting-machine-300200mm\/","url":"https:\/\/www.bogonglazer.com\/product\/smallest-3020-fiber-laer-cutting-machine-300200mm\/","name":"Smallest 3020 Fiber Laer Cutting Machine (300*200mm) - BOGONG LASER\u00ae","isPartOf":{"@id":"https:\/\/www.bogonglazer.com\/#website"},"primaryImageOfPage":{"@id":"https:\/\/www.bogonglazer.com\/product\/smallest-3020-fiber-laer-cutting-machine-300200mm\/#primaryimage"},"image":{"@id":"https:\/\/www.bogonglazer.com\/product\/smallest-3020-fiber-laer-cutting-machine-300200mm\/#primaryimage"},"thumbnailUrl":"https:\/\/www.bogonglazer.com\/wp-content\/uploads\/2025\/02\/3020-fiber-laser-cutter.jpg","datePublished":"2025-02-10T07:35:22+00:00","dateModified":"2025-04-08T05:43:40+00:00","breadcrumb":{"@id":"https:\/\/www.bogonglazer.com\/product\/smallest-3020-fiber-laer-cutting-machine-300200mm\/#breadcrumb"},"inLanguage":"ro-RO","potentialAction":[{"@type":"ReadAction","target":["https:\/\/www.bogonglazer.com\/product\/smallest-3020-fiber-laer-cutting-machine-300200mm\/"]}]},{"@type":"ImageObject","inLanguage":"ro-RO","@id":"https:\/\/www.bogonglazer.com\/product\/smallest-3020-fiber-laer-cutting-machine-300200mm\/#primaryimage","url":"https:\/\/www.bogonglazer.com\/wp-content\/uploads\/2025\/02\/3020-fiber-laser-cutter.jpg","contentUrl":"https:\/\/www.bogonglazer.com\/wp-content\/uploads\/2025\/02\/3020-fiber-laser-cutter.jpg","width":600,"height":600},{"@type":"BreadcrumbList","@id":"https:\/\/www.bogonglazer.com\/product\/smallest-3020-fiber-laer-cutting-machine-300200mm\/#breadcrumb","itemListElement":[{"@type":"ListItem","position":1,"name":"\u9996\u9875","item":"https:\/\/www.bogonglazer.com\/"},{"@type":"ListItem","position":2,"name":"Products","item":"https:\/\/www.bogonglazer.com\/products\/"},{"@type":"ListItem","position":3,"name":"Smallest 3020 Fiber Laer Cutting Machine (300*200mm)"}]},{"@type":"WebSite","@id":"https:\/\/www.bogonglazer.com\/#website","url":"https:\/\/www.bogonglazer.com\/","name":"BOGONG LASER\u00ae","description":"BOGONG\u00ae este un produc\u0103tor profesionist de ma\u0219ini cu laser CNC din China pentru ma\u0219ini de t\u0103iere cu laser cu fibre, ma\u0219ini de gravur\u0103 cu laser, cur\u0103\u021b\u0103toare cu laser, aparat de sudur\u0103 cu laser, cutter cu laser CO2 \u0219i alte ma\u0219ini cu laser CNC.","potentialAction":[{"@type":"SearchAction","target":{"@type":"EntryPoint","urlTemplate":"https:\/\/www.bogonglazer.com\/?s={search_term_string}"},"query-input":{"@type":"PropertyValueSpecification","valueRequired":true,"valueName":"search_term_string"}}],"inLanguage":"ro-RO"}]}},"_links":{"self":[{"href":"https:\/\/www.bogonglazer.com\/ro\/wp-json\/wp\/v2\/product\/2402","targetHints":{"allow":["GET"]}}],"collection":[{"href":"https:\/\/www.bogonglazer.com\/ro\/wp-json\/wp\/v2\/product"}],"about":[{"href":"https:\/\/www.bogonglazer.com\/ro\/wp-json\/wp\/v2\/types\/product"}],"wp:featuredmedia":[{"embeddable":true,"href":"https:\/\/www.bogonglazer.com\/ro\/wp-json\/wp\/v2\/media\/2404"}],"wp:attachment":[{"href":"https:\/\/www.bogonglazer.com\/ro\/wp-json\/wp\/v2\/media?parent=2402"}],"wp:term":[{"taxonomy":"product_brand","embeddable":true,"href":"https:\/\/www.bogonglazer.com\/ro\/wp-json\/wp\/v2\/product_brand?post=2402"},{"taxonomy":"product_cat","embeddable":true,"href":"https:\/\/www.bogonglazer.com\/ro\/wp-json\/wp\/v2\/product_cat?post=2402"},{"taxonomy":"product_tag","embeddable":true,"href":"https:\/\/www.bogonglazer.com\/ro\/wp-json\/wp\/v2\/product_tag?post=2402"}],"curies":[{"name":"wp","href":"https:\/\/api.w.org\/{rel}","templated":true}]}}