{"id":1889,"date":"2024-11-21T11:05:13","date_gmt":"2024-11-21T03:05:13","guid":{"rendered":"https:\/\/bogonglaser.com\/?post_type=product&#038;p=1889"},"modified":"2024-11-22T13:25:48","modified_gmt":"2024-11-22T05:25:48","slug":"200w-popular-mini-laser-welding-machine-with-ccd","status":"publish","type":"product","link":"https:\/\/www.bogonglazer.com\/tr\/urun\/200w-popular-mini-laser-welding-machine-with-ccd\/","title":{"rendered":"CCD ile 200W Pop\u00fcler Mini Lazer Kaynak Makinesi"},"content":{"rendered":"<div class=\"wpb-content-wrapper\"><div class=\"vc_row wpb_row vc_row-fluid\"><div class=\"wpb_column vc_column_container vc_col-sm-12\"><div class=\"vc_column-inner\"><div class=\"wpb_wrapper\">\n\t<div class=\"wpb_text_column wpb_content_element\" >\n\t\t<div class=\"wpb_wrapper\">\n\t\t\t<p>The YAG jewelry laser welding machine is a specialized tool for the jewelry industry, utilizing laser technology for precise metal welding. This compact and accurate device is designed for various applications, including spot welding, piercing, repairing, re-plating, and resizing jewelry made of gold, silver, titanium, and platinum, as well as for eyeglass frames, watches, molds, dental welding, and bridging gaps in small accessories.<\/p>\n\n\t\t<\/div>\n\t<\/div>\n<\/div><\/div><\/div><\/div><div class=\"vc_row wpb_row vc_row-fluid\"><div class=\"wpb_column vc_column_container vc_col-sm-12\"><div class=\"vc_column-inner\"><div class=\"wpb_wrapper\">\n\t<div  class=\"wpb_single_image wpb_content_element vc_align_left wpb_content_element\">\n\t\t\n\t\t<figure class=\"wpb_wrapper vc_figure\">\n\t\t\t<div class=\"vc_single_image-wrapper   vc_box_border_grey\"><img loading=\"lazy\" decoding=\"async\" width=\"800\" height=\"600\" src=\"https:\/\/www.bogonglazer.com\/wp-content\/uploads\/2024\/11\/\u6a59\u767d\u73e0\u5b9d\u710a\u73b0\u573a\u62cd\u64443.png\" class=\"vc_single_image-img attachment-full\" alt=\"Jewelry laser welder\" title=\"\u6a59\u767d\u73e0\u5b9d\u710a\u73b0\u573a\u62cd\u64443\" srcset=\"https:\/\/www.bogonglazer.com\/wp-content\/uploads\/2024\/11\/\u6a59\u767d\u73e0\u5b9d\u710a\u73b0\u573a\u62cd\u64443.png 800w, https:\/\/www.bogonglazer.com\/wp-content\/uploads\/2024\/11\/\u6a59\u767d\u73e0\u5b9d\u710a\u73b0\u573a\u62cd\u64443-300x225.png 300w, https:\/\/www.bogonglazer.com\/wp-content\/uploads\/2024\/11\/\u6a59\u767d\u73e0\u5b9d\u710a\u73b0\u573a\u62cd\u64443-768x576.png 768w, https:\/\/www.bogonglazer.com\/wp-content\/uploads\/2024\/11\/\u6a59\u767d\u73e0\u5b9d\u710a\u73b0\u573a\u62cd\u64443-600x450.png 600w\" sizes=\"auto, (max-width: 800px) 100vw, 800px\" \/><\/div>\n\t\t<\/figure>\n\t<\/div>\n<\/div><\/div><\/div><\/div><div class=\"vc_row wpb_row vc_row-fluid\"><div class=\"wpb_column vc_column_container vc_col-sm-12\"><div class=\"vc_column-inner\"><div class=\"wpb_wrapper\">\n\t<div class=\"wpb_text_column wpb_content_element\" >\n\t\t<div class=\"wpb_wrapper\">\n\t\t\t<ul class=\"sisma__products--product-features sisma__typography--s1\">\n<li class=\"is-root\">Large front door operator comfort.<\/li>\n<li class=\"is-root\">Smart spot technology for sustained weld quality and consistency.<\/li>\n<li class=\"is-root\">CCD camera (optional)<\/li>\n<\/ul>\n\n\t\t<\/div>\n\t<\/div>\n<\/div><\/div><\/div><\/div><div class=\"vc_row wpb_row vc_row-fluid\"><div class=\"wpb_column vc_column_container vc_col-sm-12\"><div class=\"vc_column-inner\"><div class=\"wpb_wrapper\">\n\t<div  class=\"wpb_single_image wpb_content_element vc_align_left wpb_content_element\">\n\t\t\n\t\t<figure class=\"wpb_wrapper vc_figure\">\n\t\t\t<div class=\"vc_single_image-wrapper   vc_box_border_grey\"><img loading=\"lazy\" decoding=\"async\" width=\"800\" height=\"600\" src=\"https:\/\/www.bogonglazer.com\/wp-content\/uploads\/2024\/11\/\u6a59\u767d\u73e0\u5b9d\u710a\u73b0\u573a\u62cd\u64442.png\" class=\"vc_single_image-img attachment-full\" alt=\"jewellery laser welding machine\" title=\"\u6a59\u767d\u73e0\u5b9d\u710a\u73b0\u573a\u62cd\u64442\" srcset=\"https:\/\/www.bogonglazer.com\/wp-content\/uploads\/2024\/11\/\u6a59\u767d\u73e0\u5b9d\u710a\u73b0\u573a\u62cd\u64442.png 800w, https:\/\/www.bogonglazer.com\/wp-content\/uploads\/2024\/11\/\u6a59\u767d\u73e0\u5b9d\u710a\u73b0\u573a\u62cd\u64442-300x225.png 300w, https:\/\/www.bogonglazer.com\/wp-content\/uploads\/2024\/11\/\u6a59\u767d\u73e0\u5b9d\u710a\u73b0\u573a\u62cd\u64442-768x576.png 768w, https:\/\/www.bogonglazer.com\/wp-content\/uploads\/2024\/11\/\u6a59\u767d\u73e0\u5b9d\u710a\u73b0\u573a\u62cd\u64442-600x450.png 600w\" sizes=\"auto, (max-width: 800px) 100vw, 800px\" \/><\/div>\n\t\t<\/figure>\n\t<\/div>\n<\/div><\/div><\/div><\/div><div class=\"vc_row wpb_row vc_row-fluid\"><div class=\"wpb_column vc_column_container vc_col-sm-12\"><div class=\"vc_column-inner\"><div class=\"wpb_wrapper\">\n\t<div class=\"wpb_text_column wpb_content_element\" >\n\t\t<div class=\"wpb_wrapper\">\n\t\t\t<p>1. Delivers high welding quality with clean gaps and eliminates the need for secondary processing, significantly enhancing the pass rate of finished products.<br \/>\n2. Features high productivity with fast welding speeds and quiet operation, greatly improving efficiency and reducing welding time.<br \/>\n3. Boasts a compact and elegant design that is user-friendly and ergonomic, allowing for comfortable long-term use without fatigue.<br \/>\n4. Equipped with a 7-inch LED display available in multiple languages, including Chinese, English, Russian, and Spanish, along with a blowing protection device.<br \/>\n5. A CCD monitoring system can be integrated with a 10X microscope for enhanced precision.<br \/>\n6. Compact structure design with a built-in water tank<br \/>\n7. Offers personalized customization options to meet specific needs.<\/p>\n\n\t\t<\/div>\n\t<\/div>\n<\/div><\/div><\/div><\/div><div class=\"vc_row wpb_row vc_row-fluid\"><div class=\"wpb_column vc_column_container vc_col-sm-12\"><div class=\"vc_column-inner\"><div class=\"wpb_wrapper\">\n\t<div  class=\"wpb_single_image wpb_content_element vc_align_left wpb_content_element\">\n\t\t\n\t\t<figure class=\"wpb_wrapper vc_figure\">\n\t\t\t<div class=\"vc_single_image-wrapper   vc_box_border_grey\"><img loading=\"lazy\" decoding=\"async\" width=\"800\" height=\"600\" src=\"https:\/\/www.bogonglazer.com\/wp-content\/uploads\/2024\/11\/\u6a59\u767d\u73e0\u5b9d\u710a\u6837\u54c1\u7167\u7247.png\" class=\"vc_single_image-img attachment-full\" alt=\"jewelry laser welder\" title=\"\u6a59\u767d\u73e0\u5b9d\u710a\u6837\u54c1\u7167\u7247\" srcset=\"https:\/\/www.bogonglazer.com\/wp-content\/uploads\/2024\/11\/\u6a59\u767d\u73e0\u5b9d\u710a\u6837\u54c1\u7167\u7247.png 800w, https:\/\/www.bogonglazer.com\/wp-content\/uploads\/2024\/11\/\u6a59\u767d\u73e0\u5b9d\u710a\u6837\u54c1\u7167\u7247-300x225.png 300w, https:\/\/www.bogonglazer.com\/wp-content\/uploads\/2024\/11\/\u6a59\u767d\u73e0\u5b9d\u710a\u6837\u54c1\u7167\u7247-768x576.png 768w, https:\/\/www.bogonglazer.com\/wp-content\/uploads\/2024\/11\/\u6a59\u767d\u73e0\u5b9d\u710a\u6837\u54c1\u7167\u7247-600x450.png 600w\" sizes=\"auto, (max-width: 800px) 100vw, 800px\" \/><\/div>\n\t\t<\/figure>\n\t<\/div>\n<\/div><\/div><\/div><\/div><div class=\"vc_row wpb_row vc_row-fluid\"><div class=\"wpb_column vc_column_container vc_col-sm-12\"><div class=\"vc_column-inner\"><div class=\"wpb_wrapper\">\n\t<div class=\"wpb_video_widget wpb_content_element vc_clearfix   vc_video-aspect-ratio-169 vc_video-el-width-70 vc_video-align-left\" >\n\t\t<div class=\"wpb_wrapper\">\n\t\t\t\n\t\t\t<div class=\"wpb_video_wrapper\"><iframe loading=\"lazy\" title=\"Most Popular Mini 200W Jewelry Welding Laser Machine for Sale | Gold Silver SS laser welder\" width=\"500\" height=\"281\" src=\"https:\/\/www.youtube.com\/embed\/goD9u4uAIak?feature=oembed\" frameborder=\"0\" allow=\"accelerometer; autoplay; clipboard-write; encrypted-media; gyroscope; picture-in-picture; web-share\" referrerpolicy=\"strict-origin-when-cross-origin\" allowfullscreen><\/iframe><\/div>\n\t\t<\/div>\n\t<\/div>\n<\/div><\/div><\/div><\/div><div class=\"vc_row wpb_row vc_row-fluid\"><div class=\"wpb_column vc_column_container vc_col-sm-12\"><div class=\"vc_column-inner\"><div class=\"wpb_wrapper\">\n\t<div class=\"wpb_text_column wpb_content_element\" >\n\t\t<div class=\"wpb_wrapper\">\n\t\t\t<p><strong>Laser welding Samples<\/strong><\/p>\n\n\t\t<\/div>\n\t<\/div>\n\n\t<div  class=\"wpb_single_image wpb_content_element vc_align_left wpb_content_element\">\n\t\t\n\t\t<figure class=\"wpb_wrapper vc_figure\">\n\t\t\t<div class=\"vc_single_image-wrapper   vc_box_border_grey\"><img loading=\"lazy\" decoding=\"async\" width=\"800\" height=\"600\" src=\"https:\/\/www.bogonglazer.com\/wp-content\/uploads\/2024\/11\/\u6a59\u767d\u73e0\u5b9d\u710a\u5de5\u5382\u7167\u7247-1.png\" class=\"vc_single_image-img attachment-full\" alt=\"jewlery laser welder\" title=\"\u6a59\u767d\u73e0\u5b9d\u710a\u5de5\u5382\u7167\u7247 (1)\" srcset=\"https:\/\/www.bogonglazer.com\/wp-content\/uploads\/2024\/11\/\u6a59\u767d\u73e0\u5b9d\u710a\u5de5\u5382\u7167\u7247-1.png 800w, https:\/\/www.bogonglazer.com\/wp-content\/uploads\/2024\/11\/\u6a59\u767d\u73e0\u5b9d\u710a\u5de5\u5382\u7167\u7247-1-300x225.png 300w, https:\/\/www.bogonglazer.com\/wp-content\/uploads\/2024\/11\/\u6a59\u767d\u73e0\u5b9d\u710a\u5de5\u5382\u7167\u7247-1-768x576.png 768w, https:\/\/www.bogonglazer.com\/wp-content\/uploads\/2024\/11\/\u6a59\u767d\u73e0\u5b9d\u710a\u5de5\u5382\u7167\u7247-1-600x450.png 600w\" sizes=\"auto, (max-width: 800px) 100vw, 800px\" \/><\/div>\n\t\t<\/figure>\n\t<\/div>\n<\/div><\/div><\/div><\/div><div class=\"vc_row wpb_row vc_row-fluid\"><div class=\"wpb_column vc_column_container vc_col-sm-12\"><div class=\"vc_column-inner\"><div class=\"wpb_wrapper\">\n\t<div class=\"wpb_text_column wpb_content_element\" >\n\t\t<div class=\"wpb_wrapper\">\n\t\t\t<p><strong>Package of laser welder<\/strong><\/p>\n\n\t\t<\/div>\n\t<\/div>\n\n\t<div  class=\"wpb_single_image wpb_content_element vc_align_left wpb_content_element\">\n\t\t\n\t\t<figure class=\"wpb_wrapper vc_figure\">\n\t\t\t<div class=\"vc_single_image-wrapper   vc_box_border_grey\"><img loading=\"lazy\" decoding=\"async\" width=\"800\" height=\"276\" src=\"https:\/\/www.bogonglazer.com\/wp-content\/uploads\/2024\/11\/LASER-WELDER-JEWELRY.jpg\" class=\"vc_single_image-img attachment-full\" alt=\"\" title=\"LASER WELDER JEWELRY\" srcset=\"https:\/\/www.bogonglazer.com\/wp-content\/uploads\/2024\/11\/LASER-WELDER-JEWELRY.jpg 800w, https:\/\/www.bogonglazer.com\/wp-content\/uploads\/2024\/11\/LASER-WELDER-JEWELRY-300x104.jpg 300w, https:\/\/www.bogonglazer.com\/wp-content\/uploads\/2024\/11\/LASER-WELDER-JEWELRY-768x265.jpg 768w, https:\/\/www.bogonglazer.com\/wp-content\/uploads\/2024\/11\/LASER-WELDER-JEWELRY-600x207.jpg 600w\" sizes=\"auto, (max-width: 800px) 100vw, 800px\" \/><\/div>\n\t\t<\/figure>\n\t<\/div>\n<\/div><\/div><\/div><\/div><div class=\"vc_row wpb_row vc_row-fluid\"><div class=\"wpb_column vc_column_container vc_col-sm-12\"><div class=\"vc_column-inner\"><div class=\"wpb_wrapper\">\n\t<div class=\"wpb_text_column wpb_content_element\" >\n\t\t<div class=\"wpb_wrapper\">\n\t\t\t<p>**Why Choose BOGONG LASER**<\/p>\n<p>BOGONG famous for it&#8217;s quality of laser equipment and service for aftersale service, Our machines are versatile and user-friendly, designed with all skill levels in mind. Above all, we prioritize customer satisfaction. Whether you&#8217;re a seasoned expert or a beginner, BOGONG LASER is here to support you every step of the way. Trust us and our service, where excellence and innovation come together for your success.<\/p>\n\n\t\t<\/div>\n\t<\/div>\n<\/div><\/div><\/div><\/div>\n<\/div>","protected":false},"excerpt":{"rendered":"<h1>Hot Selling Jewellery Laser Welding Machine<\/h1>\n<p>This Mini 200W Jewellery with CCD &#8230; <\/p>","protected":false},"featured_media":1898,"template":"","meta":[],"product_brand":[],"product_cat":[116],"product_tag":[114,113,107],"class_list":{"0":"post-1889","1":"product","2":"type-product","3":"status-publish","4":"has-post-thumbnail","6":"product_cat-jewelry-laser-welder","7":"product_tag-gold-siver-laser-welder","8":"product_tag-jewelry-laser-welder","9":"product_tag-laser-welding-machine","11":"first","12":"instock","13":"shipping-taxable","14":"product-type-simple"},"yoast_head":"<!-- This site is optimized with the Yoast SEO plugin v26.7 - https:\/\/yoast.com\/wordpress\/plugins\/seo\/ -->\n<title>200W Popular Mini Laser Welding Machine with CCD - BOGONG LASER\u00ae<\/title>\n<meta name=\"robots\" content=\"index, follow, max-snippet:-1, max-image-preview:large, max-video-preview:-1\" \/>\n<link rel=\"canonical\" href=\"https:\/\/www.bogonglazer.com\/tr\/urun\/200w-popular-mini-laser-welding-machine-with-ccd\/\" \/>\n<meta property=\"og:locale\" content=\"tr_TR\" \/>\n<meta property=\"og:type\" content=\"article\" \/>\n<meta property=\"og:title\" content=\"200W Popular Mini Laser Welding Machine with CCD - BOGONG LASER\u00ae\" \/>\n<meta property=\"og:description\" content=\"Hot Selling Jewellery Laser Welding Machine This Mini 200W Jewellery with CCD ...\" \/>\n<meta property=\"og:url\" content=\"https:\/\/www.bogonglazer.com\/tr\/urun\/200w-popular-mini-laser-welding-machine-with-ccd\/\" \/>\n<meta property=\"og:site_name\" content=\"BOGONG LASER\u00ae\" \/>\n<meta property=\"article:modified_time\" content=\"2024-11-22T05:25:48+00:00\" \/>\n<meta property=\"og:image\" content=\"https:\/\/www.bogonglazer.com\/wp-content\/uploads\/2024\/11\/\u6a59\u767d\u73e0\u5b9d\u710a2.png\" \/>\n\t<meta property=\"og:image:width\" content=\"600\" \/>\n\t<meta property=\"og:image:height\" content=\"600\" \/>\n\t<meta property=\"og:image:type\" content=\"image\/png\" \/>\n<meta name=\"twitter:card\" content=\"summary_large_image\" \/>\n<meta name=\"twitter:label1\" content=\"Tahmini okuma s\u00fcresi\" \/>\n\t<meta name=\"twitter:data1\" content=\"2 dakika\" \/>\n<script type=\"application\/ld+json\" class=\"yoast-schema-graph\">{\"@context\":\"https:\/\/schema.org\",\"@graph\":[{\"@type\":\"WebPage\",\"@id\":\"https:\/\/www.bogonglazer.com\/product\/200w-popular-mini-laser-welding-machine-with-ccd\/\",\"url\":\"https:\/\/www.bogonglazer.com\/product\/200w-popular-mini-laser-welding-machine-with-ccd\/\",\"name\":\"200W Popular Mini Laser Welding Machine with CCD - BOGONG LASER\u00ae\",\"isPartOf\":{\"@id\":\"https:\/\/www.bogonglazer.com\/#website\"},\"primaryImageOfPage\":{\"@id\":\"https:\/\/www.bogonglazer.com\/product\/200w-popular-mini-laser-welding-machine-with-ccd\/#primaryimage\"},\"image\":{\"@id\":\"https:\/\/www.bogonglazer.com\/product\/200w-popular-mini-laser-welding-machine-with-ccd\/#primaryimage\"},\"thumbnailUrl\":\"https:\/\/www.bogonglazer.com\/wp-content\/uploads\/2024\/11\/\u6a59\u767d\u73e0\u5b9d\u710a2.png\",\"datePublished\":\"2024-11-21T03:05:13+00:00\",\"dateModified\":\"2024-11-22T05:25:48+00:00\",\"breadcrumb\":{\"@id\":\"https:\/\/www.bogonglazer.com\/product\/200w-popular-mini-laser-welding-machine-with-ccd\/#breadcrumb\"},\"inLanguage\":\"tr\",\"potentialAction\":[{\"@type\":\"ReadAction\",\"target\":[\"https:\/\/www.bogonglazer.com\/product\/200w-popular-mini-laser-welding-machine-with-ccd\/\"]}]},{\"@type\":\"ImageObject\",\"inLanguage\":\"tr\",\"@id\":\"https:\/\/www.bogonglazer.com\/product\/200w-popular-mini-laser-welding-machine-with-ccd\/#primaryimage\",\"url\":\"https:\/\/www.bogonglazer.com\/wp-content\/uploads\/2024\/11\/\u6a59\u767d\u73e0\u5b9d\u710a2.png\",\"contentUrl\":\"https:\/\/www.bogonglazer.com\/wp-content\/uploads\/2024\/11\/\u6a59\u767d\u73e0\u5b9d\u710a2.png\",\"width\":600,\"height\":600},{\"@type\":\"BreadcrumbList\",\"@id\":\"https:\/\/www.bogonglazer.com\/product\/200w-popular-mini-laser-welding-machine-with-ccd\/#breadcrumb\",\"itemListElement\":[{\"@type\":\"ListItem\",\"position\":1,\"name\":\"\u9996\u9875\",\"item\":\"https:\/\/www.bogonglazer.com\/\"},{\"@type\":\"ListItem\",\"position\":2,\"name\":\"Products\",\"item\":\"https:\/\/www.bogonglazer.com\/products\/\"},{\"@type\":\"ListItem\",\"position\":3,\"name\":\"200W Popular Mini Laser Welding Machine with CCD\"}]},{\"@type\":\"WebSite\",\"@id\":\"https:\/\/www.bogonglazer.com\/#website\",\"url\":\"https:\/\/www.bogonglazer.com\/\",\"name\":\"BOGONG LASER\u00ae\",\"description\":\"BOGONG\u00ae is a Professional China CNC laser machine manufacturer for fiber Laser cutting Machine, Laser Engraving Machine, Laser Cleaner, Laser Welder, CO2 laser Cutter and other CNC laser machines.\",\"potentialAction\":[{\"@type\":\"SearchAction\",\"target\":{\"@type\":\"EntryPoint\",\"urlTemplate\":\"https:\/\/www.bogonglazer.com\/?s={search_term_string}\"},\"query-input\":{\"@type\":\"PropertyValueSpecification\",\"valueRequired\":true,\"valueName\":\"search_term_string\"}}],\"inLanguage\":\"tr\"}]}<\/script>\n<!-- \/ Yoast SEO plugin. -->","yoast_head_json":{"title":"200W Popular Mini Laser Welding Machine with CCD - BOGONG LASER\u00ae","robots":{"index":"index","follow":"follow","max-snippet":"max-snippet:-1","max-image-preview":"max-image-preview:large","max-video-preview":"max-video-preview:-1"},"canonical":"https:\/\/www.bogonglazer.com\/tr\/urun\/200w-popular-mini-laser-welding-machine-with-ccd\/","og_locale":"tr_TR","og_type":"article","og_title":"200W Popular Mini Laser Welding Machine with CCD - BOGONG LASER\u00ae","og_description":"Hot Selling Jewellery Laser Welding Machine This Mini 200W Jewellery with CCD ...","og_url":"https:\/\/www.bogonglazer.com\/tr\/urun\/200w-popular-mini-laser-welding-machine-with-ccd\/","og_site_name":"BOGONG LASER\u00ae","article_modified_time":"2024-11-22T05:25:48+00:00","og_image":[{"width":600,"height":600,"url":"https:\/\/www.bogonglazer.com\/wp-content\/uploads\/2024\/11\/\u6a59\u767d\u73e0\u5b9d\u710a2.png","type":"image\/png"}],"twitter_card":"summary_large_image","twitter_misc":{"Tahmini okuma s\u00fcresi":"2 dakika"},"schema":{"@context":"https:\/\/schema.org","@graph":[{"@type":"WebPage","@id":"https:\/\/www.bogonglazer.com\/product\/200w-popular-mini-laser-welding-machine-with-ccd\/","url":"https:\/\/www.bogonglazer.com\/product\/200w-popular-mini-laser-welding-machine-with-ccd\/","name":"200W Popular Mini Laser Welding Machine with CCD - BOGONG LASER\u00ae","isPartOf":{"@id":"https:\/\/www.bogonglazer.com\/#website"},"primaryImageOfPage":{"@id":"https:\/\/www.bogonglazer.com\/product\/200w-popular-mini-laser-welding-machine-with-ccd\/#primaryimage"},"image":{"@id":"https:\/\/www.bogonglazer.com\/product\/200w-popular-mini-laser-welding-machine-with-ccd\/#primaryimage"},"thumbnailUrl":"https:\/\/www.bogonglazer.com\/wp-content\/uploads\/2024\/11\/\u6a59\u767d\u73e0\u5b9d\u710a2.png","datePublished":"2024-11-21T03:05:13+00:00","dateModified":"2024-11-22T05:25:48+00:00","breadcrumb":{"@id":"https:\/\/www.bogonglazer.com\/product\/200w-popular-mini-laser-welding-machine-with-ccd\/#breadcrumb"},"inLanguage":"tr","potentialAction":[{"@type":"ReadAction","target":["https:\/\/www.bogonglazer.com\/product\/200w-popular-mini-laser-welding-machine-with-ccd\/"]}]},{"@type":"ImageObject","inLanguage":"tr","@id":"https:\/\/www.bogonglazer.com\/product\/200w-popular-mini-laser-welding-machine-with-ccd\/#primaryimage","url":"https:\/\/www.bogonglazer.com\/wp-content\/uploads\/2024\/11\/\u6a59\u767d\u73e0\u5b9d\u710a2.png","contentUrl":"https:\/\/www.bogonglazer.com\/wp-content\/uploads\/2024\/11\/\u6a59\u767d\u73e0\u5b9d\u710a2.png","width":600,"height":600},{"@type":"BreadcrumbList","@id":"https:\/\/www.bogonglazer.com\/product\/200w-popular-mini-laser-welding-machine-with-ccd\/#breadcrumb","itemListElement":[{"@type":"ListItem","position":1,"name":"\u9996\u9875","item":"https:\/\/www.bogonglazer.com\/"},{"@type":"ListItem","position":2,"name":"Products","item":"https:\/\/www.bogonglazer.com\/products\/"},{"@type":"ListItem","position":3,"name":"200W Popular Mini Laser Welding Machine with CCD"}]},{"@type":"WebSite","@id":"https:\/\/www.bogonglazer.com\/#website","url":"https:\/\/www.bogonglazer.com\/","name":"BOGONG LASER\u00ae","description":"BOGONG\u00ae, fiber Lazer kesim Makinesi, Lazer Grav\u00fcr Makinesi, Lazer Temizleyici, Lazer Kaynak\u00e7\u0131, CO2 lazer Kesici ve di\u011fer CNC lazer makineleri i\u00e7in Profesyonel bir \u00c7in CNC lazer makinesi \u00fcreticisidir.","potentialAction":[{"@type":"SearchAction","target":{"@type":"EntryPoint","urlTemplate":"https:\/\/www.bogonglazer.com\/?s={search_term_string}"},"query-input":{"@type":"PropertyValueSpecification","valueRequired":true,"valueName":"search_term_string"}}],"inLanguage":"tr"}]}},"_links":{"self":[{"href":"https:\/\/www.bogonglazer.com\/tr\/wp-json\/wp\/v2\/product\/1889","targetHints":{"allow":["GET"]}}],"collection":[{"href":"https:\/\/www.bogonglazer.com\/tr\/wp-json\/wp\/v2\/product"}],"about":[{"href":"https:\/\/www.bogonglazer.com\/tr\/wp-json\/wp\/v2\/types\/product"}],"wp:featuredmedia":[{"embeddable":true,"href":"https:\/\/www.bogonglazer.com\/tr\/wp-json\/wp\/v2\/media\/1898"}],"wp:attachment":[{"href":"https:\/\/www.bogonglazer.com\/tr\/wp-json\/wp\/v2\/media?parent=1889"}],"wp:term":[{"taxonomy":"product_brand","embeddable":true,"href":"https:\/\/www.bogonglazer.com\/tr\/wp-json\/wp\/v2\/product_brand?post=1889"},{"taxonomy":"product_cat","embeddable":true,"href":"https:\/\/www.bogonglazer.com\/tr\/wp-json\/wp\/v2\/product_cat?post=1889"},{"taxonomy":"product_tag","embeddable":true,"href":"https:\/\/www.bogonglazer.com\/tr\/wp-json\/wp\/v2\/product_tag?post=1889"}],"curies":[{"name":"wp","href":"https:\/\/api.w.org\/{rel}","templated":true}]}}